{"id":61603,"date":"2025-03-27T17:43:57","date_gmt":"2025-03-27T16:43:57","guid":{"rendered":"http:\/\/www.libraria-occitana.org\/?post_type=product&#038;p=61603"},"modified":"2026-04-25T08:01:09","modified_gmt":"2026-04-25T06:01:09","slug":"crocants-los-insurgents-del-roergue-1643","status":"publish","type":"product","link":"https:\/\/www.libraria-occitana.org\/en\/product\/crocants-los-insurgents-del-roergue-1643\/","title":{"rendered":"&#8220;Crocants !&#8221; : Los insurgents del Ro\u00e8rgue, 1643"},"content":{"rendered":"<p>Traduction en occitan (languedocien) de la BD en fran\u00e7ais de Juliette Vaast.<\/p>\n<p>Comment Jean Petit, Lafourque et Lapaille, \u00e0 la t\u00eate de 14 000 croquants en armes, ont failli d\u00e9clencher la r\u00e9volution fran\u00e7aise en 1643, dans les provinces m\u00e9ridionales du Royaume de France.<\/p>\n","protected":false},"excerpt":{"rendered":"<p>Traduction en occitan (languedocien) de la BD en fran\u00e7ais de Juliette Vaast. Comment Jean Petit, Lafourque et Lapaille, \u00e0 la t\u00eate de 14 000 croquants en armes, ont failli d\u00e9clencher la r\u00e9volution fran\u00e7aise en 1643, dans les provinces m\u00e9ridionales du Royaume de France.<\/p>\n","protected":false},"featured_media":61606,"template":"","meta":{"_acf_changed":false,"_genesis_hide_title":false,"_genesis_hide_breadcrumbs":false,"_genesis_hide_singular_image":false,"_genesis_hide_footer_widgets":false,"_genesis_custom_body_class":"","_genesis_custom_post_class":"","_genesis_layout":""},"product_brand":[],"product_cat":[7132,7168,7164],"product_tag":[],"class_list":{"0":"post-61603","1":"product","2":"type-product","3":"status-publish","4":"has-post-thumbnail","6":"product_cat-books","7":"product_cat-comics-en","8":"product_cat-juvenile-and-teen-comics-humour-en","9":"pa_auteur-vaast-juliette-en","10":"pa_illustrateur-delperie-saurel-herminie-en","11":"pa_illustrateur-pailhasse-colette-en","12":"pa_langue-occitan-en","13":"pa_langue-occitan-lengadocian-en","14":"entry","16":"first","17":"outofstock","18":"shipping-taxable","19":"purchasable","20":"product-type-simple"},"acf":[],"_links":{"self":[{"href":"https:\/\/www.libraria-occitana.org\/en\/wp-json\/wp\/v2\/product\/61603","targetHints":{"allow":["GET"]}}],"collection":[{"href":"https:\/\/www.libraria-occitana.org\/en\/wp-json\/wp\/v2\/product"}],"about":[{"href":"https:\/\/www.libraria-occitana.org\/en\/wp-json\/wp\/v2\/types\/product"}],"wp:featuredmedia":[{"embeddable":true,"href":"https:\/\/www.libraria-occitana.org\/en\/wp-json\/wp\/v2\/media\/61606"}],"wp:attachment":[{"href":"https:\/\/www.libraria-occitana.org\/en\/wp-json\/wp\/v2\/media?parent=61603"}],"wp:term":[{"taxonomy":"product_brand","embeddable":true,"href":"https:\/\/www.libraria-occitana.org\/en\/wp-json\/wp\/v2\/product_brand?post=61603"},{"taxonomy":"product_cat","embeddable":true,"href":"https:\/\/www.libraria-occitana.org\/en\/wp-json\/wp\/v2\/product_cat?post=61603"},{"taxonomy":"product_tag","embeddable":true,"href":"https:\/\/www.libraria-occitana.org\/en\/wp-json\/wp\/v2\/product_tag?post=61603"}],"curies":[{"name":"wp","href":"https:\/\/api.w.org\/{rel}","templated":true}]}}