{"id":61648,"date":"2025-04-08T17:03:53","date_gmt":"2025-04-08T15:03:53","guid":{"rendered":"http:\/\/www.libraria-occitana.org\/product\/lorphelin-de-gentioux-reve-de-paix\/"},"modified":"2026-04-17T01:12:06","modified_gmt":"2026-04-16T23:12:06","slug":"lorphelin-de-gentioux-reve-de-paix","status":"publish","type":"product","link":"https:\/\/www.libraria-occitana.org\/en\/product\/lorphelin-de-gentioux-reve-de-paix\/","title":{"rendered":"L&#8217;Orphelin de Gentioux : R\u00eave de paix"},"content":{"rendered":"<p>L\u2019Orphelin de Gentioux est la statue embl\u00e9matique d\u2019un des monuments pacifistes les plus fameux, celui de Gentioux, dans la Creuse qui, depuis plus d\u2019un si\u00e8cle, proclame : \u00ab Maudite soit la guerre \u00bb.<\/p>\n<p>Le monument a \u00e9t\u00e9 \u00e9rig\u00e9 en 1923. \u00c0 l\u2019occasion de son centenaire, plusieurs \u00e9v\u00e9nements ont \u00e9t\u00e9 organis\u00e9s parmi lesquels un concours d\u2019\u00e9criture. Le th\u00e8me ? Des lettre \u00e9crites \u00e0 l\u2019Orphelin. Ainsi est n\u00e9e l\u2019id\u00e9e d\u2019en rassembler quelques-unes dans un livre.<\/p>\n<p>Mais ce cadre \u00e9tait trop \u00e9troit pour un tel monument. Tr\u00e8s vite est venue l\u2019envie d\u2019aller plus loin. De mieux conna\u00eetre son histoire. De multiplier aussi les points de vue. Car il parle \u00e0 chacune et chacun d\u2019entre nous. Que dit-il ? \u00c0 qui appartient-il ? \u00c0 personne ? \u00c0 tout le monde ?<\/p>\n<p>D\u2019o\u00f9 ce livre \u00ab polyphonique \u00bb, multipliant les approches, comme on tourne autour d\u2019une statue et que celle-ci offre \u00e0 chaque pas une image diff\u00e9rente.<\/p>\n","protected":false},"excerpt":{"rendered":"<p>L\u2019Orphelin de Gentioux est la statue embl\u00e9matique d\u2019un des monuments pacifistes les plus fameux, celui de Gentioux, dans la Creuse qui, depuis plus d\u2019un si\u00e8cle, proclame : \u00ab Maudite soit la guerre \u00bb. Le monument a \u00e9t\u00e9 \u00e9rig\u00e9 en 1923. \u00c0 l\u2019occasion de son centenaire, plusieurs \u00e9v\u00e9nements ont \u00e9t\u00e9 organis\u00e9s parmi lesquels un concours d\u2019\u00e9criture. [&hellip;]<\/p>\n","protected":false},"featured_media":61646,"template":"","meta":{"_acf_changed":false,"_genesis_hide_title":false,"_genesis_hide_breadcrumbs":false,"_genesis_hide_singular_image":false,"_genesis_hide_footer_widgets":false,"_genesis_custom_body_class":"","_genesis_custom_post_class":"","_genesis_layout":""},"product_brand":[],"product_cat":[7132,7148,7158],"product_tag":[],"class_list":{"0":"post-61648","1":"product","2":"type-product","3":"status-publish","4":"has-post-thumbnail","6":"product_cat-books","7":"product_cat-history-geography-en","8":"product_cat-modern-and-contemporary-history-en","9":"pa_auteur-collectiu-en-2","10":"pa_auteur-lebailly-michel-en","11":"pa_editeur-la-deviation-en","12":"pa_langue-francais-en","13":"entry","15":"first","16":"instock","17":"shipping-taxable","18":"purchasable","19":"product-type-simple"},"acf":[],"_links":{"self":[{"href":"https:\/\/www.libraria-occitana.org\/en\/wp-json\/wp\/v2\/product\/61648","targetHints":{"allow":["GET"]}}],"collection":[{"href":"https:\/\/www.libraria-occitana.org\/en\/wp-json\/wp\/v2\/product"}],"about":[{"href":"https:\/\/www.libraria-occitana.org\/en\/wp-json\/wp\/v2\/types\/product"}],"wp:featuredmedia":[{"embeddable":true,"href":"https:\/\/www.libraria-occitana.org\/en\/wp-json\/wp\/v2\/media\/61646"}],"wp:attachment":[{"href":"https:\/\/www.libraria-occitana.org\/en\/wp-json\/wp\/v2\/media?parent=61648"}],"wp:term":[{"taxonomy":"product_brand","embeddable":true,"href":"https:\/\/www.libraria-occitana.org\/en\/wp-json\/wp\/v2\/product_brand?post=61648"},{"taxonomy":"product_cat","embeddable":true,"href":"https:\/\/www.libraria-occitana.org\/en\/wp-json\/wp\/v2\/product_cat?post=61648"},{"taxonomy":"product_tag","embeddable":true,"href":"https:\/\/www.libraria-occitana.org\/en\/wp-json\/wp\/v2\/product_tag?post=61648"}],"curies":[{"name":"wp","href":"https:\/\/api.w.org\/{rel}","templated":true}]}}