{"id":61662,"date":"2025-04-08T18:07:42","date_gmt":"2025-04-08T16:07:42","guid":{"rendered":"http:\/\/www.libraria-occitana.org\/?post_type=product&#038;p=61662"},"modified":"2026-04-26T05:32:01","modified_gmt":"2026-04-26T03:32:01","slug":"juoc-de-las-set-familhas-occitan-frances-lengadocian","status":"publish","type":"product","link":"https:\/\/www.libraria-occitana.org\/en\/product\/juoc-de-las-set-familhas-occitan-frances-lengadocian\/","title":{"rendered":"Ju\u00f2c de las set familhas occitan-franc\u00e9s (lengadocian)"},"content":{"rendered":"<p>Sur chaque carte illustr\u00e9e de ce jeu des sept familles, figure le nom en occitan languedocien, la prononciation et la traduction en fran\u00e7ais. Des familles d&#8217;animaux de la ferme, d&#8217;Afrique, domestiques, familiers, des for\u00eats, de l&#8217;eau et des airs.<\/p>\n","protected":false},"excerpt":{"rendered":"<p>Sur chaque carte illustr\u00e9e de ce jeu des sept familles, figure le nom en occitan languedocien, la prononciation et la traduction en fran\u00e7ais. Des familles d&#8217;animaux de la ferme, d&#8217;Afrique, domestiques, familiers, des for\u00eats, de l&#8217;eau et des airs.<\/p>\n","protected":false},"featured_media":61655,"template":"","meta":{"_acf_changed":false,"_genesis_hide_title":false,"_genesis_hide_breadcrumbs":false,"_genesis_hide_singular_image":false,"_genesis_hide_footer_widgets":false,"_genesis_custom_body_class":"","_genesis_custom_post_class":"","_genesis_layout":""},"product_brand":[],"product_cat":[7130],"product_tag":[],"class_list":{"0":"post-61662","1":"product","2":"type-product","3":"status-publish","4":"has-post-thumbnail","6":"product_cat-other-en","7":"pa_editeur-lo-bornat-dau-perigord-en","8":"pa_langue-occitan-lengadocian-en","9":"pa_langue-occitan-francais-en","10":"entry","12":"first","13":"instock","14":"shipping-taxable","15":"purchasable","16":"product-type-simple"},"acf":[],"_links":{"self":[{"href":"https:\/\/www.libraria-occitana.org\/en\/wp-json\/wp\/v2\/product\/61662","targetHints":{"allow":["GET"]}}],"collection":[{"href":"https:\/\/www.libraria-occitana.org\/en\/wp-json\/wp\/v2\/product"}],"about":[{"href":"https:\/\/www.libraria-occitana.org\/en\/wp-json\/wp\/v2\/types\/product"}],"wp:featuredmedia":[{"embeddable":true,"href":"https:\/\/www.libraria-occitana.org\/en\/wp-json\/wp\/v2\/media\/61655"}],"wp:attachment":[{"href":"https:\/\/www.libraria-occitana.org\/en\/wp-json\/wp\/v2\/media?parent=61662"}],"wp:term":[{"taxonomy":"product_brand","embeddable":true,"href":"https:\/\/www.libraria-occitana.org\/en\/wp-json\/wp\/v2\/product_brand?post=61662"},{"taxonomy":"product_cat","embeddable":true,"href":"https:\/\/www.libraria-occitana.org\/en\/wp-json\/wp\/v2\/product_cat?post=61662"},{"taxonomy":"product_tag","embeddable":true,"href":"https:\/\/www.libraria-occitana.org\/en\/wp-json\/wp\/v2\/product_tag?post=61662"}],"curies":[{"name":"wp","href":"https:\/\/api.w.org\/{rel}","templated":true}]}}