{"id":61666,"date":"2025-04-08T20:12:18","date_gmt":"2025-04-08T18:12:18","guid":{"rendered":"http:\/\/www.libraria-occitana.org\/?post_type=product&#038;p=61666"},"modified":"2026-04-29T01:31:55","modified_gmt":"2026-04-28T23:31:55","slug":"flors-salvatjas-de-perigord-tome-1-amigas-mespresadas-fleurs-sauvages-du-perigord-tome-1-amies-meprisees","status":"publish","type":"product","link":"https:\/\/www.libraria-occitana.org\/en\/product\/flors-salvatjas-de-perigord-tome-1-amigas-mespresadas-fleurs-sauvages-du-perigord-tome-1-amies-meprisees\/","title":{"rendered":"Flors salvatjas de Perig\u00f2rd T\u00f2me 1 : Amigas mespresadas &#8211; Fleurs sauvages du P\u00e9rigord Tome 1 : Amies m\u00e9pris\u00e9es"},"content":{"rendered":"<p>Trop souvent, quand nous parcourons les chemins, pr\u00e9occup\u00e9s par la mesure du temps et le comptage des pas, nous passons tout pr\u00e8s d\u2019elles sans m\u00eame les voir. Pourtant, elles sont l\u00e0, \u00e9tonnantes et myst\u00e9rieuses ! Compagnes silencieuses, avec leurs fleurs, elles constituent un d\u00e9cor incomparable. Cette s\u00e9rie d\u2019ouvrages vous invite \u00e0 les d\u00e9couvrir&#8230;<\/p>\n<p>De nos jours, notre vie citadine nous \u00e9loigne de la nature. Sans ces sauvageonnes, que serait notre existence ? Je vous convie maintenant \u00e0 les rencontrer.<\/p>\n<p>Le tome 1 pr\u00e9sente les 8 familles suivantes : Adoxac\u00e9es, Haloragac\u00e9es, Amarantac\u00e9es, Apiac\u00e9es, Apocinac\u00e9es, Araliac\u00e9es, Aristoloquiac\u00e9es et Asclepiadac\u00e9es.<\/p>\n","protected":false},"excerpt":{"rendered":"<p>Trop souvent, quand nous parcourons les chemins, pr\u00e9occup\u00e9s par la mesure du temps et le comptage des pas, nous passons tout pr\u00e8s d\u2019elles sans m\u00eame les voir. Pourtant, elles sont l\u00e0, \u00e9tonnantes et myst\u00e9rieuses ! Compagnes silencieuses, avec leurs fleurs, elles constituent un d\u00e9cor incomparable. Cette s\u00e9rie d\u2019ouvrages vous invite \u00e0 les d\u00e9couvrir&#8230; De nos [&hellip;]<\/p>\n","protected":false},"featured_media":61675,"template":"","meta":{"_acf_changed":false,"_genesis_hide_title":false,"_genesis_hide_breadcrumbs":false,"_genesis_hide_singular_image":false,"_genesis_hide_footer_widgets":false,"_genesis_custom_body_class":"","_genesis_custom_post_class":"","_genesis_layout":""},"product_brand":[],"product_cat":[7132,7200,7196],"product_tag":[],"class_list":{"0":"post-61666","1":"product","2":"type-product","3":"status-publish","4":"has-post-thumbnail","6":"product_cat-books","7":"product_cat-nature-gardening-en","8":"product_cat-nature-tourism-en","9":"pa_auteur-orazio-joan-lois-en","10":"pa_editeur-ieo-perigord-novelum-en","11":"pa_langue-occitan-lengadocian-en","12":"pa_langue-occitan-francais-en","13":"entry","15":"first","16":"instock","17":"shipping-taxable","18":"purchasable","19":"product-type-simple"},"acf":[],"_links":{"self":[{"href":"https:\/\/www.libraria-occitana.org\/en\/wp-json\/wp\/v2\/product\/61666","targetHints":{"allow":["GET"]}}],"collection":[{"href":"https:\/\/www.libraria-occitana.org\/en\/wp-json\/wp\/v2\/product"}],"about":[{"href":"https:\/\/www.libraria-occitana.org\/en\/wp-json\/wp\/v2\/types\/product"}],"wp:featuredmedia":[{"embeddable":true,"href":"https:\/\/www.libraria-occitana.org\/en\/wp-json\/wp\/v2\/media\/61675"}],"wp:attachment":[{"href":"https:\/\/www.libraria-occitana.org\/en\/wp-json\/wp\/v2\/media?parent=61666"}],"wp:term":[{"taxonomy":"product_brand","embeddable":true,"href":"https:\/\/www.libraria-occitana.org\/en\/wp-json\/wp\/v2\/product_brand?post=61666"},{"taxonomy":"product_cat","embeddable":true,"href":"https:\/\/www.libraria-occitana.org\/en\/wp-json\/wp\/v2\/product_cat?post=61666"},{"taxonomy":"product_tag","embeddable":true,"href":"https:\/\/www.libraria-occitana.org\/en\/wp-json\/wp\/v2\/product_tag?post=61666"}],"curies":[{"name":"wp","href":"https:\/\/api.w.org\/{rel}","templated":true}]}}