{"id":61711,"date":"2025-04-17T19:05:26","date_gmt":"2025-04-17T17:05:26","guid":{"rendered":"http:\/\/www.libraria-occitana.org\/?post_type=product&#038;p=61711"},"modified":"2026-04-17T21:31:06","modified_gmt":"2026-04-17T19:31:06","slug":"saint-leonard-de-noblat-les-abecedaires-du-limousin","status":"publish","type":"product","link":"https:\/\/www.libraria-occitana.org\/en\/product\/saint-leonard-de-noblat-les-abecedaires-du-limousin\/","title":{"rendered":"Saint-L\u00e9onard-de-Noblat : Les ab\u00e9c\u00e9daires du Limousin"},"content":{"rendered":"<p>Sous la direction de Bernard Bernaben et Martine Tandeau de Marsac, r\u00e9alis\u00e9 avec Connaissance et sauvegarde de Saint-L\u00e9onard (CSSL).<\/p>\n<p>De A \u00e0 Z, ce livre invite les lecteurs \u00e0 d\u00e9couvrir les tr\u00e9sors et les secrets de cette cit\u00e9 mill\u00e9naire.<\/p>\n<p>Chaque lettre ouvre une fen\u00eatre sur un fragment de m\u00e9moire, un r\u00e9cit ou un pan d\u2019histoire, r\u00e9v\u00e9lant ainsi l\u2019\u00e2me profonde de Saint-L\u00e9onard- de-Noblat. Au fil des pages, les lecteurs sont transport\u00e9s \u00e0 travers l\u2019architecture remarquable, les personnages marquants, la gastronomie locale et les l\u00e9gendes qui font la richesse de cette ville.<\/p>\n<p>Un parcours unique agr\u00e9ment\u00e9 de 180 photographies et documents.<\/p>\n","protected":false},"excerpt":{"rendered":"<p>Sous la direction de Bernard Bernaben et Martine Tandeau de Marsac, r\u00e9alis\u00e9 avec Connaissance et sauvegarde de Saint-L\u00e9onard (CSSL). De A \u00e0 Z, ce livre invite les lecteurs \u00e0 d\u00e9couvrir les tr\u00e9sors et les secrets de cette cit\u00e9 mill\u00e9naire. Chaque lettre ouvre une fen\u00eatre sur un fragment de m\u00e9moire, un r\u00e9cit ou un pan d\u2019histoire, [&hellip;]<\/p>\n","protected":false},"featured_media":61714,"template":"","meta":{"_acf_changed":false,"_genesis_hide_title":false,"_genesis_hide_breadcrumbs":false,"_genesis_hide_singular_image":false,"_genesis_hide_footer_widgets":false,"_genesis_custom_body_class":"","_genesis_custom_post_class":"","_genesis_layout":""},"product_brand":[],"product_cat":[7132,7156,7148],"product_tag":[],"class_list":{"0":"post-61711","1":"product","2":"type-product","3":"status-publish","4":"has-post-thumbnail","6":"product_cat-books","7":"product_cat-general-history-en","8":"product_cat-history-geography-en","9":"pa_auteur-bernaben-bernard-en","10":"pa_auteur-collectiu-en-2","11":"pa_auteur-tandeau-de-marsac-martine-en","12":"pa_editeur-editions-mon-limousin-en","13":"pa_langue-francais-en","14":"entry","16":"first","17":"outofstock","18":"shipping-taxable","19":"purchasable","20":"product-type-simple"},"acf":[],"_links":{"self":[{"href":"https:\/\/www.libraria-occitana.org\/en\/wp-json\/wp\/v2\/product\/61711","targetHints":{"allow":["GET"]}}],"collection":[{"href":"https:\/\/www.libraria-occitana.org\/en\/wp-json\/wp\/v2\/product"}],"about":[{"href":"https:\/\/www.libraria-occitana.org\/en\/wp-json\/wp\/v2\/types\/product"}],"wp:featuredmedia":[{"embeddable":true,"href":"https:\/\/www.libraria-occitana.org\/en\/wp-json\/wp\/v2\/media\/61714"}],"wp:attachment":[{"href":"https:\/\/www.libraria-occitana.org\/en\/wp-json\/wp\/v2\/media?parent=61711"}],"wp:term":[{"taxonomy":"product_brand","embeddable":true,"href":"https:\/\/www.libraria-occitana.org\/en\/wp-json\/wp\/v2\/product_brand?post=61711"},{"taxonomy":"product_cat","embeddable":true,"href":"https:\/\/www.libraria-occitana.org\/en\/wp-json\/wp\/v2\/product_cat?post=61711"},{"taxonomy":"product_tag","embeddable":true,"href":"https:\/\/www.libraria-occitana.org\/en\/wp-json\/wp\/v2\/product_tag?post=61711"}],"curies":[{"name":"wp","href":"https:\/\/api.w.org\/{rel}","templated":true}]}}