{"id":61727,"date":"2023-08-23T12:54:59","date_gmt":"2023-08-23T10:54:59","guid":{"rendered":"http:\/\/www.libraria-occitana.org\/product\/les-7-clochers-du-relais-de-nexon-des-reliques-en-saints-patrons\/"},"modified":"2026-04-25T08:06:19","modified_gmt":"2026-04-25T06:06:19","slug":"les-7-clochers-du-relais-de-nexon-des-reliques-en-saints-patrons","status":"publish","type":"product","link":"https:\/\/www.libraria-occitana.org\/en\/product\/les-7-clochers-du-relais-de-nexon-des-reliques-en-saints-patrons\/","title":{"rendered":"Les 7 clochers du relais de Nexon : Des reliques en saints patrons"},"content":{"rendered":"<p>\u00ab Ce livret pr\u00e9sente le relais de Nexon (communes de Janailhac, Meilhac, La Meyze, Nexon, Rilhac-Lastours, La Roche-l&#8217;Abeille, Saint-Hilaire-les-Places) avec ses nombreux objets mobiliers faisant partie de nos \u00e9glises et chapelles et qui sont parvenus jusqu&#8217;\u00e0 nous, soit en bon \u00e9tat, soit mutil\u00e9s, et pour certains restaur\u00e9s, t\u00e9moignage de notre foi au long des si\u00e8cles. \u00bb<\/p>\n","protected":false},"excerpt":{"rendered":"<p>\u00ab Ce livret pr\u00e9sente le relais de Nexon (communes de Janailhac, Meilhac, La Meyze, Nexon, Rilhac-Lastours, La Roche-l&#8217;Abeille, Saint-Hilaire-les-Places) avec ses nombreux objets mobiliers faisant partie de nos \u00e9glises et chapelles et qui sont parvenus jusqu&#8217;\u00e0 nous, soit en bon \u00e9tat, soit mutil\u00e9s, et pour certains restaur\u00e9s, t\u00e9moignage de notre foi au long des si\u00e8cles. [&hellip;]<\/p>\n","protected":false},"featured_media":61725,"template":"","meta":{"_acf_changed":false,"_genesis_hide_title":false,"_genesis_hide_breadcrumbs":false,"_genesis_hide_singular_image":false,"_genesis_hide_footer_widgets":false,"_genesis_custom_body_class":"","_genesis_custom_post_class":"","_genesis_layout":""},"product_brand":[],"product_cat":[7132,7214,7206],"product_tag":[],"class_list":{"0":"post-61727","1":"product","2":"type-product","3":"status-publish","4":"has-post-thumbnail","6":"product_cat-books","7":"product_cat-built-heritage-en","8":"product_cat-traditions-heritage-en","9":"pa_auteur-geslin-sylvie-en","10":"pa_auteur-salomon-anne-en","11":"pa_editeur-les-amis-de-saint-ferreol-en","12":"pa_langue-francais-en","13":"entry","15":"first","16":"outofstock","17":"shipping-taxable","18":"purchasable","19":"product-type-simple"},"acf":[],"_links":{"self":[{"href":"https:\/\/www.libraria-occitana.org\/en\/wp-json\/wp\/v2\/product\/61727","targetHints":{"allow":["GET"]}}],"collection":[{"href":"https:\/\/www.libraria-occitana.org\/en\/wp-json\/wp\/v2\/product"}],"about":[{"href":"https:\/\/www.libraria-occitana.org\/en\/wp-json\/wp\/v2\/types\/product"}],"wp:featuredmedia":[{"embeddable":true,"href":"https:\/\/www.libraria-occitana.org\/en\/wp-json\/wp\/v2\/media\/61725"}],"wp:attachment":[{"href":"https:\/\/www.libraria-occitana.org\/en\/wp-json\/wp\/v2\/media?parent=61727"}],"wp:term":[{"taxonomy":"product_brand","embeddable":true,"href":"https:\/\/www.libraria-occitana.org\/en\/wp-json\/wp\/v2\/product_brand?post=61727"},{"taxonomy":"product_cat","embeddable":true,"href":"https:\/\/www.libraria-occitana.org\/en\/wp-json\/wp\/v2\/product_cat?post=61727"},{"taxonomy":"product_tag","embeddable":true,"href":"https:\/\/www.libraria-occitana.org\/en\/wp-json\/wp\/v2\/product_tag?post=61727"}],"curies":[{"name":"wp","href":"https:\/\/api.w.org\/{rel}","templated":true}]}}