{"id":61730,"date":"2025-04-23T18:36:40","date_gmt":"2025-04-23T16:36:40","guid":{"rendered":"http:\/\/www.libraria-occitana.org\/?post_type=product&#038;p=61730"},"modified":"2026-04-18T05:31:22","modified_gmt":"2026-04-18T03:31:22","slug":"rojas","status":"publish","type":"product","link":"https:\/\/www.libraria-occitana.org\/en\/product\/rojas\/","title":{"rendered":"Rojas"},"content":{"rendered":"<p><strong>Karine Berny :<\/strong> Chant, bombo leguero, p\u00e9tadou, monocorde, balai malgache<br \/>\n<strong>Myriam Boisserie :<\/strong> Chant, p\u00e9tadou, monocordes<br \/>\n<strong>Marie Coumes :<\/strong> Chant, monocorde<br \/>\n<strong>Laetitia Dutech :<\/strong> Chant, adufe, bendir, tambourin, monocorde, bombo, petadou, caisse claire<br \/>\n<strong>La Mal Coiff\u00e9e :<\/strong> Arrangements percussions<br \/>\n<strong>Laurent Cavali\u00e9 :<\/strong> \u00c9criture, composition, arrangements (sauf \u00ab Lo pa\u00eds que v\u00f2l viure \u00bb de Claude Marti)<\/p>\n<p>\u00ab Notre musique, on la voudrait comme un pinceau pour colorer de \u00ab rouge-son \u00bb ce qui est invisibilis\u00e9 : Les Histoires oubli\u00e9es, les cultures m\u00e9pris\u00e9es, les individus ni\u00e9s mais aussi les initiatives d\u2019alternatives \u00e0 la morose fatalit\u00e9 de l\u2019ordre du monde, les r\u00e9sistances joyeuses et les regards d\u00e9cal\u00e9s\u2026 Elles sont rouges, <strong>rojas<\/strong>, les \u00e9nergies des gens qui luttent, pour d\u00e9fendre des zones sociales ou \u00e9cologiques, celles qui rassemblent et \u0153uvrent pour le bien commun, \u00e0 qui nous rendons hommage. Elles sont rouges, <strong>rojas<\/strong>, les langues domin\u00e9es, comme la n\u00f4tre, qui pourtant flamboient et ouvrent les consciences. <strong>Rojas<\/strong> de la joie de chanter ensemble sont nos voix. \u00bb<\/p>\n<p>3e opus de <strong>Roge<\/strong> qui comprend : <a href=\"http:\/\/www.libraria-occitana.org\/produit\/roge\/\">Roge<\/a>, <a href=\"http:\/\/www.libraria-occitana.org\/produit\/roge-caparrut\/\">Roge caparrut<\/a> &amp; Rojas<\/p>\n<p><iframe loading=\"lazy\" title=\"YouTube video player\" src=\"https:\/\/www.youtube.com\/embed\/uJgDN9qSb2I?si=76DqDCQdGlBeweyJ\" width=\"560\" height=\"315\" frameborder=\"0\" allowfullscreen=\"allowfullscreen\"><\/iframe><\/p>\n<p><strong>Titres :<\/strong><br \/>\n1. Si\u00e1s un ase ! 4&#8217;14<br \/>\n2. Frem\u00eds lo temps de las ceri\u00e8ras 5&#8217;15<br \/>\n3. Cantairas caparrudas 3&#8217;38<br \/>\n4. M&#8217;amagarai 5&#8217;40<br \/>\n5. Nos an cambiada la lenga 4&#8217;52<br \/>\n6. Seguiss\u00e8m lo n\u00f2stre camin 4&#8217;24<br \/>\n7. Lo pa\u00eds que v\u00f2l viure 5&#8217;36<br \/>\n8. Se g\u00e8ti un crid 4&#8217;07<br \/>\n9. N\u00f2u cravatas 2&#8217;42<\/p>\n","protected":false},"excerpt":{"rendered":"<p>Karine Berny : Chant, bombo leguero, p\u00e9tadou, monocorde, balai malgache Myriam Boisserie : Chant, p\u00e9tadou, monocordes Marie Coumes : Chant, monocorde Laetitia Dutech : Chant, adufe, bendir, tambourin, monocorde, bombo, petadou, caisse claire La Mal Coiff\u00e9e : Arrangements percussions Laurent Cavali\u00e9 : \u00c9criture, composition, arrangements (sauf \u00ab Lo pa\u00eds que v\u00f2l viure \u00bb de Claude [&hellip;]<\/p>\n","protected":false},"featured_media":61742,"template":"","meta":{"_acf_changed":false,"_genesis_hide_title":false,"_genesis_hide_breadcrumbs":false,"_genesis_hide_singular_image":false,"_genesis_hide_footer_widgets":false,"_genesis_custom_body_class":"","_genesis_custom_post_class":"","_genesis_layout":""},"product_brand":[],"product_cat":[7216,7230],"product_tag":[],"class_list":{"0":"post-61730","1":"product","2":"type-product","3":"status-publish","4":"has-post-thumbnail","6":"product_cat-music-en","7":"product_cat-polyphonies-en","8":"pa_auteur-la-mal-coiffee-en","9":"pa_editeur-sirventes-en","10":"pa_langue-occitan-en","11":"pa_langue-occitan-lengadocian-en","12":"entry","14":"first","15":"instock","16":"shipping-taxable","17":"purchasable","18":"product-type-simple"},"acf":[],"_links":{"self":[{"href":"https:\/\/www.libraria-occitana.org\/en\/wp-json\/wp\/v2\/product\/61730","targetHints":{"allow":["GET"]}}],"collection":[{"href":"https:\/\/www.libraria-occitana.org\/en\/wp-json\/wp\/v2\/product"}],"about":[{"href":"https:\/\/www.libraria-occitana.org\/en\/wp-json\/wp\/v2\/types\/product"}],"wp:featuredmedia":[{"embeddable":true,"href":"https:\/\/www.libraria-occitana.org\/en\/wp-json\/wp\/v2\/media\/61742"}],"wp:attachment":[{"href":"https:\/\/www.libraria-occitana.org\/en\/wp-json\/wp\/v2\/media?parent=61730"}],"wp:term":[{"taxonomy":"product_brand","embeddable":true,"href":"https:\/\/www.libraria-occitana.org\/en\/wp-json\/wp\/v2\/product_brand?post=61730"},{"taxonomy":"product_cat","embeddable":true,"href":"https:\/\/www.libraria-occitana.org\/en\/wp-json\/wp\/v2\/product_cat?post=61730"},{"taxonomy":"product_tag","embeddable":true,"href":"https:\/\/www.libraria-occitana.org\/en\/wp-json\/wp\/v2\/product_tag?post=61730"}],"curies":[{"name":"wp","href":"https:\/\/api.w.org\/{rel}","templated":true}]}}