{"id":61752,"date":"2024-11-23T19:04:33","date_gmt":"2024-11-23T18:04:33","guid":{"rendered":"http:\/\/www.libraria-occitana.org\/?post_type=product&#038;p=61752"},"modified":"2026-04-13T04:01:19","modified_gmt":"2026-04-13T02:01:19","slug":"cosmogonia","status":"publish","type":"product","link":"https:\/\/www.libraria-occitana.org\/en\/product\/cosmogonia\/","title":{"rendered":"Cosmogonia"},"content":{"rendered":"<p><strong>Laurent Cavali\u00e9 :<\/strong> Chant, bombe du Lauragais<br \/>\n<strong>Guilhem Verger :<\/strong> Chant, accord\u00e9on<\/p>\n<p>Guilhem Verger pulse un air chaud des poumons de son accord\u00e9on, avec une inventivit\u00e9 harmonique et rythmique toujours renouvel\u00e9e. Laurent Cavali\u00e9 envoie une po\u00e9sie nourrie des histoires et de la vie des gens de son monde languedocien, ouvert \u00e0 tous les vents du monde. Sa percussion, un gros tambour appel\u00e9 dans son pays la Bombe du Lauragais, mart\u00e8le nos imaginaires s\u00e9culaires. Ensemble ils construisent un groove puissant et d\u00e9licat, au service d\u2019une po\u00e9sie cisel\u00e9e, et d\u2019une grande libert\u00e9 musicale. Leur monde est \u00e0 la fois onirique, libertaire, nourri des r\u00e9alit\u00e9s des luttes contre toutes les dominations, et p\u00e9tri de la culture ancienne des gens de chez eux.<\/p>\n<p><iframe loading=\"lazy\" title=\"YouTube video player\" src=\"https:\/\/www.youtube.com\/embed\/EOL8tVxIkbo?si=4PTqekMbMzX_fR2s\" width=\"560\" height=\"315\" frameborder=\"0\" allowfullscreen=\"allowfullscreen\"><\/iframe><\/p>\n<p><strong>Titres :<\/strong><br \/>\n1. \u00d2u ! 5&#8217;34<br \/>\n2. Los enfants de Lisardon 6&#8217;32<br \/>\n3. Dins la selva de f\u00e8r 5&#8217;35<br \/>\n4. Las aga\u00e7as 10&#8217;50<br \/>\n5. Los somiaires p\u00f2don somiar (la Pasionaria) 4&#8217;42<br \/>\n6. Braconi\u00e8rs pren\u00e8tz de coratge 7&#8217;40<br \/>\n7. Cosmogonia 5&#8217;36<br \/>\n8. La dralha del perdigal 5&#8217;20<br \/>\n9. Solelhet l\u00e8va te 3&#8217;06<br \/>\n10. N\u00f2u erbetas 8&#8217;33<\/p>\n","protected":false},"excerpt":{"rendered":"<p>Laurent Cavali\u00e9 : Chant, bombe du Lauragais Guilhem Verger : Chant, accord\u00e9on Guilhem Verger pulse un air chaud des poumons de son accord\u00e9on, avec une inventivit\u00e9 harmonique et rythmique toujours renouvel\u00e9e. Laurent Cavali\u00e9 envoie une po\u00e9sie nourrie des histoires et de la vie des gens de son monde languedocien, ouvert \u00e0 tous les vents du [&hellip;]<\/p>\n","protected":false},"featured_media":61733,"template":"","meta":{"_acf_changed":false,"_genesis_hide_title":false,"_genesis_hide_breadcrumbs":false,"_genesis_hide_singular_image":false,"_genesis_hide_footer_widgets":false,"_genesis_custom_body_class":"","_genesis_custom_post_class":"","_genesis_layout":""},"product_brand":[],"product_cat":[7216,7218],"product_tag":[],"class_list":{"0":"post-61752","1":"product","2":"type-product","3":"status-publish","4":"has-post-thumbnail","6":"product_cat-music-en","7":"product_cat-voice-en","8":"pa_auteur-cavalie-laurent-en","9":"pa_auteur-verger-guilhem-en","10":"pa_editeur-sirventes-en","11":"pa_langue-occitan-en","12":"pa_langue-occitan-lengadocian-en","13":"entry","15":"first","16":"instock","17":"shipping-taxable","18":"purchasable","19":"product-type-simple"},"acf":[],"_links":{"self":[{"href":"https:\/\/www.libraria-occitana.org\/en\/wp-json\/wp\/v2\/product\/61752","targetHints":{"allow":["GET"]}}],"collection":[{"href":"https:\/\/www.libraria-occitana.org\/en\/wp-json\/wp\/v2\/product"}],"about":[{"href":"https:\/\/www.libraria-occitana.org\/en\/wp-json\/wp\/v2\/types\/product"}],"wp:featuredmedia":[{"embeddable":true,"href":"https:\/\/www.libraria-occitana.org\/en\/wp-json\/wp\/v2\/media\/61733"}],"wp:attachment":[{"href":"https:\/\/www.libraria-occitana.org\/en\/wp-json\/wp\/v2\/media?parent=61752"}],"wp:term":[{"taxonomy":"product_brand","embeddable":true,"href":"https:\/\/www.libraria-occitana.org\/en\/wp-json\/wp\/v2\/product_brand?post=61752"},{"taxonomy":"product_cat","embeddable":true,"href":"https:\/\/www.libraria-occitana.org\/en\/wp-json\/wp\/v2\/product_cat?post=61752"},{"taxonomy":"product_tag","embeddable":true,"href":"https:\/\/www.libraria-occitana.org\/en\/wp-json\/wp\/v2\/product_tag?post=61752"}],"curies":[{"name":"wp","href":"https:\/\/api.w.org\/{rel}","templated":true}]}}