{"id":61756,"date":"2024-09-24T18:43:48","date_gmt":"2024-09-24T16:43:48","guid":{"rendered":"http:\/\/www.libraria-occitana.org\/?post_type=product&#038;p=61756"},"modified":"2026-04-20T05:41:18","modified_gmt":"2026-04-20T03:41:18","slug":"potion","status":"publish","type":"product","link":"https:\/\/www.libraria-occitana.org\/en\/product\/potion\/","title":{"rendered":"Potion"},"content":{"rendered":"<p><strong>J\u00e9r\u00e9my Couraut :<\/strong> Chant, espina<br \/>\n<strong>Antoine Perdriolle :<\/strong> Batterie, chant<br \/>\n<strong>Menad Moussaoui :<\/strong> Basse, chant<\/p>\n<p>Afro-rock psych\u00e9d\u00e9lique<\/p>\n<p>Avec <strong>Potion<\/strong>, Dj\u00e9 Bal\u00e8ti propose des chansons engag\u00e9es et subversives en fran\u00e7ais et en occitan nissart. De la critique de l\u2019hypocrisie nationale (Fran\u00e7ais) \u00e0 la satire anti-capitaliste (Gargantua), en passant par des pri\u00e8res pa\u00efennes pour la nature (Le Miracle), chaque titre porte une \u00e9nergie brute et lib\u00e9ratrice. L\u2019album invite \u00e9galement des alli\u00e9s de longue date comme Ma\u00efa Barouh et Fixi pour c\u00e9l\u00e9brer la confraternit\u00e9 (Jongala).<\/p>\n<p>Fort d\u2019influences allant du rock psych\u00e9d\u00e9lique \u00e0 la musique gnaoua en passant par le blues, Dj\u00e9 Bal\u00e8ti incarne l\u2019alchimiste des grands suds. \u00c0 d\u00e9couvrir sur sc\u00e8ne sans attendre : en live, le trio d\u00e9coiffe, \u00e0 mi-chemin entre le pow-wow anticapitaliste, le bal populaire et le rituel charivari. Pr\u00e9parez-vous \u00e0 entrer dans la ronde : Dj\u00e9 Bal\u00e8ti n\u2019a qu\u2019un seul but : vous faire danser et mettre ce monde en transe gu\u00e9risseuse.<\/p>\n<p><iframe loading=\"lazy\" title=\"YouTube video player\" src=\"https:\/\/www.youtube.com\/embed\/ECasza_hWDU?si=Zw_NvU_f0Fw4W5FL\" width=\"560\" height=\"315\" frameborder=\"0\" allowfullscreen=\"allowfullscreen\"><\/iframe><\/p>\n<p><strong>Titres :<\/strong><br \/>\n1. Amiat 3&#8217;17<br \/>\n2. Le miracle 3&#8217;28<br \/>\n3. Suite du miracle 1&#8217;10<br \/>\n4. La s\u00e8ga 3&#8217;12<br \/>\n5. L&#8217;aum\u00f4ne 3&#8217;26<br \/>\n6. Anc\u00eatres 4&#8217;48<br \/>\n7. Jongala 3&#8217;26<br \/>\n8. Gargantua 3&#8217;05<br \/>\n9. Suite du proc\u00e8s de Gargantua 1&#8217;21<br \/>\n10. V\u00e9 i&#8217;a longtemps 4&#8217;15<br \/>\n11. Fran\u00e7ais est un dr\u00f4le d&#8217;animal 3&#8217;27<br \/>\n12. Potion 4&#8217;29<br \/>\n13. Grana maire 3&#8217;20<br \/>\n14. Lo jorn 2&#8217;36<\/p>\n","protected":false},"excerpt":{"rendered":"<p>J\u00e9r\u00e9my Couraut : Chant, espina Antoine Perdriolle : Batterie, chant Menad Moussaoui : Basse, chant Afro-rock psych\u00e9d\u00e9lique Avec Potion, Dj\u00e9 Bal\u00e8ti propose des chansons engag\u00e9es et subversives en fran\u00e7ais et en occitan nissart. De la critique de l\u2019hypocrisie nationale (Fran\u00e7ais) \u00e0 la satire anti-capitaliste (Gargantua), en passant par des pri\u00e8res pa\u00efennes pour la nature (Le [&hellip;]<\/p>\n","protected":false},"featured_media":61736,"template":"","meta":{"_acf_changed":false,"_genesis_hide_title":false,"_genesis_hide_breadcrumbs":false,"_genesis_hide_singular_image":false,"_genesis_hide_footer_widgets":false,"_genesis_custom_body_class":"","_genesis_custom_post_class":"","_genesis_layout":""},"product_brand":[],"product_cat":[7216,7232],"product_tag":[],"class_list":{"0":"post-61756","1":"product","2":"type-product","3":"status-publish","4":"has-post-thumbnail","6":"product_cat-music-en","7":"product_cat-rock-pop-en","8":"pa_auteur-dje-baleti-en","9":"pa_editeur-helicomusic-en","10":"pa_langue-francais-en","11":"pa_langue-occitan-en","12":"pa_langue-occitan-provencau-en","13":"entry","15":"first","16":"instock","17":"shipping-taxable","18":"purchasable","19":"product-type-simple"},"acf":[],"_links":{"self":[{"href":"https:\/\/www.libraria-occitana.org\/en\/wp-json\/wp\/v2\/product\/61756","targetHints":{"allow":["GET"]}}],"collection":[{"href":"https:\/\/www.libraria-occitana.org\/en\/wp-json\/wp\/v2\/product"}],"about":[{"href":"https:\/\/www.libraria-occitana.org\/en\/wp-json\/wp\/v2\/types\/product"}],"wp:featuredmedia":[{"embeddable":true,"href":"https:\/\/www.libraria-occitana.org\/en\/wp-json\/wp\/v2\/media\/61736"}],"wp:attachment":[{"href":"https:\/\/www.libraria-occitana.org\/en\/wp-json\/wp\/v2\/media?parent=61756"}],"wp:term":[{"taxonomy":"product_brand","embeddable":true,"href":"https:\/\/www.libraria-occitana.org\/en\/wp-json\/wp\/v2\/product_brand?post=61756"},{"taxonomy":"product_cat","embeddable":true,"href":"https:\/\/www.libraria-occitana.org\/en\/wp-json\/wp\/v2\/product_cat?post=61756"},{"taxonomy":"product_tag","embeddable":true,"href":"https:\/\/www.libraria-occitana.org\/en\/wp-json\/wp\/v2\/product_tag?post=61756"}],"curies":[{"name":"wp","href":"https:\/\/api.w.org\/{rel}","templated":true}]}}