{"id":61876,"date":"2025-05-30T09:48:31","date_gmt":"2025-05-30T07:48:31","guid":{"rendered":"https:\/\/www.libraria-occitana.org\/?post_type=product&#038;p=61876"},"modified":"2026-04-23T01:46:53","modified_gmt":"2026-04-22T23:46:53","slug":"los-sendareus-de-lauba-tres-enquestas-dester-lapoja","status":"publish","type":"product","link":"https:\/\/www.libraria-occitana.org\/en\/product\/los-sendareus-de-lauba-tres-enquestas-dester-lapoja\/","title":{"rendered":"Los Sendareus de l&#8217;auba : Tres enquestas d&#8217;Ester Lapoja"},"content":{"rendered":"<p>\u00ab Tot qu\u00f2-qu\u00ed es verai, puei que sei un personatge de ficcion \u00bb (Ester Lapoja)<\/p>\n<p>N\u00e9e de l&#8217;imagination de son auteur, Ester Lapoja est une jeune fille d&#8217;aujourd&#8217;hui, tr\u00e8s \u00e9veill\u00e9e, \u00e9l\u00e8ve au lyc\u00e9e Bertran de Born de P\u00e9rigueux. Bien dans sa vie, \u00e9nergique, portable en main, Ester nous fait vivre avec ses amis trois enqu\u00eates en suivant : \u00ab Un tant do\u00e7 vonvon \u00bb (Un tant doux bourdonnement), \u00ab Los Sendareus de l\u2019auba \u00bb (Les Sentiers de l&#8217;aube) et \u00ab Ventar dau vent que bufa \u00bb (Souffler du vent qui souffle). Dans son monde, tr\u00e8s r\u00e9aliste et proche de celui que nous connaissons, la jeune fille est tr\u00e8s occup\u00e9e avec la mafia g\u00e9orgienne, des nazillons, les autonomistes p\u00e9rigourdins, les sectes, des fascistes revendeurs de drogue&#8230; La jeune enqu\u00eatrice, qui ne s&#8217;en laisse pas conter, fait tourner en bourrique le fameux commissaire Alexandre Darnaudguilhem, tr\u00e8s connu dans la capitale de Haute-Dordogne en Occitanie.<\/p>\n<p>Enfant du P\u00e9rigord, Martial Peyrouny signe ici son premier livre, avec quelques clins d&#8217;\u0153il \u00e0 l&#8217;\u0153uvre polici\u00e8re de Joan Ganhaire. Son h\u00e9ro\u00efne lui a \u00e9t\u00e9 inspir\u00e9e par son exp\u00e9rience de professeur d&#8217;occitan \u00e0 la Cit\u00e9 scolaire Bertran de Born \u00e0 P\u00e9rigueux. Il fut pendant longtemps co-animateur avec Joan Pau Verdier de l\u2019\u00e9mission occitane hebdomadaire \u201cMeitat chen, meitat p\u00f2rc\u201d sur France Bleu P\u00e9rigord (aujourd&#8217;hui, Ici P\u00e9rigord).<\/p>\n","protected":false},"excerpt":{"rendered":"<p>\u00ab Tot qu\u00f2-qu\u00ed es verai, puei que sei un personatge de ficcion \u00bb (Ester Lapoja) N\u00e9e de l&#8217;imagination de son auteur, Ester Lapoja est une jeune fille d&#8217;aujourd&#8217;hui, tr\u00e8s \u00e9veill\u00e9e, \u00e9l\u00e8ve au lyc\u00e9e Bertran de Born de P\u00e9rigueux. Bien dans sa vie, \u00e9nergique, portable en main, Ester nous fait vivre avec ses amis trois enqu\u00eates [&hellip;]<\/p>\n","protected":false},"featured_media":61882,"template":"","meta":{"_acf_changed":false,"_genesis_hide_title":false,"_genesis_hide_breadcrumbs":false,"_genesis_hide_singular_image":false,"_genesis_hide_footer_widgets":false,"_genesis_custom_body_class":"","_genesis_custom_post_class":"","_genesis_layout":""},"product_brand":[],"product_cat":[7132,7164,7174,7182,7166],"product_tag":[],"class_list":{"0":"post-61876","1":"product","2":"type-product","3":"status-publish","4":"has-post-thumbnail","6":"product_cat-books","7":"product_cat-juvenile-and-teen-comics-humour-en","8":"product_cat-literature-en","9":"product_cat-novels-short-stories-en","10":"product_cat-teen-en","11":"pa_auteur-peyrouny-martial-fr-en","12":"pa_editeur-ieo-perigord-novelum-en","13":"pa_langue-occitan-en","14":"pa_langue-occitan-lemosin-en","15":"entry","17":"first","18":"instock","19":"shipping-taxable","20":"purchasable","21":"product-type-simple"},"acf":[],"_links":{"self":[{"href":"https:\/\/www.libraria-occitana.org\/en\/wp-json\/wp\/v2\/product\/61876","targetHints":{"allow":["GET"]}}],"collection":[{"href":"https:\/\/www.libraria-occitana.org\/en\/wp-json\/wp\/v2\/product"}],"about":[{"href":"https:\/\/www.libraria-occitana.org\/en\/wp-json\/wp\/v2\/types\/product"}],"wp:featuredmedia":[{"embeddable":true,"href":"https:\/\/www.libraria-occitana.org\/en\/wp-json\/wp\/v2\/media\/61882"}],"wp:attachment":[{"href":"https:\/\/www.libraria-occitana.org\/en\/wp-json\/wp\/v2\/media?parent=61876"}],"wp:term":[{"taxonomy":"product_brand","embeddable":true,"href":"https:\/\/www.libraria-occitana.org\/en\/wp-json\/wp\/v2\/product_brand?post=61876"},{"taxonomy":"product_cat","embeddable":true,"href":"https:\/\/www.libraria-occitana.org\/en\/wp-json\/wp\/v2\/product_cat?post=61876"},{"taxonomy":"product_tag","embeddable":true,"href":"https:\/\/www.libraria-occitana.org\/en\/wp-json\/wp\/v2\/product_tag?post=61876"}],"curies":[{"name":"wp","href":"https:\/\/api.w.org\/{rel}","templated":true}]}}