{"id":62006,"date":"2025-05-25T13:00:07","date_gmt":"2025-05-25T11:00:07","guid":{"rendered":"https:\/\/www.libraria-occitana.org\/?post_type=product&#038;p=62006"},"modified":"2026-04-29T01:46:43","modified_gmt":"2026-04-28T23:46:43","slug":"limousin-face-cachee-geologie-eaux-paysages","status":"publish","type":"product","link":"https:\/\/www.libraria-occitana.org\/en\/product\/limousin-face-cachee-geologie-eaux-paysages\/","title":{"rendered":"Limousin face cach\u00e9e : G\u00e9ologie &#8211; Eaux &#8211; Paysages"},"content":{"rendered":"<p>Compos\u00e9 d\u2019une centaine de photos qui illustrent \u00e0 travers les 14 chapitres les diff\u00e9rents volets de la nature g\u00e9ologique du Limousin, la r\u00e9gion est d\u00e9voil\u00e9e \u00e0 travers son histoire g\u00e9ologique, ses eaux et terroirs, son vignoble, les pierres de l\u00e9gendes, ses ressources min\u00e9rales, ses artistes et des savants c\u00e9l\u00e8bres.<br \/>\nCet ouvrage a pour ambition de vous faire voyager dans l\u2019espace et le temps.<br \/>\nParcourez notre belle r\u00e9gion limousine \u00e0 travers diff\u00e9rents aspects et applications des sciences de la Terre.<br \/>\nFruit d\u2019une histoire de plus de 550 millions d\u2019ann\u00e9es, la Terre a offert au Limousin une diversit\u00e9 de territoires explor\u00e9e et apprivois\u00e9e par l\u2019Homme. Au fil des chapitres, baladez-vous entre patrimoine g\u00e9ologique, illustres habitants, pierres \u00e0 l\u00e9gende et b\u00e2timents remarquables.<\/p>\n","protected":false},"excerpt":{"rendered":"<p>Compos\u00e9 d\u2019une centaine de photos qui illustrent \u00e0 travers les 14 chapitres les diff\u00e9rents volets de la nature g\u00e9ologique du Limousin, la r\u00e9gion est d\u00e9voil\u00e9e \u00e0 travers son histoire g\u00e9ologique, ses eaux et terroirs, son vignoble, les pierres de l\u00e9gendes, ses ressources min\u00e9rales, ses artistes et des savants c\u00e9l\u00e8bres. Cet ouvrage a pour ambition de [&hellip;]<\/p>\n","protected":false},"featured_media":61989,"template":"","meta":{"_acf_changed":false,"_genesis_hide_title":false,"_genesis_hide_breadcrumbs":false,"_genesis_hide_singular_image":false,"_genesis_hide_footer_widgets":false,"_genesis_custom_body_class":"","_genesis_custom_post_class":"","_genesis_layout":""},"product_brand":[],"product_cat":[7132,7152,7148],"product_tag":[],"class_list":{"0":"post-62006","1":"product","2":"type-product","3":"status-publish","4":"has-post-thumbnail","6":"product_cat-books","7":"product_cat-geography-en","8":"product_cat-history-geography-en","9":"pa_auteur-bost-nicolas-en","10":"pa_editeur-geste-en","11":"pa_langue-francais-en","12":"entry","14":"first","15":"instock","16":"shipping-taxable","17":"purchasable","18":"product-type-simple"},"acf":[],"_links":{"self":[{"href":"https:\/\/www.libraria-occitana.org\/en\/wp-json\/wp\/v2\/product\/62006","targetHints":{"allow":["GET"]}}],"collection":[{"href":"https:\/\/www.libraria-occitana.org\/en\/wp-json\/wp\/v2\/product"}],"about":[{"href":"https:\/\/www.libraria-occitana.org\/en\/wp-json\/wp\/v2\/types\/product"}],"wp:featuredmedia":[{"embeddable":true,"href":"https:\/\/www.libraria-occitana.org\/en\/wp-json\/wp\/v2\/media\/61989"}],"wp:attachment":[{"href":"https:\/\/www.libraria-occitana.org\/en\/wp-json\/wp\/v2\/media?parent=62006"}],"wp:term":[{"taxonomy":"product_brand","embeddable":true,"href":"https:\/\/www.libraria-occitana.org\/en\/wp-json\/wp\/v2\/product_brand?post=62006"},{"taxonomy":"product_cat","embeddable":true,"href":"https:\/\/www.libraria-occitana.org\/en\/wp-json\/wp\/v2\/product_cat?post=62006"},{"taxonomy":"product_tag","embeddable":true,"href":"https:\/\/www.libraria-occitana.org\/en\/wp-json\/wp\/v2\/product_tag?post=62006"}],"curies":[{"name":"wp","href":"https:\/\/api.w.org\/{rel}","templated":true}]}}