{"id":62011,"date":"2004-09-25T14:27:18","date_gmt":"2004-09-25T12:27:18","guid":{"rendered":"https:\/\/www.libraria-occitana.org\/?post_type=product&#038;p=62011"},"modified":"2026-04-29T10:52:53","modified_gmt":"2026-04-29T08:52:53","slug":"enduits-et-badigeons-traditionnels","status":"publish","type":"product","link":"https:\/\/www.libraria-occitana.org\/en\/product\/enduits-et-badigeons-traditionnels\/","title":{"rendered":"Enduits et badigeons traditionnels"},"content":{"rendered":"<p>Cet ouvrage simple et pratique propose une approche th\u00e9orique et technique des enduits traditionnels et des badigeons. Sont notamment abord\u00e9s les diff\u00e9rents types de chaux et de pigments, leur processus de transformation ainsi que leurs caract\u00e9ristiques techniques.<\/p>\n<p>Introduisant les pathologies remarquables sur le b\u00e2ti, cet ouvrage accompagnera toutes celles et ceux d\u00e9sirant conna\u00eetre les bonnes pratiques de r\u00e9alisation des enduits, des stucs et des badigeons.<\/p>\n","protected":false},"excerpt":{"rendered":"<p>Cet ouvrage simple et pratique propose une approche th\u00e9orique et technique des enduits traditionnels et des badigeons. Sont notamment abord\u00e9s les diff\u00e9rents types de chaux et de pigments, leur processus de transformation ainsi que leurs caract\u00e9ristiques techniques. Introduisant les pathologies remarquables sur le b\u00e2ti, cet ouvrage accompagnera toutes celles et ceux d\u00e9sirant conna\u00eetre les bonnes [&hellip;]<\/p>\n","protected":false},"featured_media":61994,"template":"","meta":{"_acf_changed":false,"_genesis_hide_title":false,"_genesis_hide_breadcrumbs":false,"_genesis_hide_singular_image":false,"_genesis_hide_footer_widgets":false,"_genesis_custom_body_class":"","_genesis_custom_post_class":"","_genesis_layout":""},"product_brand":[],"product_cat":[7132,7212,7206],"product_tag":[],"class_list":{"0":"post-62011","1":"product","2":"type-product","3":"status-publish","4":"has-post-thumbnail","6":"product_cat-books","7":"product_cat-traditional-skills-savoirs-faire-en","8":"product_cat-traditions-heritage-en","9":"pa_auteur-les-compagnons-du-devoir-et-du-tour-de-france-en","10":"pa_editeur-librairie-du-compagnonnage-en","11":"pa_langue-francais-en","12":"entry","14":"first","15":"outofstock","16":"shipping-taxable","17":"purchasable","18":"product-type-simple"},"acf":[],"_links":{"self":[{"href":"https:\/\/www.libraria-occitana.org\/en\/wp-json\/wp\/v2\/product\/62011","targetHints":{"allow":["GET"]}}],"collection":[{"href":"https:\/\/www.libraria-occitana.org\/en\/wp-json\/wp\/v2\/product"}],"about":[{"href":"https:\/\/www.libraria-occitana.org\/en\/wp-json\/wp\/v2\/types\/product"}],"wp:featuredmedia":[{"embeddable":true,"href":"https:\/\/www.libraria-occitana.org\/en\/wp-json\/wp\/v2\/media\/61994"}],"wp:attachment":[{"href":"https:\/\/www.libraria-occitana.org\/en\/wp-json\/wp\/v2\/media?parent=62011"}],"wp:term":[{"taxonomy":"product_brand","embeddable":true,"href":"https:\/\/www.libraria-occitana.org\/en\/wp-json\/wp\/v2\/product_brand?post=62011"},{"taxonomy":"product_cat","embeddable":true,"href":"https:\/\/www.libraria-occitana.org\/en\/wp-json\/wp\/v2\/product_cat?post=62011"},{"taxonomy":"product_tag","embeddable":true,"href":"https:\/\/www.libraria-occitana.org\/en\/wp-json\/wp\/v2\/product_tag?post=62011"}],"curies":[{"name":"wp","href":"https:\/\/api.w.org\/{rel}","templated":true}]}}