{"id":62036,"date":"2025-06-27T12:55:25","date_gmt":"2025-06-27T10:55:25","guid":{"rendered":"https:\/\/www.libraria-occitana.org\/?post_type=product&#038;p=62036"},"modified":"2026-04-29T06:46:08","modified_gmt":"2026-04-29T04:46:08","slug":"la-jardiniere-gourmande-manieres-de-faire-et-recettes-au-fil-de-lan","status":"publish","type":"product","link":"https:\/\/www.libraria-occitana.org\/en\/product\/la-jardiniere-gourmande-manieres-de-faire-et-recettes-au-fil-de-lan\/","title":{"rendered":"La jardini\u00e8re gourmande : mani\u00e8res de faire et recettes au fil de l&#8217;an"},"content":{"rendered":"<p>La jardini\u00e8re est gourmande mais la terre l\u2019est aussi\u2009 ! Pour avoir un jardin productif, il faut le nourrir en retour de ce qu\u2019il nous donne, et lui apporter sans rel\u00e2che\u2009: herbes, feuilles de for\u00eat, foug\u00e8res, fumier, paille, et de ces purins d\u2019ortie ou de consoude dont Ginette Kieffer a le secret. La terre deviendra ainsi terreau pour toutes graines, celles qu\u2019elle s\u00e8mera, celles qu\u2019elle laissera se resemer seules.<\/p>\n<p>Alors la jardini\u00e8re se fait fourmi g\u00e9n\u00e9reuse, pour enrichir, surveiller, r\u00e9colter, conserver et partager, en veillant aussi au bien-\u00eatre de tous les animaux qui peuplent son domaine\u2009: la jument qui donne son crottin, les m\u00e9sanges gracieuses, le merle gourmand, et m\u00eame le crapaud dans l\u2019herbe.<\/p>\n<p>Voici tous ses trucs pour un jardin merveilleusement fleuri et productif, des recettes parfum\u00e9es pour accommoder tout ce qui aura pouss\u00e9. Et quand viendra la fin de l\u2019ann\u00e9e, le plus grand plaisir de notre auteure imaginative et joyeuse, nich\u00e9e dans son cocon fleuri, sera de tresser des couronnes de No\u00ebl pour accueillir visiteurs et passants.<\/p>\n","protected":false},"excerpt":{"rendered":"<p>La jardini\u00e8re est gourmande mais la terre l\u2019est aussi\u2009 ! Pour avoir un jardin productif, il faut le nourrir en retour de ce qu\u2019il nous donne, et lui apporter sans rel\u00e2che\u2009: herbes, feuilles de for\u00eat, foug\u00e8res, fumier, paille, et de ces purins d\u2019ortie ou de consoude dont Ginette Kieffer a le secret. La terre deviendra [&hellip;]<\/p>\n","protected":false},"featured_media":62039,"template":"","meta":{"_acf_changed":false,"_genesis_hide_title":false,"_genesis_hide_breadcrumbs":false,"_genesis_hide_singular_image":false,"_genesis_hide_footer_widgets":false,"_genesis_custom_body_class":"","_genesis_custom_post_class":"","_genesis_layout":""},"product_brand":[],"product_cat":[7132,7200,7196],"product_tag":[],"class_list":{"0":"post-62036","1":"product","2":"type-product","3":"status-publish","4":"has-post-thumbnail","6":"product_cat-books","7":"product_cat-nature-gardening-en","8":"product_cat-nature-tourism-en","9":"pa_auteur-kieffer-ginette-en","10":"pa_editeur-maiade-en","11":"pa_langue-francais-en","12":"entry","14":"first","15":"instock","16":"shipping-taxable","17":"purchasable","18":"product-type-simple"},"acf":[],"_links":{"self":[{"href":"https:\/\/www.libraria-occitana.org\/en\/wp-json\/wp\/v2\/product\/62036","targetHints":{"allow":["GET"]}}],"collection":[{"href":"https:\/\/www.libraria-occitana.org\/en\/wp-json\/wp\/v2\/product"}],"about":[{"href":"https:\/\/www.libraria-occitana.org\/en\/wp-json\/wp\/v2\/types\/product"}],"wp:featuredmedia":[{"embeddable":true,"href":"https:\/\/www.libraria-occitana.org\/en\/wp-json\/wp\/v2\/media\/62039"}],"wp:attachment":[{"href":"https:\/\/www.libraria-occitana.org\/en\/wp-json\/wp\/v2\/media?parent=62036"}],"wp:term":[{"taxonomy":"product_brand","embeddable":true,"href":"https:\/\/www.libraria-occitana.org\/en\/wp-json\/wp\/v2\/product_brand?post=62036"},{"taxonomy":"product_cat","embeddable":true,"href":"https:\/\/www.libraria-occitana.org\/en\/wp-json\/wp\/v2\/product_cat?post=62036"},{"taxonomy":"product_tag","embeddable":true,"href":"https:\/\/www.libraria-occitana.org\/en\/wp-json\/wp\/v2\/product_tag?post=62036"}],"curies":[{"name":"wp","href":"https:\/\/api.w.org\/{rel}","templated":true}]}}