{"id":62074,"date":"2025-06-04T12:08:45","date_gmt":"2025-06-04T10:08:45","guid":{"rendered":"https:\/\/www.libraria-occitana.org\/?post_type=product&#038;p=62074"},"modified":"2026-04-18T04:01:50","modified_gmt":"2026-04-18T02:01:50","slug":"paraulas-de-novelum-n-187","status":"publish","type":"product","link":"https:\/\/www.libraria-occitana.org\/en\/product\/paraulas-de-novelum-n-187\/","title":{"rendered":"Paraulas de Novelum N\u00b0 187"},"content":{"rendered":"<p>8 de mar\u00e7 2025 : Amassada generala de Novelum<\/p>\n<p>1er de feurier 2025 : Parla ta Lenga !<\/p>\n<p>Marie-Jeanne Simonet, \u00c7\u00f2 que v\u00f2u &#8216;na goiata (2)<\/p>\n<p>Dins los talhiers de lenga :<br \/>\nAlain C\u00e9l\u00e9rier, Una jornada d&#8217;esc\u00f2la a La Cr\u00f2pta<\/p>\n<p>Talhier de St Estefe, Ressons de lectura : las Semnairitz<\/p>\n<p>Alan Bayle, La visada<\/p>\n<p>Joan Luc Mercier, L&#8217;eschange<\/p>\n<p>Mari-Clauda Lahieyte, Fontamiel<\/p>\n<p>Toponimia :<br \/>\nJoan Rigosta, <em>Homo Faber<\/em> : lo fabre, lo faure e lo haur<\/p>\n<p>Benedicta Bonnet, Poemas per las sasons que van&#8230;<\/p>\n<p>Micheu Chapduelh, Esmaliciadas : La ruralitat, quo es l&#8217;aventura ; Incivilitat ; Sci\u00e9ncia afliccion<\/p>\n<p>Comunicat :<br \/>\nCristian Bonnet, Lo CIRDOC a 50 ans<\/p>\n<p>Parucions novelas<\/p>\n<p>Las despartidas dau \u00ab Bastard \u00bb<\/p>\n","protected":false},"excerpt":{"rendered":"<p>8 de mar\u00e7 2025 : Amassada generala de Novelum 1er de feurier 2025 : Parla ta Lenga ! Marie-Jeanne Simonet, \u00c7\u00f2 que v\u00f2u &#8216;na goiata (2) Dins los talhiers de lenga : Alain C\u00e9l\u00e9rier, Una jornada d&#8217;esc\u00f2la a La Cr\u00f2pta Talhier de St Estefe, Ressons de lectura : las Semnairitz Alan Bayle, La visada Joan [&hellip;]<\/p>\n","protected":false},"featured_media":62077,"template":"","meta":{"_acf_changed":false,"_genesis_hide_title":false,"_genesis_hide_breadcrumbs":false,"_genesis_hide_singular_image":false,"_genesis_hide_footer_widgets":false,"_genesis_custom_body_class":"","_genesis_custom_post_class":"","_genesis_layout":""},"product_brand":[],"product_cat":[7132,7148,7174,7182,7162,7180],"product_tag":[],"class_list":{"0":"post-62074","1":"product","2":"type-product","3":"status-publish","4":"has-post-thumbnail","6":"product_cat-books","7":"product_cat-history-geography-en","8":"product_cat-literature-en","9":"product_cat-novels-short-stories-en","10":"product_cat-place-names-peoples-names-en","11":"product_cat-poetry-en","12":"pa_auteur-collectiu-en-2","13":"pa_editeur-ieo-perigord-novelum-en","14":"pa_langue-occitan-en","15":"pa_langue-occitan-lemosin-en","16":"entry","18":"first","19":"instock","20":"shipping-taxable","21":"purchasable","22":"product-type-simple"},"acf":[],"_links":{"self":[{"href":"https:\/\/www.libraria-occitana.org\/en\/wp-json\/wp\/v2\/product\/62074","targetHints":{"allow":["GET"]}}],"collection":[{"href":"https:\/\/www.libraria-occitana.org\/en\/wp-json\/wp\/v2\/product"}],"about":[{"href":"https:\/\/www.libraria-occitana.org\/en\/wp-json\/wp\/v2\/types\/product"}],"wp:featuredmedia":[{"embeddable":true,"href":"https:\/\/www.libraria-occitana.org\/en\/wp-json\/wp\/v2\/media\/62077"}],"wp:attachment":[{"href":"https:\/\/www.libraria-occitana.org\/en\/wp-json\/wp\/v2\/media?parent=62074"}],"wp:term":[{"taxonomy":"product_brand","embeddable":true,"href":"https:\/\/www.libraria-occitana.org\/en\/wp-json\/wp\/v2\/product_brand?post=62074"},{"taxonomy":"product_cat","embeddable":true,"href":"https:\/\/www.libraria-occitana.org\/en\/wp-json\/wp\/v2\/product_cat?post=62074"},{"taxonomy":"product_tag","embeddable":true,"href":"https:\/\/www.libraria-occitana.org\/en\/wp-json\/wp\/v2\/product_tag?post=62074"}],"curies":[{"name":"wp","href":"https:\/\/api.w.org\/{rel}","templated":true}]}}