{"id":62097,"date":"2025-07-08T18:33:17","date_gmt":"2025-07-08T16:33:17","guid":{"rendered":"https:\/\/www.libraria-occitana.org\/?post_type=product&#038;p=62097"},"modified":"2026-04-26T05:36:06","modified_gmt":"2026-04-26T03:36:06","slug":"chabretas-2","status":"publish","type":"product","link":"https:\/\/www.libraria-occitana.org\/en\/product\/chabretas-2\/","title":{"rendered":"Chabretas #2"},"content":{"rendered":"<p><strong>\u00c9ric Montbel :<\/strong> Chabrettes, grande cornemuse \u00e0 miroirs, hautbois, pieds, chant<br \/>\n<strong>Hugo Audier :<\/strong> Percussions<br \/>\n<strong>Guy Bertrand :<\/strong> Fl\u00fbtes, saxophone, clarinette, chant<br \/>\n<strong>Christian Fromentin :<\/strong> Violon, guitare, bouzouki, ud<br \/>\n<strong>Pascal Gallon :<\/strong> Luth, th\u00e9orbe, guitare Renaissance, cistre<br \/>\n<strong>Elsa Montbel :<\/strong> Chant<br \/>\n<strong>Karin Casier :<\/strong> Harmonium<\/p>\n<p>Ce nouveau disque d&#8217;\u00c9ric Montbel est consacr\u00e9 aux chabrettes et cornemuses \u00e0 miroirs plus anciennes que celles jou\u00e9es et fabriqu\u00e9es en Limousin \u00e0 la fin du 19e si\u00e8cle : Grandes Cornemuses \u00e0 Miroirs du 17e si\u00e8cle, chabrettes de tonalit\u00e9s graves du 18e et r\u00e9pertoires de bourr\u00e9es \u00e0 deux temps et contredanses, de montagnardes \u00e0 trois temps qui apparaissent au d\u00e9but du 19e, no\u00ebls, R\u00e9veillez, chansons&#8230;<\/p>\n<p><strong>Titres :<\/strong><br \/>\n1. Montagnarde 61 (Raoulx) \/ Les gen\u00eats en Fleurs (Delaunay)<br \/>\n2. Bourr\u00e9e 15 (Achard) \/ Bourr\u00e9e d&#8217;Issoire (Bouillet)<br \/>\n3. Rossignolet du bois sauvage \/ Montagnardes 6 et 7 (Labadie)<br \/>\n4. R\u00e9veillez-vous \/ Lo pibul traucat (Lambert)<br \/>\n5. L&#8217;\u00e9tranger (Delaunay) \/ La Folle Avoine (Delaunay)<br \/>\n6. Deux bourr\u00e9es pour Guingouin (Montbel)<br \/>\n7. No\u00ebl Cette Nuit J\u00e9sus est n\u00e9 \/ No\u00ebl Trois rois venus de l&#8217;Orient \/ Bourr\u00e9e 10 (Raoulx) \/ Bourr\u00e9e 10 (Achard)<br \/>\n8. Rossignolet \/ Bourr\u00e9es La Girofl\u00e9e 1 et 2 \/ Bourr\u00e9es 1 et 2 de 1787<br \/>\n9. Trois bourr\u00e9es de Michel Meilhac<br \/>\n10. O\u00f9 sont les rosiers blancs \/ Montagnarde 18 (Labadie)<br \/>\n11. Bourr\u00e9e 22 (Achard) \/ Bourr\u00e9e 44 (Achard)<br \/>\n12. Toca la vieilha \/ Bourr\u00e9e 84 (Delaunay)<br \/>\n13. Bourr\u00e9e 18 (Achard) \/ Aquel \u00f2me fai paur (Lambert)<br \/>\n14. Montagnarde 17 (Laussedat) \/ Montagnardes 40 et 48 (Raoulx)<br \/>\n15. Valse La f\u00eate des Ponts (Montbel)<br \/>\n16. Le matin je me l\u00e8ve \/ Bourr\u00e9e 3 (Labadie)<br \/>\n17. Deux valses de \u00c9lie B\u00e9jard et Mathurin Beaubiat<br \/>\n18. Polka de Gabirou<\/p>\n","protected":false},"excerpt":{"rendered":"<p>\u00c9ric Montbel : Chabrettes, grande cornemuse \u00e0 miroirs, hautbois, pieds, chant Hugo Audier : Percussions Guy Bertrand : Fl\u00fbtes, saxophone, clarinette, chant Christian Fromentin : Violon, guitare, bouzouki, ud Pascal Gallon : Luth, th\u00e9orbe, guitare Renaissance, cistre Elsa Montbel : Chant Karin Casier : Harmonium Ce nouveau disque d&#8217;\u00c9ric Montbel est consacr\u00e9 aux chabrettes et [&hellip;]<\/p>\n","protected":false},"featured_media":62100,"template":"","meta":{"_acf_changed":false,"_genesis_hide_title":false,"_genesis_hide_breadcrumbs":false,"_genesis_hide_singular_image":false,"_genesis_hide_footer_widgets":false,"_genesis_custom_body_class":"","_genesis_custom_post_class":"","_genesis_layout":""},"product_brand":[],"product_cat":[7228,7216],"product_tag":[],"class_list":{"0":"post-62097","1":"product","2":"type-product","3":"status-publish","4":"has-post-thumbnail","6":"product_cat-modern-folk-en","7":"product_cat-music-en","8":"pa_auteur-collectiu-en-2","9":"pa_auteur-montbel-eric-en","10":"pa_editeur-ulysse-productions-en","11":"entry","13":"first","14":"instock","15":"shipping-taxable","16":"purchasable","17":"product-type-simple"},"acf":[],"_links":{"self":[{"href":"https:\/\/www.libraria-occitana.org\/en\/wp-json\/wp\/v2\/product\/62097","targetHints":{"allow":["GET"]}}],"collection":[{"href":"https:\/\/www.libraria-occitana.org\/en\/wp-json\/wp\/v2\/product"}],"about":[{"href":"https:\/\/www.libraria-occitana.org\/en\/wp-json\/wp\/v2\/types\/product"}],"wp:featuredmedia":[{"embeddable":true,"href":"https:\/\/www.libraria-occitana.org\/en\/wp-json\/wp\/v2\/media\/62100"}],"wp:attachment":[{"href":"https:\/\/www.libraria-occitana.org\/en\/wp-json\/wp\/v2\/media?parent=62097"}],"wp:term":[{"taxonomy":"product_brand","embeddable":true,"href":"https:\/\/www.libraria-occitana.org\/en\/wp-json\/wp\/v2\/product_brand?post=62097"},{"taxonomy":"product_cat","embeddable":true,"href":"https:\/\/www.libraria-occitana.org\/en\/wp-json\/wp\/v2\/product_cat?post=62097"},{"taxonomy":"product_tag","embeddable":true,"href":"https:\/\/www.libraria-occitana.org\/en\/wp-json\/wp\/v2\/product_tag?post=62097"}],"curies":[{"name":"wp","href":"https:\/\/api.w.org\/{rel}","templated":true}]}}