{"id":62398,"date":"2000-09-24T19:32:30","date_gmt":"2000-09-24T17:32:30","guid":{"rendered":"https:\/\/www.libraria-occitana.org\/?post_type=product&#038;p=62398"},"modified":"2026-04-29T10:56:29","modified_gmt":"2026-04-29T08:56:29","slug":"aratea","status":"publish","type":"product","link":"https:\/\/www.libraria-occitana.org\/en\/product\/aratea\/","title":{"rendered":"Aratea"},"content":{"rendered":"<p>La Chevelure de B\u00e9r\u00e9nice, Ampelos, Canopos, les Couronnes, les Chevaux, l\u2019Aigle, l\u2019Autel, les Pl\u00e9iades : huit constellations, huit po\u00e8mes aveuglants ! Construits dans une forme r\u00e9solument classique, pour un nouveau d\u00e9fi !<\/p>\n<p>\u00c9dition bilingue, traduite de l\u2019occitan par l\u2019auteur.<\/p>\n","protected":false},"excerpt":{"rendered":"<p>La Chevelure de B\u00e9r\u00e9nice, Ampelos, Canopos, les Couronnes, les Chevaux, l\u2019Aigle, l\u2019Autel, les Pl\u00e9iades : huit constellations, huit po\u00e8mes aveuglants ! Construits dans une forme r\u00e9solument classique, pour un nouveau d\u00e9fi ! \u00c9dition bilingue, traduite de l\u2019occitan par l\u2019auteur.<\/p>\n","protected":false},"featured_media":62401,"template":"","meta":{"_acf_changed":false,"_genesis_hide_title":false,"_genesis_hide_breadcrumbs":false,"_genesis_hide_singular_image":false,"_genesis_hide_footer_widgets":false,"_genesis_custom_body_class":"","_genesis_custom_post_class":"","_genesis_layout":""},"product_brand":[],"product_cat":[7132,7174,7180],"product_tag":[],"class_list":{"0":"post-62398","1":"product","2":"type-product","3":"status-publish","4":"has-post-thumbnail","6":"product_cat-books","7":"product_cat-literature-en","8":"product_cat-poetry-en","9":"pa_auteur-manciet-bernat-manciet-bernard-en","10":"pa_editeur-lescampette-en","11":"pa_langue-occitan-gascon-en","12":"pa_langue-occitan-francais-en","13":"entry","15":"first","16":"instock","17":"shipping-taxable","18":"purchasable","19":"product-type-simple"},"acf":[],"_links":{"self":[{"href":"https:\/\/www.libraria-occitana.org\/en\/wp-json\/wp\/v2\/product\/62398","targetHints":{"allow":["GET"]}}],"collection":[{"href":"https:\/\/www.libraria-occitana.org\/en\/wp-json\/wp\/v2\/product"}],"about":[{"href":"https:\/\/www.libraria-occitana.org\/en\/wp-json\/wp\/v2\/types\/product"}],"wp:featuredmedia":[{"embeddable":true,"href":"https:\/\/www.libraria-occitana.org\/en\/wp-json\/wp\/v2\/media\/62401"}],"wp:attachment":[{"href":"https:\/\/www.libraria-occitana.org\/en\/wp-json\/wp\/v2\/media?parent=62398"}],"wp:term":[{"taxonomy":"product_brand","embeddable":true,"href":"https:\/\/www.libraria-occitana.org\/en\/wp-json\/wp\/v2\/product_brand?post=62398"},{"taxonomy":"product_cat","embeddable":true,"href":"https:\/\/www.libraria-occitana.org\/en\/wp-json\/wp\/v2\/product_cat?post=62398"},{"taxonomy":"product_tag","embeddable":true,"href":"https:\/\/www.libraria-occitana.org\/en\/wp-json\/wp\/v2\/product_tag?post=62398"}],"curies":[{"name":"wp","href":"https:\/\/api.w.org\/{rel}","templated":true}]}}