{"id":62411,"date":"1999-09-24T19:55:40","date_gmt":"1999-09-24T17:55:40","guid":{"rendered":"https:\/\/www.libraria-occitana.org\/?post_type=product&#038;p=62411"},"modified":"2026-04-29T10:56:20","modified_gmt":"2026-04-29T08:56:20","slug":"los-hora-treits-o-ifigenia-davant-la-gara-les-emigrants-ou-iphigenie-devant-la-gare","status":"publish","type":"product","link":"https:\/\/www.libraria-occitana.org\/en\/product\/los-hora-treits-o-ifigenia-davant-la-gara-les-emigrants-ou-iphigenie-devant-la-gare\/","title":{"rendered":"Los H\u00f2ra-tr\u00e8its o Ifigenia davant la gara \u2013 Les \u00c9migrants ou Iphig\u00e9nie devant la gare"},"content":{"rendered":"<p>Dans cette pi\u00e8ce en cinq actes, Manciet s\u2019approprie le mythe d\u2019Iphig\u00e9nie et nous le restitue, plein des errements, des fureurs, des combats et des questionnements contemporains. La po\u00e9sie au service de l\u2019histoire et de l\u2019actualit\u00e9 !<\/p>\n<p>Cr\u00e9\u00e9e le 13 avril 1999 par la compagnie Tiberghien au TNT de Bordeaux. \u00c9dition bilingue, traduite de l\u2019occitan par l\u2019auteur &amp; Guy Latry.<\/p>\n","protected":false},"excerpt":{"rendered":"<p>Dans cette pi\u00e8ce en cinq actes, Manciet s\u2019approprie le mythe d\u2019Iphig\u00e9nie et nous le restitue, plein des errements, des fureurs, des combats et des questionnements contemporains. La po\u00e9sie au service de l\u2019histoire et de l\u2019actualit\u00e9 ! Cr\u00e9\u00e9e le 13 avril 1999 par la compagnie Tiberghien au TNT de Bordeaux. \u00c9dition bilingue, traduite de l\u2019occitan par [&hellip;]<\/p>\n","protected":false},"featured_media":62414,"template":"","meta":{"_acf_changed":false,"_genesis_hide_title":false,"_genesis_hide_breadcrumbs":false,"_genesis_hide_singular_image":false,"_genesis_hide_footer_widgets":false,"_genesis_custom_body_class":"","_genesis_custom_post_class":"","_genesis_layout":""},"product_brand":[],"product_cat":[7132,7184,7174,7180],"product_tag":[],"class_list":{"0":"post-62411","1":"product","2":"type-product","3":"status-publish","4":"has-post-thumbnail","6":"product_cat-books","7":"product_cat-drama-en","8":"product_cat-literature-en","9":"product_cat-poetry-en","10":"pa_auteur-manciet-bernat-manciet-bernard-en","11":"pa_editeur-lescampette-en","12":"pa_illustrateur-latry-guy-en","13":"pa_langue-occitan-gascon-en","14":"pa_langue-occitan-francais-en","15":"entry","17":"first","18":"instock","19":"shipping-taxable","20":"purchasable","21":"product-type-simple"},"acf":[],"_links":{"self":[{"href":"https:\/\/www.libraria-occitana.org\/en\/wp-json\/wp\/v2\/product\/62411","targetHints":{"allow":["GET"]}}],"collection":[{"href":"https:\/\/www.libraria-occitana.org\/en\/wp-json\/wp\/v2\/product"}],"about":[{"href":"https:\/\/www.libraria-occitana.org\/en\/wp-json\/wp\/v2\/types\/product"}],"wp:featuredmedia":[{"embeddable":true,"href":"https:\/\/www.libraria-occitana.org\/en\/wp-json\/wp\/v2\/media\/62414"}],"wp:attachment":[{"href":"https:\/\/www.libraria-occitana.org\/en\/wp-json\/wp\/v2\/media?parent=62411"}],"wp:term":[{"taxonomy":"product_brand","embeddable":true,"href":"https:\/\/www.libraria-occitana.org\/en\/wp-json\/wp\/v2\/product_brand?post=62411"},{"taxonomy":"product_cat","embeddable":true,"href":"https:\/\/www.libraria-occitana.org\/en\/wp-json\/wp\/v2\/product_cat?post=62411"},{"taxonomy":"product_tag","embeddable":true,"href":"https:\/\/www.libraria-occitana.org\/en\/wp-json\/wp\/v2\/product_tag?post=62411"}],"curies":[{"name":"wp","href":"https:\/\/api.w.org\/{rel}","templated":true}]}}