{"id":62417,"date":"2000-01-24T20:05:23","date_gmt":"2000-01-24T19:05:23","guid":{"rendered":"https:\/\/www.libraria-occitana.org\/?post_type=product&#038;p=62417"},"modified":"2026-04-02T22:51:58","modified_gmt":"2026-04-02T20:51:58","slug":"compressor-compresseur-suivi-de-prova-poussiere","status":"publish","type":"product","link":"https:\/\/www.libraria-occitana.org\/en\/product\/compressor-compresseur-suivi-de-prova-poussiere\/","title":{"rendered":"Compressor \u2013 Compresseur suivi de Prova \u2013 Poussi\u00e8re"},"content":{"rendered":"<p>Ces deux livres font partie de la mythologie Manciet. Publi\u00e9s en 1978 \u00e0 54 exemplaires, tous les amateurs en parlaient comme des merveilles, sans les avoir lus\u2026 On retrouve l\u00e0 ce qui caract\u00e9rise Manciet : le mariage entre mystique et modernit\u00e9.<\/p>\n<p>\u00c9dition bilingue, traduite de l\u2019occitan par l\u2019auteur.<\/p>\n","protected":false},"excerpt":{"rendered":"<p>Ces deux livres font partie de la mythologie Manciet. Publi\u00e9s en 1978 \u00e0 54 exemplaires, tous les amateurs en parlaient comme des merveilles, sans les avoir lus\u2026 On retrouve l\u00e0 ce qui caract\u00e9rise Manciet : le mariage entre mystique et modernit\u00e9. \u00c9dition bilingue, traduite de l\u2019occitan par l\u2019auteur.<\/p>\n","protected":false},"featured_media":62486,"template":"","meta":{"_acf_changed":false,"_genesis_hide_title":false,"_genesis_hide_breadcrumbs":false,"_genesis_hide_singular_image":false,"_genesis_hide_footer_widgets":false,"_genesis_custom_body_class":"","_genesis_custom_post_class":"","_genesis_layout":""},"product_brand":[],"product_cat":[7132,7174,7180],"product_tag":[],"class_list":{"0":"post-62417","1":"product","2":"type-product","3":"status-publish","4":"has-post-thumbnail","6":"product_cat-books","7":"product_cat-literature-en","8":"product_cat-poetry-en","9":"pa_auteur-manciet-bernat-manciet-bernard-en","10":"pa_editeur-lescampette-en","11":"pa_langue-occitan-gascon-en","12":"pa_langue-occitan-francais-en","13":"entry","15":"first","16":"instock","17":"shipping-taxable","18":"purchasable","19":"product-type-simple"},"acf":[],"_links":{"self":[{"href":"https:\/\/www.libraria-occitana.org\/en\/wp-json\/wp\/v2\/product\/62417","targetHints":{"allow":["GET"]}}],"collection":[{"href":"https:\/\/www.libraria-occitana.org\/en\/wp-json\/wp\/v2\/product"}],"about":[{"href":"https:\/\/www.libraria-occitana.org\/en\/wp-json\/wp\/v2\/types\/product"}],"wp:featuredmedia":[{"embeddable":true,"href":"https:\/\/www.libraria-occitana.org\/en\/wp-json\/wp\/v2\/media\/62486"}],"wp:attachment":[{"href":"https:\/\/www.libraria-occitana.org\/en\/wp-json\/wp\/v2\/media?parent=62417"}],"wp:term":[{"taxonomy":"product_brand","embeddable":true,"href":"https:\/\/www.libraria-occitana.org\/en\/wp-json\/wp\/v2\/product_brand?post=62417"},{"taxonomy":"product_cat","embeddable":true,"href":"https:\/\/www.libraria-occitana.org\/en\/wp-json\/wp\/v2\/product_cat?post=62417"},{"taxonomy":"product_tag","embeddable":true,"href":"https:\/\/www.libraria-occitana.org\/en\/wp-json\/wp\/v2\/product_tag?post=62417"}],"curies":[{"name":"wp","href":"https:\/\/api.w.org\/{rel}","templated":true}]}}