{"id":62437,"date":"2001-10-25T09:09:34","date_gmt":"2001-10-25T07:09:34","guid":{"rendered":"https:\/\/www.libraria-occitana.org\/?post_type=product&#038;p=62437"},"modified":"2026-04-29T11:03:07","modified_gmt":"2026-04-29T09:03:07","slug":"lo-dider-de-guernica-le-dire-de-guernica","status":"publish","type":"product","link":"https:\/\/www.libraria-occitana.org\/en\/product\/lo-dider-de-guernica-le-dire-de-guernica\/","title":{"rendered":"Lo d\u00edder de Guernica \u2013 Le dire de Guernica"},"content":{"rendered":"<p>Dialogue t\u00e9l\u00e9phonique entre Guernica et Paris, quelques instants avant la catastrophe. Les propos l\u00e9gers, bucoliques, confiants, d\u00e9noncent par contraste l\u2019absurdit\u00e9 des guerres.<\/p>\n<p>\u00c9dition bilingue. Traduction \u00e9tablie et couverture illustr\u00e9e par l\u2019auteur.<\/p>\n","protected":false},"excerpt":{"rendered":"<p>Dialogue t\u00e9l\u00e9phonique entre Guernica et Paris, quelques instants avant la catastrophe. Les propos l\u00e9gers, bucoliques, confiants, d\u00e9noncent par contraste l\u2019absurdit\u00e9 des guerres. \u00c9dition bilingue. Traduction \u00e9tablie et couverture illustr\u00e9e par l\u2019auteur.<\/p>\n","protected":false},"featured_media":62440,"template":"","meta":{"_acf_changed":false,"_genesis_hide_title":false,"_genesis_hide_breadcrumbs":false,"_genesis_hide_singular_image":false,"_genesis_hide_footer_widgets":false,"_genesis_custom_body_class":"","_genesis_custom_post_class":"","_genesis_layout":""},"product_brand":[],"product_cat":[7132,7174,7180],"product_tag":[],"class_list":{"0":"post-62437","1":"product","2":"type-product","3":"status-publish","4":"has-post-thumbnail","6":"product_cat-books","7":"product_cat-literature-en","8":"product_cat-poetry-en","9":"pa_auteur-manciet-bernat-manciet-bernard-en","10":"pa_editeur-lescampette-en","11":"pa_langue-occitan-gascon-en","12":"pa_langue-occitan-francais-en","13":"entry","15":"first","16":"instock","17":"shipping-taxable","18":"purchasable","19":"product-type-simple"},"acf":[],"_links":{"self":[{"href":"https:\/\/www.libraria-occitana.org\/en\/wp-json\/wp\/v2\/product\/62437","targetHints":{"allow":["GET"]}}],"collection":[{"href":"https:\/\/www.libraria-occitana.org\/en\/wp-json\/wp\/v2\/product"}],"about":[{"href":"https:\/\/www.libraria-occitana.org\/en\/wp-json\/wp\/v2\/types\/product"}],"wp:featuredmedia":[{"embeddable":true,"href":"https:\/\/www.libraria-occitana.org\/en\/wp-json\/wp\/v2\/media\/62440"}],"wp:attachment":[{"href":"https:\/\/www.libraria-occitana.org\/en\/wp-json\/wp\/v2\/media?parent=62437"}],"wp:term":[{"taxonomy":"product_brand","embeddable":true,"href":"https:\/\/www.libraria-occitana.org\/en\/wp-json\/wp\/v2\/product_brand?post=62437"},{"taxonomy":"product_cat","embeddable":true,"href":"https:\/\/www.libraria-occitana.org\/en\/wp-json\/wp\/v2\/product_cat?post=62437"},{"taxonomy":"product_tag","embeddable":true,"href":"https:\/\/www.libraria-occitana.org\/en\/wp-json\/wp\/v2\/product_tag?post=62437"}],"curies":[{"name":"wp","href":"https:\/\/api.w.org\/{rel}","templated":true}]}}