{"id":62443,"date":"2003-04-25T09:14:03","date_gmt":"2003-04-25T07:14:03","guid":{"rendered":"https:\/\/www.libraria-occitana.org\/?post_type=product&#038;p=62443"},"modified":"2026-04-29T11:03:22","modified_gmt":"2026-04-29T09:03:22","slug":"preu-coishe-de-bassora-pour-lenfant-de-bassora","status":"publish","type":"product","link":"https:\/\/www.libraria-occitana.org\/en\/product\/preu-coishe-de-bassora-pour-lenfant-de-bassora\/","title":{"rendered":"Preu c\u00f2ishe de Bassor\u00e0 \u2013 Pour l&#8217;enfant de Bassora"},"content":{"rendered":"<p>Il est assez r\u00e9jouissant de voir Manciet se colleter avec l\u2019actualit\u00e9\u2026 Mais \u00e0 sa mani\u00e8re, flamboyante et proph\u00e9tique, non sans rappeler le d\u2019Aubign\u00e9 des <em>Tragiques<\/em>.<\/p>\n<p>\u00c9dition bilingue. Traduction \u00e9tablie et couverture illustr\u00e9e par l\u2019auteur.<\/p>\n","protected":false},"excerpt":{"rendered":"<p>Il est assez r\u00e9jouissant de voir Manciet se colleter avec l\u2019actualit\u00e9\u2026 Mais \u00e0 sa mani\u00e8re, flamboyante et proph\u00e9tique, non sans rappeler le d\u2019Aubign\u00e9 des Tragiques. \u00c9dition bilingue. Traduction \u00e9tablie et couverture illustr\u00e9e par l\u2019auteur.<\/p>\n","protected":false},"featured_media":62446,"template":"","meta":{"_acf_changed":false,"_genesis_hide_title":false,"_genesis_hide_breadcrumbs":false,"_genesis_hide_singular_image":false,"_genesis_hide_footer_widgets":false,"_genesis_custom_body_class":"","_genesis_custom_post_class":"","_genesis_layout":""},"product_brand":[],"product_cat":[7132,7174,7180],"product_tag":[],"class_list":{"0":"post-62443","1":"product","2":"type-product","3":"status-publish","4":"has-post-thumbnail","6":"product_cat-books","7":"product_cat-literature-en","8":"product_cat-poetry-en","9":"pa_auteur-manciet-bernat-manciet-bernard-en","10":"pa_editeur-lescampette-en","11":"pa_langue-occitan-gascon-en","12":"pa_langue-occitan-francais-en","13":"entry","15":"first","16":"instock","17":"shipping-taxable","18":"purchasable","19":"product-type-simple"},"acf":[],"_links":{"self":[{"href":"https:\/\/www.libraria-occitana.org\/en\/wp-json\/wp\/v2\/product\/62443","targetHints":{"allow":["GET"]}}],"collection":[{"href":"https:\/\/www.libraria-occitana.org\/en\/wp-json\/wp\/v2\/product"}],"about":[{"href":"https:\/\/www.libraria-occitana.org\/en\/wp-json\/wp\/v2\/types\/product"}],"wp:featuredmedia":[{"embeddable":true,"href":"https:\/\/www.libraria-occitana.org\/en\/wp-json\/wp\/v2\/media\/62446"}],"wp:attachment":[{"href":"https:\/\/www.libraria-occitana.org\/en\/wp-json\/wp\/v2\/media?parent=62443"}],"wp:term":[{"taxonomy":"product_brand","embeddable":true,"href":"https:\/\/www.libraria-occitana.org\/en\/wp-json\/wp\/v2\/product_brand?post=62443"},{"taxonomy":"product_cat","embeddable":true,"href":"https:\/\/www.libraria-occitana.org\/en\/wp-json\/wp\/v2\/product_cat?post=62443"},{"taxonomy":"product_tag","embeddable":true,"href":"https:\/\/www.libraria-occitana.org\/en\/wp-json\/wp\/v2\/product_tag?post=62443"}],"curies":[{"name":"wp","href":"https:\/\/api.w.org\/{rel}","templated":true}]}}