{"id":62449,"date":"2004-02-25T09:18:55","date_gmt":"2004-02-25T08:18:55","guid":{"rendered":"https:\/\/www.libraria-occitana.org\/?post_type=product&#038;p=62449"},"modified":"2026-04-29T11:03:26","modified_gmt":"2026-04-29T09:03:26","slug":"la-preia-la-proie","status":"publish","type":"product","link":"https:\/\/www.libraria-occitana.org\/en\/product\/la-preia-la-proie\/","title":{"rendered":"La Preia \u2013 La Proie"},"content":{"rendered":"<p>Rest\u00e9 in\u00e9dit depuis 1977, ce livre \u00e9voque, par des m\u00e9taphores baroques, une relation amoureuse d\u2019une intensit\u00e9 \u00e0 la fois physique et spirituelle qui nous entra\u00eene aussi bien vers un \u00ab combat avec l\u2019ange \u00bb que vers des langueurs \u00ab fin de si\u00e8cle \u00bb\u2026<\/p>\n<p>Bilingue. Traduction en fran\u00e7ais, c\u2019est-\u00e0- dire \u00ab r\u00e9\u00e9criture \u00bb, par l\u2019auteur.<\/p>\n","protected":false},"excerpt":{"rendered":"<p>Rest\u00e9 in\u00e9dit depuis 1977, ce livre \u00e9voque, par des m\u00e9taphores baroques, une relation amoureuse d\u2019une intensit\u00e9 \u00e0 la fois physique et spirituelle qui nous entra\u00eene aussi bien vers un \u00ab combat avec l\u2019ange \u00bb que vers des langueurs \u00ab fin de si\u00e8cle \u00bb\u2026 Bilingue. Traduction en fran\u00e7ais, c\u2019est-\u00e0- dire \u00ab r\u00e9\u00e9criture \u00bb, par l\u2019auteur.<\/p>\n","protected":false},"featured_media":62452,"template":"","meta":{"_acf_changed":false,"_genesis_hide_title":false,"_genesis_hide_breadcrumbs":false,"_genesis_hide_singular_image":false,"_genesis_hide_footer_widgets":false,"_genesis_custom_body_class":"","_genesis_custom_post_class":"","_genesis_layout":""},"product_brand":[],"product_cat":[7132,7174,7180],"product_tag":[],"class_list":{"0":"post-62449","1":"product","2":"type-product","3":"status-publish","4":"has-post-thumbnail","6":"product_cat-books","7":"product_cat-literature-en","8":"product_cat-poetry-en","9":"pa_auteur-manciet-bernat-manciet-bernard-en","10":"pa_editeur-lescampette-en","11":"pa_langue-occitan-gascon-en","12":"pa_langue-occitan-francais-en","13":"entry","15":"first","16":"instock","17":"shipping-taxable","18":"purchasable","19":"product-type-simple"},"acf":[],"_links":{"self":[{"href":"https:\/\/www.libraria-occitana.org\/en\/wp-json\/wp\/v2\/product\/62449","targetHints":{"allow":["GET"]}}],"collection":[{"href":"https:\/\/www.libraria-occitana.org\/en\/wp-json\/wp\/v2\/product"}],"about":[{"href":"https:\/\/www.libraria-occitana.org\/en\/wp-json\/wp\/v2\/types\/product"}],"wp:featuredmedia":[{"embeddable":true,"href":"https:\/\/www.libraria-occitana.org\/en\/wp-json\/wp\/v2\/media\/62452"}],"wp:attachment":[{"href":"https:\/\/www.libraria-occitana.org\/en\/wp-json\/wp\/v2\/media?parent=62449"}],"wp:term":[{"taxonomy":"product_brand","embeddable":true,"href":"https:\/\/www.libraria-occitana.org\/en\/wp-json\/wp\/v2\/product_brand?post=62449"},{"taxonomy":"product_cat","embeddable":true,"href":"https:\/\/www.libraria-occitana.org\/en\/wp-json\/wp\/v2\/product_cat?post=62449"},{"taxonomy":"product_tag","embeddable":true,"href":"https:\/\/www.libraria-occitana.org\/en\/wp-json\/wp\/v2\/product_tag?post=62449"}],"curies":[{"name":"wp","href":"https:\/\/api.w.org\/{rel}","templated":true}]}}