{"id":62467,"date":"2002-10-25T09:44:50","date_gmt":"2002-10-25T07:44:50","guid":{"rendered":"https:\/\/www.libraria-occitana.org\/?post_type=product&#038;p=62467"},"modified":"2026-04-29T10:55:58","modified_gmt":"2026-04-29T08:55:58","slug":"strophes-pour-feurer","status":"publish","type":"product","link":"https:\/\/www.libraria-occitana.org\/en\/product\/strophes-pour-feurer\/","title":{"rendered":"Strophes pour Feurer"},"content":{"rendered":"<p>Deux \u0153uvres monumentales de Ren\u00e9 Feurer ont litt\u00e9ralement inspir\u00e9 ce texte \u00e0 Bernard Manciet (1923-2005) qui est l\u2019un des grands po\u00e8tes de ce temps.<\/p>\n<p>Ces <em>Strophes pour Feurer<\/em>, initialement \u00e9crites en gascon par Bernard Manciet sous le titre <em>Tr\u00f2bas ent\u00e0 Feurer<\/em>, ont \u00e9t\u00e9 traduites en fran\u00e7ais par l&#8217;auteur.<\/p>\n<p>Avec huit illustrations en couleurs.<\/p>\n","protected":false},"excerpt":{"rendered":"<p>Deux \u0153uvres monumentales de Ren\u00e9 Feurer ont litt\u00e9ralement inspir\u00e9 ce texte \u00e0 Bernard Manciet (1923-2005) qui est l\u2019un des grands po\u00e8tes de ce temps. Ces Strophes pour Feurer, initialement \u00e9crites en gascon par Bernard Manciet sous le titre Tr\u00f2bas ent\u00e0 Feurer, ont \u00e9t\u00e9 traduites en fran\u00e7ais par l&#8217;auteur. Avec huit illustrations en couleurs.<\/p>\n","protected":false},"featured_media":62482,"template":"","meta":{"_acf_changed":false,"_genesis_hide_title":false,"_genesis_hide_breadcrumbs":false,"_genesis_hide_singular_image":false,"_genesis_hide_footer_widgets":false,"_genesis_custom_body_class":"","_genesis_custom_post_class":"","_genesis_layout":""},"product_brand":[],"product_cat":[7132,7174,7180],"product_tag":[],"class_list":{"0":"post-62467","1":"product","2":"type-product","3":"status-publish","4":"has-post-thumbnail","6":"product_cat-books","7":"product_cat-literature-en","8":"product_cat-poetry-en","9":"pa_auteur-manciet-bernat-manciet-bernard-en","10":"pa_editeur-lescampette-en","11":"pa_langue-francais-en","12":"entry","14":"first","15":"instock","16":"shipping-taxable","17":"purchasable","18":"product-type-simple"},"acf":[],"_links":{"self":[{"href":"https:\/\/www.libraria-occitana.org\/en\/wp-json\/wp\/v2\/product\/62467","targetHints":{"allow":["GET"]}}],"collection":[{"href":"https:\/\/www.libraria-occitana.org\/en\/wp-json\/wp\/v2\/product"}],"about":[{"href":"https:\/\/www.libraria-occitana.org\/en\/wp-json\/wp\/v2\/types\/product"}],"wp:featuredmedia":[{"embeddable":true,"href":"https:\/\/www.libraria-occitana.org\/en\/wp-json\/wp\/v2\/media\/62482"}],"wp:attachment":[{"href":"https:\/\/www.libraria-occitana.org\/en\/wp-json\/wp\/v2\/media?parent=62467"}],"wp:term":[{"taxonomy":"product_brand","embeddable":true,"href":"https:\/\/www.libraria-occitana.org\/en\/wp-json\/wp\/v2\/product_brand?post=62467"},{"taxonomy":"product_cat","embeddable":true,"href":"https:\/\/www.libraria-occitana.org\/en\/wp-json\/wp\/v2\/product_cat?post=62467"},{"taxonomy":"product_tag","embeddable":true,"href":"https:\/\/www.libraria-occitana.org\/en\/wp-json\/wp\/v2\/product_tag?post=62467"}],"curies":[{"name":"wp","href":"https:\/\/api.w.org\/{rel}","templated":true}]}}