{"id":62534,"date":"2025-10-02T16:24:36","date_gmt":"2025-10-02T14:24:36","guid":{"rendered":"https:\/\/www.libraria-occitana.org\/?post_type=product&#038;p=62534"},"modified":"2026-04-26T02:31:13","modified_gmt":"2026-04-26T00:31:13","slug":"accordeon-diatonique-musique-traditionnelle-de-la-marche-et-du-limousin","status":"publish","type":"product","link":"https:\/\/www.libraria-occitana.org\/en\/product\/accordeon-diatonique-musique-traditionnelle-de-la-marche-et-du-limousin\/","title":{"rendered":"Accord\u00e9on diatonique : Musique traditionnelle de la Marche et du Limousin"},"content":{"rendered":"<p><strong>Jean-Jacques Le Creurer :<\/strong> Accord\u00e9on diatonique<\/p>\n<p>Traditionnel : Auvergne (2 titres), Limousin (17 titres), Marche (12 titres).<br \/>\nCompositions : Georges Moustaki et Jan dau Melhau (1 titre), Jean-Jacques Le Creurer (1 titre).<\/p>\n<p>\u00ab Cet enregistrement est issu en grande partie de mes collectes. Attach\u00e9 aux styles de jeu et \u00e0 la cadence, je suis surtout sensible \u00e0 la fa\u00e7on de mener une m\u00e9lodie et de \u00ab porter \u00bb les danseurs. [\u2026] Je m\u2019inspire beaucoup des jeux de violon corr\u00e9zien, de vielle en Creuse et d\u2019accord\u00e9onistes au style remarquable. Ce qui m\u2019\u00e9merveille, c\u2019est la coh\u00e9rence, l\u2019\u00e9vidence qui se d\u00e9gagent de leurs interpr\u00e9tations. [\u2026] C\u2019est qu\u2019on a l\u00e0 le fruit d\u2019une longue pratique, d\u2019ann\u00e9es pass\u00e9es \u00e0 se confronter \u00e0 la n\u00e9cessit\u00e9 d\u2019une musique fonctionnelle, le fruit de la r\u00e9p\u00e9tition incessante d\u2019un r\u00e9pertoire souvent limit\u00e9 et connu de tous. La cons\u00e9quence en est une interpr\u00e9tation sans cesse renouvel\u00e9e. L\u2019anthropologue Marcel Jousse, parlant de ses recherches sur les soci\u00e9t\u00e9s de tradition orale, disait : \u00ab dans l\u2019oralit\u00e9, on go\u00fbte la cr\u00e9ativit\u00e9 \u00e0 la capacit\u00e9 \u00e0 faire du neuf \u00e0 partir d\u2019expressions qui sont sur les l\u00e8vres de tous \u00bb.<\/p>\n<p>Voil\u00e0, nous y sommes ! Dans la rencontre de l\u2019artiste et de l\u2019artisan. De la r\u00e9p\u00e9tition du m\u00eame objet que l\u2019on fa\u00e7onne jour apr\u00e8s jour, ann\u00e9e apr\u00e8s ann\u00e9e, na\u00eet l\u2019in\u00e9vitable variation source de cr\u00e9ation : le profane y voit toujours le m\u00eame objet, tandis que pour le connaisseur y fourmillent mille d\u00e9tails, y brillent mille reflets toujours changeants qui font de chaque objet, th\u00e9i\u00e8re du potier ou bourr\u00e9e du musicien, un objet semblable aux autres mais unique et merveilleux. Ouvrage sans cesse remis sur le m\u00e9tier, qui tente de s\u2019approcher toujours plus, dans la simplicit\u00e9 de sa structure, de la complexit\u00e9 de la vie, mais toujours inachev\u00e9\u2026 Voil\u00e0 ce qui habite ma musique. \u00bb<\/p>\n<p style=\"text-align: right;\">Extrait du livret<\/p>\n<p><strong>Titres :<\/strong><br \/>\n1.\u00a0Devers Flaiac : Para lo lop \/ Para lo lop \/ Los tets de ma mia (Bourr\u00e9es \/ Marche) 2&#8217;55<br \/>\n2. Glissantes : Plant&#8217; un chaul \/ Glissante de Martin (Marche, Limousin) 2&#8217;40<br \/>\n3. Mazurka de Br\u00e9chard (Marche) 2&#8217;10<br \/>\n4. Barra l\u2019emb clau (Sauti\u00e8re \/ Limousin) 2&#8217;28<br \/>\n5. Dau biais de l\u2019armonica : Mazurka de Chaput \/ Bourr\u00e9e du p\u00e8re de Mouret \/ Montagnarde de Muravaud (Auvergne, Marche) 5&#8217;50<br \/>\n6. Maridan la Mieta \/ Brenne valse (Chanson, valse \/ Limousin, Marche) 4&#8217;50<br \/>\n7. Polkas (Marche, Limousin) 2&#8217;37<br \/>\n8. Revelhatz-vos les gens : La m\u00f2rt que r\u00f2da \/ Las oelhas paissan l\u2019erba \/ Ab\u2019aqui paubres dr\u00f2lles (R\u00e9veillez, Bourr\u00e9es \/ Limousin) 5&#8217;38<br \/>\n9. Valses (Marche) 5&#8217;19<br \/>\n10. Suite nuptiale (Limousin, Marche) 6&#8217;04<br \/>\n11. Mazurka de Martin (Limousin) 2&#8217;49<br \/>\n12. Quand era un penlant (G. Moustaki, J. dau Melhau) 4&#8217;59<br \/>\n13. Les l\u00e9zards (scottish, Limousin) 3&#8217;03<br \/>\n14. Fai anar ton violon : M\u00e9lodie \/ Fai anar ton violon \/ Bourr\u00e9e de Porte (J.-J Le Creurer, Limousin) 4&#8217;44<\/p>\n","protected":false},"excerpt":{"rendered":"<p>Jean-Jacques Le Creurer : Accord\u00e9on diatonique Traditionnel : Auvergne (2 titres), Limousin (17 titres), Marche (12 titres). Compositions : Georges Moustaki et Jan dau Melhau (1 titre), Jean-Jacques Le Creurer (1 titre). \u00ab Cet enregistrement est issu en grande partie de mes collectes. Attach\u00e9 aux styles de jeu et \u00e0 la cadence, je suis surtout [&hellip;]<\/p>\n","protected":false},"featured_media":62537,"template":"","meta":{"_acf_changed":false,"_genesis_hide_title":false,"_genesis_hide_breadcrumbs":false,"_genesis_hide_singular_image":false,"_genesis_hide_footer_widgets":false,"_genesis_custom_body_class":"","_genesis_custom_post_class":"","_genesis_layout":""},"product_brand":[],"product_cat":[7228,7216],"product_tag":[],"class_list":{"0":"post-62534","1":"product","2":"type-product","3":"status-publish","4":"has-post-thumbnail","6":"product_cat-modern-folk-en","7":"product_cat-music-en","8":"pa_editeur-aepem-en","9":"pa_langue-occitan-en","10":"pa_langue-occitan-lemosin-en","11":"entry","13":"first","14":"instock","15":"shipping-taxable","16":"purchasable","17":"product-type-simple"},"acf":[],"_links":{"self":[{"href":"https:\/\/www.libraria-occitana.org\/en\/wp-json\/wp\/v2\/product\/62534","targetHints":{"allow":["GET"]}}],"collection":[{"href":"https:\/\/www.libraria-occitana.org\/en\/wp-json\/wp\/v2\/product"}],"about":[{"href":"https:\/\/www.libraria-occitana.org\/en\/wp-json\/wp\/v2\/types\/product"}],"wp:featuredmedia":[{"embeddable":true,"href":"https:\/\/www.libraria-occitana.org\/en\/wp-json\/wp\/v2\/media\/62537"}],"wp:attachment":[{"href":"https:\/\/www.libraria-occitana.org\/en\/wp-json\/wp\/v2\/media?parent=62534"}],"wp:term":[{"taxonomy":"product_brand","embeddable":true,"href":"https:\/\/www.libraria-occitana.org\/en\/wp-json\/wp\/v2\/product_brand?post=62534"},{"taxonomy":"product_cat","embeddable":true,"href":"https:\/\/www.libraria-occitana.org\/en\/wp-json\/wp\/v2\/product_cat?post=62534"},{"taxonomy":"product_tag","embeddable":true,"href":"https:\/\/www.libraria-occitana.org\/en\/wp-json\/wp\/v2\/product_tag?post=62534"}],"curies":[{"name":"wp","href":"https:\/\/api.w.org\/{rel}","templated":true}]}}