{"id":62563,"date":"2024-12-10T15:04:34","date_gmt":"2024-12-10T14:04:34","guid":{"rendered":"https:\/\/www.libraria-occitana.org\/?post_type=product&#038;p=62563"},"modified":"2026-04-17T05:22:00","modified_gmt":"2026-04-17T03:22:00","slug":"ponheton-pougnetou-contes-du-rouergue-1","status":"publish","type":"product","link":"https:\/\/www.libraria-occitana.org\/en\/product\/ponheton-pougnetou-contes-du-rouergue-1\/","title":{"rendered":"Ponheton &#8211; Pougn\u00e9tou : Contes du Rouergue 1"},"content":{"rendered":"<p><strong>D\u00e9couvrez les aventures du Petit Poucet occitan !<\/strong><\/p>\n<p>Comme le Petit Poucet (en fran\u00e7ais), Tom Pouce (en anglais) ou Petit Bout (en russe), <em>Ponheton es pichon coma lo ponh<\/em> et, surtout, il est Occitan ! C&#8217;est l&#8217;un des personnages les plus connus des contes universels.<\/p>\n<p>On pourrait imaginer que les versions occitanes des contes universels ne sont que des traductions de contes \u00e9manant de la tradition fran\u00e7aise, il n&#8217;en est \u00e9videmment rien. Ces contes ont travers\u00e9 les si\u00e8cles par le vecteur de l&#8217;oralit\u00e9 dans un milieu familial occitanophone.<\/p>\n<p>Ce conte a \u00e9t\u00e9 r\u00e9\u00e9crit \u00e0 partir des nombreuses versions issues du fonds de l&#8217;Institut occitan de l&#8217;Aveyron (occitan-aveyron.fr). L&#8217;abb\u00e9 Justin Bessou (1845-1918) en avait d\u00e9j\u00e0 publi\u00e9 une version dans <em>Countes de la Tata Mannou<\/em> (1902).<\/p>\n","protected":false},"excerpt":{"rendered":"<p>D\u00e9couvrez les aventures du Petit Poucet occitan ! Comme le Petit Poucet (en fran\u00e7ais), Tom Pouce (en anglais) ou Petit Bout (en russe), Ponheton es pichon coma lo ponh et, surtout, il est Occitan ! C&#8217;est l&#8217;un des personnages les plus connus des contes universels. On pourrait imaginer que les versions occitanes des contes universels [&hellip;]<\/p>\n","protected":false},"featured_media":62566,"template":"","meta":{"_acf_changed":false,"_genesis_hide_title":false,"_genesis_hide_breadcrumbs":false,"_genesis_hide_singular_image":false,"_genesis_hide_footer_widgets":false,"_genesis_custom_body_class":"","_genesis_custom_post_class":"","_genesis_layout":""},"product_brand":[],"product_cat":[7132,7170,7164],"product_tag":[],"class_list":{"0":"post-62563","1":"product","2":"type-product","3":"status-publish","4":"has-post-thumbnail","6":"product_cat-books","7":"product_cat-juvenile-en","8":"product_cat-juvenile-and-teen-comics-humour-en","9":"pa_auteur-pallier-patricia-en","10":"pa_editeur-grelh-roergas-en","11":"pa_illustrateur-gairal-sergi-en","12":"pa_langue-occitan-lengadocian-en","13":"pa_langue-occitan-francais-en","14":"entry","16":"first","17":"outofstock","18":"shipping-taxable","19":"purchasable","20":"product-type-simple"},"acf":[],"_links":{"self":[{"href":"https:\/\/www.libraria-occitana.org\/en\/wp-json\/wp\/v2\/product\/62563","targetHints":{"allow":["GET"]}}],"collection":[{"href":"https:\/\/www.libraria-occitana.org\/en\/wp-json\/wp\/v2\/product"}],"about":[{"href":"https:\/\/www.libraria-occitana.org\/en\/wp-json\/wp\/v2\/types\/product"}],"wp:featuredmedia":[{"embeddable":true,"href":"https:\/\/www.libraria-occitana.org\/en\/wp-json\/wp\/v2\/media\/62566"}],"wp:attachment":[{"href":"https:\/\/www.libraria-occitana.org\/en\/wp-json\/wp\/v2\/media?parent=62563"}],"wp:term":[{"taxonomy":"product_brand","embeddable":true,"href":"https:\/\/www.libraria-occitana.org\/en\/wp-json\/wp\/v2\/product_brand?post=62563"},{"taxonomy":"product_cat","embeddable":true,"href":"https:\/\/www.libraria-occitana.org\/en\/wp-json\/wp\/v2\/product_cat?post=62563"},{"taxonomy":"product_tag","embeddable":true,"href":"https:\/\/www.libraria-occitana.org\/en\/wp-json\/wp\/v2\/product_tag?post=62563"}],"curies":[{"name":"wp","href":"https:\/\/api.w.org\/{rel}","templated":true}]}}