{"id":62569,"date":"2025-10-10T15:34:52","date_gmt":"2025-10-10T13:34:52","guid":{"rendered":"https:\/\/www.libraria-occitana.org\/?post_type=product&#038;p=62569"},"modified":"2026-04-17T20:51:35","modified_gmt":"2026-04-17T18:51:35","slug":"mes-creations-en-vannerie-sauvage","status":"publish","type":"product","link":"https:\/\/www.libraria-occitana.org\/en\/product\/mes-creations-en-vannerie-sauvage\/","title":{"rendered":"Mes cr\u00e9ations en vannerie sauvage"},"content":{"rendered":"<p>Plongez dans l\u2019univers cr\u00e9atif de la vannerie bucolique avec le livre <em>Mes cr\u00e9ations en vannerie sauvage<\/em> d\u2019Olivier Trioux.<\/p>\n<p>Cet ouvrage, fruit de longues ann\u00e9es d\u2019exp\u00e9rimentations et d\u2019enseignement de cet artisan vannier, propose d\u2019apprendre \u00e0 tresser des v\u00e9g\u00e9taux glan\u00e9s dans la nature environnante : cornouiller, noisetier, saule, fr\u00eane, mais aussi ortie, jonc ou lierre rampant.<\/p>\n<p>Pas besoin d\u2019acheter de mat\u00e9riaux co\u00fbteux : vous r\u00e9coltez, vous faites s\u00e9cher, puis vous transformez vos cueillettes en objets utiles et durables. \u00c9tui \u00e0 couteau, vide-poche, filet cord\u00e9, sacoche, hotte ou encore bo\u00eete en \u00e9corce\u2026 une douzaine de projets progressifs vous guideront pas \u00e0 pas, gr\u00e2ce \u00e0 des tutoriels illustr\u00e9s de dessins clairs et de photos inspirantes.<\/p>\n<p>Chaque r\u00e9alisation est pens\u00e9e pour vous donner confiance et vous permettre d\u2019acqu\u00e9rir de nouvelles techniques afin de d\u00e9velopper une v\u00e9ritable autonomie cr\u00e9ative. L\u2019auteur invite aussi \u00e0 une d\u00e9marche respectueuse du vivant : r\u00e9colter sans ab\u00eemer, utiliser ce que la nature offre et retrouver un lien concret avec son environnement.<\/p>\n<p>Un livre \u00e0 la fois pratique et inspirant, qui ouvre les portes d\u2019une vannerie accessible \u00e0 tous, o\u00f9 simplicit\u00e9 rime avec libert\u00e9 et cr\u00e9ativit\u00e9.<\/p>\n","protected":false},"excerpt":{"rendered":"<p>Plongez dans l\u2019univers cr\u00e9atif de la vannerie bucolique avec le livre Mes cr\u00e9ations en vannerie sauvage d\u2019Olivier Trioux. Cet ouvrage, fruit de longues ann\u00e9es d\u2019exp\u00e9rimentations et d\u2019enseignement de cet artisan vannier, propose d\u2019apprendre \u00e0 tresser des v\u00e9g\u00e9taux glan\u00e9s dans la nature environnante : cornouiller, noisetier, saule, fr\u00eane, mais aussi ortie, jonc ou lierre rampant. Pas [&hellip;]<\/p>\n","protected":false},"featured_media":62572,"template":"","meta":{"_acf_changed":false,"_genesis_hide_title":false,"_genesis_hide_breadcrumbs":false,"_genesis_hide_singular_image":false,"_genesis_hide_footer_widgets":false,"_genesis_custom_body_class":"","_genesis_custom_post_class":"","_genesis_layout":""},"product_brand":[],"product_cat":[7132,7212,7206],"product_tag":[],"class_list":{"0":"post-62569","1":"product","2":"type-product","3":"status-publish","4":"has-post-thumbnail","6":"product_cat-books","7":"product_cat-traditional-skills-savoirs-faire-en","8":"product_cat-traditions-heritage-en","9":"pa_editeur-terre-vivante-en","10":"pa_langue-francais-en","11":"entry","13":"first","14":"outofstock","15":"shipping-taxable","16":"purchasable","17":"product-type-simple"},"acf":[],"_links":{"self":[{"href":"https:\/\/www.libraria-occitana.org\/en\/wp-json\/wp\/v2\/product\/62569","targetHints":{"allow":["GET"]}}],"collection":[{"href":"https:\/\/www.libraria-occitana.org\/en\/wp-json\/wp\/v2\/product"}],"about":[{"href":"https:\/\/www.libraria-occitana.org\/en\/wp-json\/wp\/v2\/types\/product"}],"wp:featuredmedia":[{"embeddable":true,"href":"https:\/\/www.libraria-occitana.org\/en\/wp-json\/wp\/v2\/media\/62572"}],"wp:attachment":[{"href":"https:\/\/www.libraria-occitana.org\/en\/wp-json\/wp\/v2\/media?parent=62569"}],"wp:term":[{"taxonomy":"product_brand","embeddable":true,"href":"https:\/\/www.libraria-occitana.org\/en\/wp-json\/wp\/v2\/product_brand?post=62569"},{"taxonomy":"product_cat","embeddable":true,"href":"https:\/\/www.libraria-occitana.org\/en\/wp-json\/wp\/v2\/product_cat?post=62569"},{"taxonomy":"product_tag","embeddable":true,"href":"https:\/\/www.libraria-occitana.org\/en\/wp-json\/wp\/v2\/product_tag?post=62569"}],"curies":[{"name":"wp","href":"https:\/\/api.w.org\/{rel}","templated":true}]}}