{"id":62579,"date":"2012-07-10T15:49:34","date_gmt":"2012-07-10T13:49:34","guid":{"rendered":"https:\/\/www.libraria-occitana.org\/?post_type=product&#038;p=62579"},"modified":"2026-04-26T00:11:40","modified_gmt":"2026-04-25T22:11:40","slug":"le-midi-les-midis-dans-la-iiie-republique-1870-1940-actes-du-colloque-de-nerac-13-mai-2011","status":"publish","type":"product","link":"https:\/\/www.libraria-occitana.org\/en\/product\/le-midi-les-midis-dans-la-iiie-republique-1870-1940-actes-du-colloque-de-nerac-13-mai-2011\/","title":{"rendered":"Le midi, les Midis, dans la IIIe R\u00e9publique (1870-1940) &#8211; Actes du colloque de N\u00e9rac (13 mai 2011)"},"content":{"rendered":"<p>La III\u00e8me R\u00e9publique s&#8217;est construite autour de l&#8217;id\u00e9e d&#8217;unit\u00e9 nationale. Mais les pr\u00e9jug\u00e9s et les haines r\u00e9gionales disparaissent-ils pour autant en France entre 1870 et 1940 ?<\/p>\n<p>Pour r\u00e9pondre \u00e0 cette question, le colloque organis\u00e9 par les Amis du Vieux N\u00e9rac le 13 mai 2011, autour du Midi \/ des Midis, interroge la profondeur du sentiment national en l&#8217;observant \u00e0 travers le prisme de l&#8217;identit\u00e9 m\u00e9ridionale. De quelle mani\u00e8re le Midi est-il pens\u00e9, \u00e0 la fois par ceux qui s&#8217;y incluent mais \u00e9galement par ceux qui s&#8217;y r\u00e9f\u00e8rent ? Quelle est la place de la \u00ab m\u00e9ridionalit\u00e9 \u00bb dans l&#8217;espace fran\u00e7ais, dans le \u00ab roman national \u00bb alors en train de s&#8217;\u00e9crire ?<\/p>\n<p>Trois axes questionnent cette riche th\u00e9matique en proposant des approches souvent originales. Peut-on d\u00e9gager une affirmation identitaire particuli\u00e8re du ou des Midi\/s pendant la IIIe R\u00e9publique ? Quels ont pu \u00eatre les \u00ab regards \u00bb port\u00e9s sur cet espace culturel et politique, aux contours plut\u00f4t flous ?<br \/>\nEnfin, la guerre, et celle de 1914-1918 en particulier, vient-elle adoucir ou, au contraire, r\u00e9veiller les crispations identitaires des M\u00e9ridionaux comme de ceux qui les stigmatisent ?<\/p>\n<p>Avec les contributions d&#8217;\u00c9ric Bonhomme, Yohann Chanoir, J\u00e9r\u00e9mie Dubois, Alexandre Fernandez, Alexandre Lafon, Jean-Yves Le Naour, Yan Lespoux, Philippe Martel, Laurence Montel, R\u00e9my Pech, C\u00e9line Piot, Denis Rolland, Laurent S\u00e9galant, Thierry Truel, Richard Vassakos &amp; Xavier Verdejo.<br \/>\nPostface de Christian Amalvi.<\/p>\n","protected":false},"excerpt":{"rendered":"<p>La III\u00e8me R\u00e9publique s&#8217;est construite autour de l&#8217;id\u00e9e d&#8217;unit\u00e9 nationale. Mais les pr\u00e9jug\u00e9s et les haines r\u00e9gionales disparaissent-ils pour autant en France entre 1870 et 1940 ? Pour r\u00e9pondre \u00e0 cette question, le colloque organis\u00e9 par les Amis du Vieux N\u00e9rac le 13 mai 2011, autour du Midi \/ des Midis, interroge la profondeur du [&hellip;]<\/p>\n","protected":false},"featured_media":62577,"template":"","meta":{"_acf_changed":false,"_genesis_hide_title":false,"_genesis_hide_breadcrumbs":false,"_genesis_hide_singular_image":false,"_genesis_hide_footer_widgets":false,"_genesis_custom_body_class":"","_genesis_custom_post_class":"","_genesis_layout":""},"product_brand":[],"product_cat":[7132,7148,7158],"product_tag":[],"class_list":{"0":"post-62579","1":"product","2":"type-product","3":"status-publish","4":"has-post-thumbnail","6":"product_cat-books","7":"product_cat-history-geography-en","8":"product_cat-modern-and-contemporary-history-en","9":"pa_auteur-collectiu-en-2","10":"pa_langue-francais-en","11":"entry","13":"first","14":"instock","15":"shipping-taxable","16":"purchasable","17":"product-type-simple"},"acf":[],"_links":{"self":[{"href":"https:\/\/www.libraria-occitana.org\/en\/wp-json\/wp\/v2\/product\/62579","targetHints":{"allow":["GET"]}}],"collection":[{"href":"https:\/\/www.libraria-occitana.org\/en\/wp-json\/wp\/v2\/product"}],"about":[{"href":"https:\/\/www.libraria-occitana.org\/en\/wp-json\/wp\/v2\/types\/product"}],"wp:featuredmedia":[{"embeddable":true,"href":"https:\/\/www.libraria-occitana.org\/en\/wp-json\/wp\/v2\/media\/62577"}],"wp:attachment":[{"href":"https:\/\/www.libraria-occitana.org\/en\/wp-json\/wp\/v2\/media?parent=62579"}],"wp:term":[{"taxonomy":"product_brand","embeddable":true,"href":"https:\/\/www.libraria-occitana.org\/en\/wp-json\/wp\/v2\/product_brand?post=62579"},{"taxonomy":"product_cat","embeddable":true,"href":"https:\/\/www.libraria-occitana.org\/en\/wp-json\/wp\/v2\/product_cat?post=62579"},{"taxonomy":"product_tag","embeddable":true,"href":"https:\/\/www.libraria-occitana.org\/en\/wp-json\/wp\/v2\/product_tag?post=62579"}],"curies":[{"name":"wp","href":"https:\/\/api.w.org\/{rel}","templated":true}]}}