{"id":62639,"date":"2025-10-27T18:38:55","date_gmt":"2025-10-27T17:38:55","guid":{"rendered":"https:\/\/www.libraria-occitana.org\/?post_type=product&#038;p=62639"},"modified":"2026-04-29T05:01:07","modified_gmt":"2026-04-29T03:01:07","slug":"lo-diari-la-cultura-en-occitan-fs06-marcela-delpastre","status":"publish","type":"product","link":"https:\/\/www.libraria-occitana.org\/en\/product\/lo-diari-la-cultura-en-occitan-fs06-marcela-delpastre\/","title":{"rendered":"Lo Diari : La cultura, en occitan #FS06 \u2013 Marcela Delpastre"},"content":{"rendered":"<p><em>Lo Diari<\/em>\u00a0est le magazine de la culture, toute la culture, mais en occitan. Litt\u00e9rature, musique, sport, soci\u00e9t\u00e9, audiovisuel, nouvelles technologies, vous y trouverez de tout pour chacun, pr\u00e9par\u00e9 par une \u00e9quipe de r\u00e9dacteurs de partout.<\/p>\n<p><strong>Un num\u00e9ro entier sur Marcelle Delpastre<\/strong><\/p>\n<p>En 2025, Marcelle Delpastre aurait eu 100 ans. Po\u00e8te, \u00e9crivain et paysanne du Limousin, elle compte parmi les grandes voix de la litt\u00e9rature occitane, mais \u00e9galement fran\u00e7aise et internationale. Vous en doutez ? <em>Lo Diari<\/em> revient sur cette figure \u00e0 la fois universelle et enracin\u00e9e dans un num\u00e9ro sp\u00e9cial qui vous donnera certainement envie d&#8217;en savoir plus, d&#8217;en lire plus sur une femme qui n&#8217;eut certainement pas la reconnaissance qu&#8217;elle m\u00e9ritait.<\/p>\n<p>Ce <em>Diari<\/em> hors s\u00e9rie de 20 pages en occitan m\u00eal\u00e9 de fran\u00e7ais a \u00e9t\u00e9 \u00e9labor\u00e9 avec la participation d&#8217;une quinzaine de personnes, toutes sp\u00e9cialistes \u00e0 leur fa\u00e7on d&#8217;un aspect de la vie et de l&#8217;\u0153uvre de \u00ab la Marcelle \u00bb : Jan dau Melhau, Miqu\u00e8la Stenta, Jean-Pierre Cavaill\u00e9, Michel Chadeuil, Jean-Marc Sim\u00e9onin, Th\u00e9r\u00e8se Canet, Monique Burg, Fran\u00e7ois Dumeaux, Juliette Kempf, Silvan Chabaud, Christine Virolle Da Silva, Annaig Le Naou, Martial Peyrouny, Sandre Le Roy-Arnaud, la compagnie Lilo\u2026 sans compter l\u2019aide pr\u00e9cieuse des gens de l\u2019IEO Limousin et de la Bfm de Limoges !<\/p>\n<p>Commandez-le d\u00e8s maintenant pour recevoir en plus un marque-pages extrait de la m\u00eame terre !<\/p>\n<p>&nbsp;<\/p>\n","protected":false},"excerpt":{"rendered":"<p>Lo Diari\u00a0est le magazine de la culture, toute la culture, mais en occitan. Litt\u00e9rature, musique, sport, soci\u00e9t\u00e9, audiovisuel, nouvelles technologies, vous y trouverez de tout pour chacun, pr\u00e9par\u00e9 par une \u00e9quipe de r\u00e9dacteurs de partout. Un num\u00e9ro entier sur Marcelle Delpastre En 2025, Marcelle Delpastre aurait eu 100 ans. Po\u00e8te, \u00e9crivain et paysanne du Limousin, [&hellip;]<\/p>\n","protected":false},"featured_media":62642,"template":"","meta":{"_acf_changed":false,"_genesis_hide_title":false,"_genesis_hide_breadcrumbs":false,"_genesis_hide_singular_image":false,"_genesis_hide_footer_widgets":false,"_genesis_custom_body_class":"","_genesis_custom_post_class":"","_genesis_layout":""},"product_brand":[],"product_cat":[7188,7132,7174],"product_tag":[],"class_list":{"0":"post-62639","1":"product","2":"type-product","3":"status-publish","4":"has-post-thumbnail","6":"product_cat-arts-studies-en","7":"product_cat-books","8":"product_cat-literature-en","9":"pa_auteur-collectiu-en-2","10":"pa_editeur-ieo-opm-en","11":"pa_langue-francais-en","12":"pa_langue-occitan-en","13":"entry","15":"first","16":"instock","17":"shipping-taxable","18":"purchasable","19":"product-type-simple"},"acf":[],"_links":{"self":[{"href":"https:\/\/www.libraria-occitana.org\/en\/wp-json\/wp\/v2\/product\/62639","targetHints":{"allow":["GET"]}}],"collection":[{"href":"https:\/\/www.libraria-occitana.org\/en\/wp-json\/wp\/v2\/product"}],"about":[{"href":"https:\/\/www.libraria-occitana.org\/en\/wp-json\/wp\/v2\/types\/product"}],"wp:featuredmedia":[{"embeddable":true,"href":"https:\/\/www.libraria-occitana.org\/en\/wp-json\/wp\/v2\/media\/62642"}],"wp:attachment":[{"href":"https:\/\/www.libraria-occitana.org\/en\/wp-json\/wp\/v2\/media?parent=62639"}],"wp:term":[{"taxonomy":"product_brand","embeddable":true,"href":"https:\/\/www.libraria-occitana.org\/en\/wp-json\/wp\/v2\/product_brand?post=62639"},{"taxonomy":"product_cat","embeddable":true,"href":"https:\/\/www.libraria-occitana.org\/en\/wp-json\/wp\/v2\/product_cat?post=62639"},{"taxonomy":"product_tag","embeddable":true,"href":"https:\/\/www.libraria-occitana.org\/en\/wp-json\/wp\/v2\/product_tag?post=62639"}],"curies":[{"name":"wp","href":"https:\/\/api.w.org\/{rel}","templated":true}]}}