{"id":62650,"date":"2025-10-29T17:29:33","date_gmt":"2025-10-29T16:29:33","guid":{"rendered":"https:\/\/www.libraria-occitana.org\/?post_type=product&#038;p=62650"},"modified":"2026-02-03T09:50:15","modified_gmt":"2026-02-03T08:50:15","slug":"paraulas-de-novelum-n-189","status":"publish","type":"product","link":"https:\/\/www.libraria-occitana.org\/en\/product\/paraulas-de-novelum-n-189\/","title":{"rendered":"Paraulas de Novelum N\u00b0 189"},"content":{"rendered":"<p>Benedicta Bonnet, Los mots dau cuer<\/p>\n<p>Autors en erba :<\/p>\n<p>Los calandrons escriven : Ana\u00eblle &#8211; Romy &#8211; Ilhem &#8211; Leo &#8211; Lihem<\/p>\n<p>Suzanna Sergenton, Lo milh\u00e0t e lo kogl\u00f2f<\/p>\n<p>Lo\u00eds Lascaud, Deman, minjar\u00e0s pas en la mesma meslada<\/p>\n<p>Janina Bachelari\u00e1, L&#8217;estiu de la Sent-Martin<\/p>\n<p>Monica Sarrasin, Lo Borg modernizat (1)<\/p>\n<p>Jan-Peire Reidi, Importacions<\/p>\n<p>Tom\u00e0s Irond\u00e8la, Lo ca\u00e7aire de lops<\/p>\n<p>Toponimia :<\/p>\n<p>Joan Rigosta, Homo Faber (3) : lo faure e lo haur<\/p>\n<p>Dins los talhiers de lenga :<\/p>\n<p>Madeleine Bourdet, Visada dau diluns<\/p>\n","protected":false},"excerpt":{"rendered":"<p>Benedicta Bonnet, Los mots dau cuer Autors en erba : Los calandrons escriven : Ana\u00eblle &#8211; Romy &#8211; Ilhem &#8211; Leo &#8211; Lihem Suzanna Sergenton, Lo milh\u00e0t e lo kogl\u00f2f Lo\u00eds Lascaud, Deman, minjar\u00e0s pas en la mesma meslada Janina Bachelari\u00e1, L&#8217;estiu de la Sent-Martin Monica Sarrasin, Lo Borg modernizat (1) Jan-Peire Reidi, Importacions Tom\u00e0s [&hellip;]<\/p>\n","protected":false},"featured_media":62653,"template":"","meta":{"_acf_changed":false,"_genesis_hide_title":false,"_genesis_hide_breadcrumbs":false,"_genesis_hide_singular_image":false,"_genesis_hide_footer_widgets":false,"_genesis_custom_body_class":"","_genesis_custom_post_class":"","_genesis_layout":""},"product_brand":[],"product_cat":[7132,7148,7174,7182,7162,7180],"product_tag":[],"class_list":{"0":"post-62650","1":"product","2":"type-product","3":"status-publish","4":"has-post-thumbnail","6":"product_cat-books","7":"product_cat-history-geography-en","8":"product_cat-literature-en","9":"product_cat-novels-short-stories-en","10":"product_cat-place-names-peoples-names-en","11":"product_cat-poetry-en","12":"pa_auteur-collectiu-en-2","13":"pa_editeur-ieo-perigord-novelum-en","14":"pa_langue-occitan-en","15":"pa_langue-occitan-lemosin-en","16":"entry","18":"first","19":"instock","20":"shipping-taxable","21":"purchasable","22":"product-type-simple"},"acf":[],"_links":{"self":[{"href":"https:\/\/www.libraria-occitana.org\/en\/wp-json\/wp\/v2\/product\/62650","targetHints":{"allow":["GET"]}}],"collection":[{"href":"https:\/\/www.libraria-occitana.org\/en\/wp-json\/wp\/v2\/product"}],"about":[{"href":"https:\/\/www.libraria-occitana.org\/en\/wp-json\/wp\/v2\/types\/product"}],"wp:featuredmedia":[{"embeddable":true,"href":"https:\/\/www.libraria-occitana.org\/en\/wp-json\/wp\/v2\/media\/62653"}],"wp:attachment":[{"href":"https:\/\/www.libraria-occitana.org\/en\/wp-json\/wp\/v2\/media?parent=62650"}],"wp:term":[{"taxonomy":"product_brand","embeddable":true,"href":"https:\/\/www.libraria-occitana.org\/en\/wp-json\/wp\/v2\/product_brand?post=62650"},{"taxonomy":"product_cat","embeddable":true,"href":"https:\/\/www.libraria-occitana.org\/en\/wp-json\/wp\/v2\/product_cat?post=62650"},{"taxonomy":"product_tag","embeddable":true,"href":"https:\/\/www.libraria-occitana.org\/en\/wp-json\/wp\/v2\/product_tag?post=62650"}],"curies":[{"name":"wp","href":"https:\/\/api.w.org\/{rel}","templated":true}]}}