{"id":62723,"date":"2025-10-30T17:53:31","date_gmt":"2025-10-30T16:53:31","guid":{"rendered":"https:\/\/www.libraria-occitana.org\/?post_type=product&#038;p=62723"},"modified":"2026-04-16T05:41:49","modified_gmt":"2026-04-16T03:41:49","slug":"meissons-de-diens-los-temps-e-danueit-moissons-dautrefois-et-daujourdhui-libre-carta-sd","status":"publish","type":"product","link":"https:\/\/www.libraria-occitana.org\/en\/product\/meissons-de-diens-los-temps-e-danueit-moissons-dautrefois-et-daujourdhui-libre-carta-sd\/","title":{"rendered":"Meissons de diens los temps e d&#8217;anueit &#8211; Moissons d&#8217;autrefois et d&#8217;aujourd&#8217;hui (libre + carta SD)"},"content":{"rendered":"<p>Ce livre fait suite au livre <a href=\"https:\/\/www.libraria-occitana.org\/produit\/jean-jeantou-lucie-et-noel-racontent-jan-janton-lucie-e-noel-conton-carta-sd\/\"><em>Jean, Jeantou, Lucie et No\u00ebl racontent\u2026 \u2013 Jan, Janton, Lucie e No\u00e8l cont\u00f2n\u2026<\/em><\/a>. Il reprend les dialogues de 6 nouveaux films documentaires r\u00e9alis\u00e9s par Gabriel Chantelauze sur le th\u00e8me des moissons.<\/p>\n<p>Une carte SD 32 GO permet de visionner les films :<\/p>\n<ul>\n<li><strong>Las semenalhas<\/strong> &#8211; Les semailles, sous-titr\u00e9 en fran\u00e7ais et en occitan. 15&#8217;29<br \/>\nAvec Jean Ducros, No\u00ebl Douarre &amp; Gabriel Chantelauze.<\/li>\n<li><strong>La festa de la meisson v\u00e8s Champest\u00e8iras en Lieurado\u00e8s<\/strong> &#8211; La f\u00eate de la moisson \u00e0 Champeti\u00e8res en Livradois, sous-titr\u00e9 en fran\u00e7ais et en occitan. 29&#8217;05<br \/>\nAvec Jean Ducros, No\u00ebl Douarre &amp; Gabriel Chantelauze.<\/li>\n<li><strong>La festa de la meisson v\u00e8s Champest\u00e8iras en Lieurado\u00e8s<\/strong>, en occitan non sous-titr\u00e9. 29&#8217;05<\/li>\n<li><strong>Esperbatre, eissobatre, sobatre<\/strong> &#8211; Battre \u00e0 la roue, sous-titr\u00e9 en fran\u00e7ais et en occitan. 20&#8217;37<br \/>\nAvec No\u00ebl Douarre, Gabriel Chantelauze, Jean-Louis Boithias, Jean-Pierre Lacombe &amp; No\u00ebl Douarre.<\/li>\n<li><strong>Escodre embei l&#8217;escossor e vantar embei le ventadorn<\/strong> &#8211; Battre au fl\u00e9au et vanner au moulin \u00e0 vanner, sous-titr\u00e9 en fran\u00e7ais et en occitan. 20&#8217;37<br \/>\nAvec No\u00ebl Douarre, Jean Ducros &amp; Gabriel Chantelauze.<\/li>\n<li><strong>Escodre emb l&#8217;esgreineusa e emb la bateusa<\/strong> &#8211; Battre \u00e0 l&#8217;\u00e9greneuse et \u00e0 la batteuse, sous-titr\u00e9 en fran\u00e7ais et en occitan. 30&#8217;40<br \/>\nAvec Jean Ducros, Gabriel Chantelauze &amp; No\u00ebl Douarre.<\/li>\n<li><strong>La meissoneusa-bateusa en Lieurado\u00e8s<\/strong> &#8211; La moissonneuse-batteuse en Livradois, sous-titr\u00e9 en fran\u00e7ais et en occitan. 15&#8217;50<br \/>\nAvec Jean Ducros, Gabriel Chantelauze &amp; No\u00ebl Douarre.<\/li>\n<\/ul>\n","protected":false},"excerpt":{"rendered":"<p>Ce livre fait suite au livre Jean, Jeantou, Lucie et No\u00ebl racontent\u2026 \u2013 Jan, Janton, Lucie e No\u00e8l cont\u00f2n\u2026. Il reprend les dialogues de 6 nouveaux films documentaires r\u00e9alis\u00e9s par Gabriel Chantelauze sur le th\u00e8me des moissons. Une carte SD 32 GO permet de visionner les films : Las semenalhas &#8211; Les semailles, sous-titr\u00e9 en [&hellip;]<\/p>\n","protected":false},"featured_media":62726,"template":"","meta":{"_acf_changed":false,"_genesis_hide_title":false,"_genesis_hide_breadcrumbs":false,"_genesis_hide_singular_image":false,"_genesis_hide_footer_widgets":false,"_genesis_custom_body_class":"","_genesis_custom_post_class":"","_genesis_layout":""},"product_brand":[],"product_cat":[7132,7241,7174,7186,7212,7206,7249],"product_tag":[],"class_list":{"0":"post-62723","1":"product","2":"type-product","3":"status-publish","4":"has-post-thumbnail","6":"product_cat-books","7":"product_cat-documentary-en","8":"product_cat-literature-en","9":"product_cat-personal-narratives-memoirs-en","10":"product_cat-traditional-skills-savoirs-faire-en","11":"product_cat-traditions-heritage-en","12":"product_cat-videos-3-en","13":"pa_auteur-chantelauze-gabriel-en","14":"pa_editeur-gabriel-chantelauze-en","15":"pa_langue-occitan-auvernhat-en","16":"pa_langue-occitan-francais-en","17":"entry","19":"first","20":"outofstock","21":"shipping-taxable","22":"purchasable","23":"product-type-simple"},"acf":[],"_links":{"self":[{"href":"https:\/\/www.libraria-occitana.org\/en\/wp-json\/wp\/v2\/product\/62723","targetHints":{"allow":["GET"]}}],"collection":[{"href":"https:\/\/www.libraria-occitana.org\/en\/wp-json\/wp\/v2\/product"}],"about":[{"href":"https:\/\/www.libraria-occitana.org\/en\/wp-json\/wp\/v2\/types\/product"}],"wp:featuredmedia":[{"embeddable":true,"href":"https:\/\/www.libraria-occitana.org\/en\/wp-json\/wp\/v2\/media\/62726"}],"wp:attachment":[{"href":"https:\/\/www.libraria-occitana.org\/en\/wp-json\/wp\/v2\/media?parent=62723"}],"wp:term":[{"taxonomy":"product_brand","embeddable":true,"href":"https:\/\/www.libraria-occitana.org\/en\/wp-json\/wp\/v2\/product_brand?post=62723"},{"taxonomy":"product_cat","embeddable":true,"href":"https:\/\/www.libraria-occitana.org\/en\/wp-json\/wp\/v2\/product_cat?post=62723"},{"taxonomy":"product_tag","embeddable":true,"href":"https:\/\/www.libraria-occitana.org\/en\/wp-json\/wp\/v2\/product_tag?post=62723"}],"curies":[{"name":"wp","href":"https:\/\/api.w.org\/{rel}","templated":true}]}}