{"id":62751,"date":"2025-06-05T19:13:28","date_gmt":"2025-06-05T17:13:28","guid":{"rendered":"https:\/\/www.libraria-occitana.org\/?post_type=product&#038;p=62751"},"modified":"2026-04-29T10:21:19","modified_gmt":"2026-04-29T08:21:19","slug":"viatge-de-gargantua-dela-garona","status":"publish","type":"product","link":"https:\/\/www.libraria-occitana.org\/en\/product\/viatge-de-gargantua-dela-garona\/","title":{"rendered":"Viatge de Gargantu\u00e0 del\u00e0 Garona"},"content":{"rendered":"<p>C\u2019est un voyage extraordinaire de Gargantua entre la Garonne, l\u2019Oc\u00e9an et les Pyr\u00e9n\u00e9es mis au jour dans ce livre : texte qui \u00e9tait rest\u00e9 jusqu\u2019\u00e0 aujourd\u2019hui enfoui dans un vieux manuscrit inconnu.<br \/>\nTout au long d\u2019une semaine merveilleuse et myst\u00e9rieuse, le jeune Gargantua va pouvoir d\u00e9couvrir les secrets du monde.<\/p>\n<p>Jour apr\u00e8s jour, il pourra d\u00e9couvrir la danse des \u00e9toiles, \u00eatre initi\u00e9 par la F\u00e9e de l\u2019arbre creux, admirer les couleurs flamboyantes de l\u2019Apocalypse de Saint-Sever, voler avec les oiseaux sauvages et fantastiques, apercevoir les myst\u00e8res effrayants du sabat des sorci\u00e8res et des sorciers, crapahuter avec des montagnards farouches ou \u00e9couter les paroles gel\u00e9es des anc\u00eatres disparus, conserv\u00e9es par le Vieux de la Montagne.<\/p>\n<p>\u00c0 l\u2019issue de ce p\u00e9riple initiatique \u00e0 travers la Gascogne, il pourra en rendre compte \u00e0 son vieux ma\u00eetre Alcofribas, celui qui l\u2019avait envoy\u00e9 dans cet \u00e9trange pays.<\/p>\n<p>Avec un lexique occitan-fran\u00e7ais.<\/p>\n","protected":false},"excerpt":{"rendered":"<p>C\u2019est un voyage extraordinaire de Gargantua entre la Garonne, l\u2019Oc\u00e9an et les Pyr\u00e9n\u00e9es mis au jour dans ce livre : texte qui \u00e9tait rest\u00e9 jusqu\u2019\u00e0 aujourd\u2019hui enfoui dans un vieux manuscrit inconnu. Tout au long d\u2019une semaine merveilleuse et myst\u00e9rieuse, le jeune Gargantua va pouvoir d\u00e9couvrir les secrets du monde. Jour apr\u00e8s jour, il pourra [&hellip;]<\/p>\n","protected":false},"featured_media":62754,"template":"","meta":{"_acf_changed":false,"_genesis_hide_title":false,"_genesis_hide_breadcrumbs":false,"_genesis_hide_singular_image":false,"_genesis_hide_footer_widgets":false,"_genesis_custom_body_class":"","_genesis_custom_post_class":"","_genesis_layout":""},"product_brand":[],"product_cat":[7132,7174,7182],"product_tag":[],"class_list":{"0":"post-62751","1":"product","2":"type-product","3":"status-publish","4":"has-post-thumbnail","6":"product_cat-books","7":"product_cat-literature-en","8":"product_cat-novels-short-stories-en","9":"pa_auteur-anonime-en","10":"pa_auteur-dalhari-jan-en","11":"pa_editeur-letras-doc-en","12":"pa_langue-occitan-en","13":"pa_langue-occitan-gascon-en","14":"entry","16":"first","17":"instock","18":"shipping-taxable","19":"purchasable","20":"product-type-simple"},"acf":[],"_links":{"self":[{"href":"https:\/\/www.libraria-occitana.org\/en\/wp-json\/wp\/v2\/product\/62751","targetHints":{"allow":["GET"]}}],"collection":[{"href":"https:\/\/www.libraria-occitana.org\/en\/wp-json\/wp\/v2\/product"}],"about":[{"href":"https:\/\/www.libraria-occitana.org\/en\/wp-json\/wp\/v2\/types\/product"}],"wp:featuredmedia":[{"embeddable":true,"href":"https:\/\/www.libraria-occitana.org\/en\/wp-json\/wp\/v2\/media\/62754"}],"wp:attachment":[{"href":"https:\/\/www.libraria-occitana.org\/en\/wp-json\/wp\/v2\/media?parent=62751"}],"wp:term":[{"taxonomy":"product_brand","embeddable":true,"href":"https:\/\/www.libraria-occitana.org\/en\/wp-json\/wp\/v2\/product_brand?post=62751"},{"taxonomy":"product_cat","embeddable":true,"href":"https:\/\/www.libraria-occitana.org\/en\/wp-json\/wp\/v2\/product_cat?post=62751"},{"taxonomy":"product_tag","embeddable":true,"href":"https:\/\/www.libraria-occitana.org\/en\/wp-json\/wp\/v2\/product_tag?post=62751"}],"curies":[{"name":"wp","href":"https:\/\/api.w.org\/{rel}","templated":true}]}}