{"id":62813,"date":"2025-11-19T17:52:47","date_gmt":"2025-11-19T16:52:47","guid":{"rendered":"https:\/\/www.libraria-occitana.org\/?post_type=product&#038;p=62813"},"modified":"2026-04-14T05:26:28","modified_gmt":"2026-04-14T03:26:28","slug":"dite-existence-une-amie-de-jules-et-jim","status":"publish","type":"product","link":"https:\/\/www.libraria-occitana.org\/en\/product\/dite-existence-une-amie-de-jules-et-jim\/","title":{"rendered":"Dite Existence, une amie de Jules et Jim"},"content":{"rendered":"<p>Existence (1892-1952\u2009) s\u2019appelait Germaine Coupet. Elle grandit dans un village du Limousin o\u00f9 survivaient de vieilles croyances. De ces fables et de tout ce qui se passait autour d\u2019elle elle fit son miel. La suite inesp\u00e9r\u00e9e c\u2019est ce soir de 1911 o\u00f9 elle croise Henri-Pierre Roch\u00e9 et Franz Hessel qui la baptisent Existence. Elle devint alors mod\u00e8le pour les peintre de Montparnasse, \u00e9pousa l\u2019un d\u2019entre eux, r\u00e9digea <a href=\"https:\/\/www.libraria-occitana.org\/produit\/nouvelles-paysannes-souvenirs-denfance-de-saint-leonard-de-noblat-a-montparnasse\/\">ses r\u00e9cits<\/a> et produisit une \u0153uvre picturale joliment na\u00efve. Ce livre, avec ses 100 reproductions en couleurs pr\u00e9sente l\u2019\u0153uvre peinte d\u2019Existence aujourd\u2019hui visible au Mus\u00e9e C\u00e9cile Sabourdy de Vicq-sur-Breuilh, en Haute-Vienne.<\/p>\n<p>Le livre contient 100 illustrations en couleur.<\/p>\n","protected":false},"excerpt":{"rendered":"<p>Existence (1892-1952\u2009) s\u2019appelait Germaine Coupet. Elle grandit dans un village du Limousin o\u00f9 survivaient de vieilles croyances. De ces fables et de tout ce qui se passait autour d\u2019elle elle fit son miel. La suite inesp\u00e9r\u00e9e c\u2019est ce soir de 1911 o\u00f9 elle croise Henri-Pierre Roch\u00e9 et Franz Hessel qui la baptisent Existence. Elle devint [&hellip;]<\/p>\n","protected":false},"featured_media":62816,"template":"","meta":{"_acf_changed":false,"_genesis_hide_title":false,"_genesis_hide_breadcrumbs":false,"_genesis_hide_singular_image":false,"_genesis_hide_footer_widgets":false,"_genesis_custom_body_class":"","_genesis_custom_post_class":"","_genesis_layout":""},"product_brand":[],"product_cat":[7134,7188,7132,7174],"product_tag":[],"class_list":{"0":"post-62813","1":"product","2":"type-product","3":"status-publish","4":"has-post-thumbnail","6":"product_cat-arts-en","7":"product_cat-arts-studies-en","8":"product_cat-books","9":"product_cat-literature-en","10":"pa_editeur-plein-chant-en","11":"pa_langue-francais-en","12":"entry","14":"first","15":"instock","16":"shipping-taxable","17":"purchasable","18":"product-type-simple"},"acf":[],"_links":{"self":[{"href":"https:\/\/www.libraria-occitana.org\/en\/wp-json\/wp\/v2\/product\/62813","targetHints":{"allow":["GET"]}}],"collection":[{"href":"https:\/\/www.libraria-occitana.org\/en\/wp-json\/wp\/v2\/product"}],"about":[{"href":"https:\/\/www.libraria-occitana.org\/en\/wp-json\/wp\/v2\/types\/product"}],"wp:featuredmedia":[{"embeddable":true,"href":"https:\/\/www.libraria-occitana.org\/en\/wp-json\/wp\/v2\/media\/62816"}],"wp:attachment":[{"href":"https:\/\/www.libraria-occitana.org\/en\/wp-json\/wp\/v2\/media?parent=62813"}],"wp:term":[{"taxonomy":"product_brand","embeddable":true,"href":"https:\/\/www.libraria-occitana.org\/en\/wp-json\/wp\/v2\/product_brand?post=62813"},{"taxonomy":"product_cat","embeddable":true,"href":"https:\/\/www.libraria-occitana.org\/en\/wp-json\/wp\/v2\/product_cat?post=62813"},{"taxonomy":"product_tag","embeddable":true,"href":"https:\/\/www.libraria-occitana.org\/en\/wp-json\/wp\/v2\/product_tag?post=62813"}],"curies":[{"name":"wp","href":"https:\/\/api.w.org\/{rel}","templated":true}]}}