{"id":62841,"date":"2025-11-28T13:38:20","date_gmt":"2025-11-28T12:38:20","guid":{"rendered":"https:\/\/www.libraria-occitana.org\/?post_type=product&#038;p=62841"},"modified":"2026-04-19T01:41:13","modified_gmt":"2026-04-18T23:41:13","slug":"les-troubadours-perigourdins","status":"publish","type":"product","link":"https:\/\/www.libraria-occitana.org\/en\/product\/les-troubadours-perigourdins\/","title":{"rendered":"Les troubadours p\u00e9rigourdins"},"content":{"rendered":"<p>Anthologie des troubadours de la Nouvelle-Aquitaine tome 2.<\/p>\n<p>Un beau livre exhaustif sur les troubadours p\u00e9rigourdins. Leurs origines, leur histoire et leur h\u00e9ritage.<\/p>\n<p>Les dix-huit troubadours p\u00e9rigourdins cherch\u00e8rent fortune pour la plupart d\u2019entre eux, dans les terres lointaines de la Provence, de l\u2019Aragon, de la Catalogne, de l\u2019Italie du nord et m\u00eame de l\u2019Orient latin. Ils y export\u00e8rent une relecture fascinante et souvent subversive des codes courtois classiques. Ils offrent surtout un t\u00e9moignage unique sur les luttes politiques et sociales de leur \u00e9poque ; leurs po\u00e8mes, riches d\u2019engagement et de r\u00e9flexion, se situent au croisement de l\u2019Histoire et de la cr\u00e9ation litt\u00e9raire, \u00e9clairant des \u00e9v\u00e9nements majeurs comme les querelles f\u00e9odales en Aquitaine, les croisades et les enjeux politiques li\u00e9s \u00e0 l\u2019Orient latin.<\/p>\n<p>Anthologie des troubadours de la Nouvelle-Aquitaine tome 1 : <a href=\"https:\/\/www.libraria-occitana.org\/produit\/les-troubadours-limousins\/\">Les troubadours limousins<\/a><\/p>\n","protected":false},"excerpt":{"rendered":"<p>Anthologie des troubadours de la Nouvelle-Aquitaine tome 2. Un beau livre exhaustif sur les troubadours p\u00e9rigourdins. Leurs origines, leur histoire et leur h\u00e9ritage. Les dix-huit troubadours p\u00e9rigourdins cherch\u00e8rent fortune pour la plupart d\u2019entre eux, dans les terres lointaines de la Provence, de l\u2019Aragon, de la Catalogne, de l\u2019Italie du nord et m\u00eame de l\u2019Orient latin. [&hellip;]<\/p>\n","protected":false},"featured_media":62844,"template":"","meta":{"_acf_changed":false,"_genesis_hide_title":false,"_genesis_hide_breadcrumbs":false,"_genesis_hide_singular_image":false,"_genesis_hide_footer_widgets":false,"_genesis_custom_body_class":"","_genesis_custom_post_class":"","_genesis_layout":""},"product_brand":[],"product_cat":[7188,7132,7174,7180],"product_tag":[],"class_list":{"0":"post-62841","1":"product","2":"type-product","3":"status-publish","4":"has-post-thumbnail","6":"product_cat-arts-studies-en","7":"product_cat-books","8":"product_cat-literature-en","9":"product_cat-poetry-en","10":"pa_auteur-gonfroy-gerard-en","11":"pa_editeur-geste-en","12":"pa_langue-francais-en","13":"pa_langue-occitan-en","14":"pa_langue-occitan-medievau-en","15":"entry","17":"first","18":"instock","19":"shipping-taxable","20":"purchasable","21":"product-type-simple"},"acf":[],"_links":{"self":[{"href":"https:\/\/www.libraria-occitana.org\/en\/wp-json\/wp\/v2\/product\/62841","targetHints":{"allow":["GET"]}}],"collection":[{"href":"https:\/\/www.libraria-occitana.org\/en\/wp-json\/wp\/v2\/product"}],"about":[{"href":"https:\/\/www.libraria-occitana.org\/en\/wp-json\/wp\/v2\/types\/product"}],"wp:featuredmedia":[{"embeddable":true,"href":"https:\/\/www.libraria-occitana.org\/en\/wp-json\/wp\/v2\/media\/62844"}],"wp:attachment":[{"href":"https:\/\/www.libraria-occitana.org\/en\/wp-json\/wp\/v2\/media?parent=62841"}],"wp:term":[{"taxonomy":"product_brand","embeddable":true,"href":"https:\/\/www.libraria-occitana.org\/en\/wp-json\/wp\/v2\/product_brand?post=62841"},{"taxonomy":"product_cat","embeddable":true,"href":"https:\/\/www.libraria-occitana.org\/en\/wp-json\/wp\/v2\/product_cat?post=62841"},{"taxonomy":"product_tag","embeddable":true,"href":"https:\/\/www.libraria-occitana.org\/en\/wp-json\/wp\/v2\/product_tag?post=62841"}],"curies":[{"name":"wp","href":"https:\/\/api.w.org\/{rel}","templated":true}]}}