{"id":62867,"date":"2025-11-28T14:46:02","date_gmt":"2025-11-28T13:46:02","guid":{"rendered":"https:\/\/www.libraria-occitana.org\/?post_type=product&#038;p=62867"},"modified":"2026-04-18T21:16:55","modified_gmt":"2026-04-18T19:16:55","slug":"cronicas-de-la-pansiroja-libre-cd","status":"publish","type":"product","link":"https:\/\/www.libraria-occitana.org\/en\/product\/cronicas-de-la-pansiroja-libre-cd\/","title":{"rendered":"Cronicas de la pansiroja (libre + CD)"},"content":{"rendered":"<p>Dans ses <em>Cronicas de la pansiroja<\/em> (chroniques du rouge-gorge), Ren\u00e9 Soula nous fait partager la vie quotidienne d\u2019une communaut\u00e9 rurale tout au long du XXe si\u00e8cle. L\u2019auteur y d\u00e9crit avec une grande finesse les changements techniques et les \u00e9volutions d\u2019une soci\u00e9t\u00e9 de paysans et d\u2019artisans. Peu \u00e0 peu, les machines agricoles vont remplacer les b\u00eates de trait, l\u2019arriv\u00e9e de l\u2019\u00e9lectricit\u00e9, la bicyclette, la voiture et le tracteur changent les rythmes du travail et les fa\u00e7ons de se d\u00e9placer.<br \/>\nAvec verve et ironie, il \u00e9voque les rapports humains ou les blagues de la jeunesse sans gommer les difficult\u00e9s, les calamit\u00e9s naturelles (gel\u00e9es, inondations ou s\u00e9cheresses), les maladies du b\u00e9tail ou l\u2019\u00e9cho des guerres, les amiti\u00e9s et les solidarit\u00e9s comme les disputes ou les conflits.<\/p>\n<p>Le livre se termine par la description des for\u00eats bless\u00e9es par la grande temp\u00eate de 1999. On y per\u00e7oit alors la proximit\u00e9 de l\u2019auteur avec la nature meurtrie.<br \/>\nRen\u00e9 Soula manie avec une grande ma\u00eetrise l\u2019occitan de son pays de Volvestre, une langue pr\u00e9cise, savoureuse et qui sait \u00eatre aussi parfois ironique.<br \/>\nSes chroniques sont un t\u00e9moignage tr\u00e8s pr\u00e9cieux sur les changements intervenus dans les campagnes au XXe si\u00e8cle.<\/p>\n<p>Un lexique occitan-fran\u00e7ais pr\u00e9cise le sens des mots du texte.<br \/>\nEnregistrement du texte int\u00e9gral sur CD par Ren\u00e9 Soula.<\/p>\n","protected":false},"excerpt":{"rendered":"<p>Dans ses Cronicas de la pansiroja (chroniques du rouge-gorge), Ren\u00e9 Soula nous fait partager la vie quotidienne d\u2019une communaut\u00e9 rurale tout au long du XXe si\u00e8cle. L\u2019auteur y d\u00e9crit avec une grande finesse les changements techniques et les \u00e9volutions d\u2019une soci\u00e9t\u00e9 de paysans et d\u2019artisans. Peu \u00e0 peu, les machines agricoles vont remplacer les b\u00eates [&hellip;]<\/p>\n","protected":false},"featured_media":62870,"template":"","meta":{"_acf_changed":false,"_genesis_hide_title":false,"_genesis_hide_breadcrumbs":false,"_genesis_hide_singular_image":false,"_genesis_hide_footer_widgets":false,"_genesis_custom_body_class":"","_genesis_custom_post_class":"","_genesis_layout":""},"product_brand":[],"product_cat":[7132,7174,7182],"product_tag":[],"class_list":{"0":"post-62867","1":"product","2":"type-product","3":"status-publish","4":"has-post-thumbnail","6":"product_cat-books","7":"product_cat-literature-en","8":"product_cat-novels-short-stories-en","9":"pa_auteur-soula-rene-en","10":"pa_editeur-letras-doc-en","11":"pa_langue-occitan-en","12":"pa_langue-occitan-lengadocian-en","13":"entry","15":"first","16":"instock","17":"shipping-taxable","18":"purchasable","19":"product-type-simple"},"acf":[],"_links":{"self":[{"href":"https:\/\/www.libraria-occitana.org\/en\/wp-json\/wp\/v2\/product\/62867","targetHints":{"allow":["GET"]}}],"collection":[{"href":"https:\/\/www.libraria-occitana.org\/en\/wp-json\/wp\/v2\/product"}],"about":[{"href":"https:\/\/www.libraria-occitana.org\/en\/wp-json\/wp\/v2\/types\/product"}],"wp:featuredmedia":[{"embeddable":true,"href":"https:\/\/www.libraria-occitana.org\/en\/wp-json\/wp\/v2\/media\/62870"}],"wp:attachment":[{"href":"https:\/\/www.libraria-occitana.org\/en\/wp-json\/wp\/v2\/media?parent=62867"}],"wp:term":[{"taxonomy":"product_brand","embeddable":true,"href":"https:\/\/www.libraria-occitana.org\/en\/wp-json\/wp\/v2\/product_brand?post=62867"},{"taxonomy":"product_cat","embeddable":true,"href":"https:\/\/www.libraria-occitana.org\/en\/wp-json\/wp\/v2\/product_cat?post=62867"},{"taxonomy":"product_tag","embeddable":true,"href":"https:\/\/www.libraria-occitana.org\/en\/wp-json\/wp\/v2\/product_tag?post=62867"}],"curies":[{"name":"wp","href":"https:\/\/api.w.org\/{rel}","templated":true}]}}