{"id":62883,"date":"2025-11-28T15:39:44","date_gmt":"2025-11-28T14:39:44","guid":{"rendered":"https:\/\/www.libraria-occitana.org\/?post_type=product&#038;p=62883"},"modified":"2026-04-18T01:26:53","modified_gmt":"2026-04-17T23:26:53","slug":"lo-lop-e-lanheu","status":"publish","type":"product","link":"https:\/\/www.libraria-occitana.org\/en\/product\/lo-lop-e-lanheu\/","title":{"rendered":"Lo lop e l&#8217;anheu"},"content":{"rendered":"<p>N\u00e9 \u00e0 Limoges en 1747, Jean-Baptiste Foucaud d\u00e9sira, dans les derni\u00e8res ann\u00e9es de sa vie, faire partager \u00e0 ses compatriotes limousins les enseignements des fables de La Fontaine. Afin qu&#8217;elles soient compr\u00e9hensibles du plus grand nombre, il d\u00e9cida de les adapter en occitan et fit para\u00eetre en 1809 un premier recueil sous le titre <em>Quelques fables choisies de La Fontaine mises en vers patois limousin<\/em>. Librement adapt\u00e9e de son \u0153uvre, la pr\u00e9sente fable en est issue.<\/p>\n<p>Cette fable est disponible sur vos plateformes d\u2019\u00e9coute pr\u00e9f\u00e9r\u00e9es : <a href=\"https:\/\/wiseband.lnk.to\/Novelum-IEO-Perigord-Lo-Lop-E-Lanheu\">https:\/\/wiseband.lnk.to\/Novelum-IEO-Perigord-Lo-Lop-E-Lanheu<\/a><\/p>\n","protected":false},"excerpt":{"rendered":"<p>N\u00e9 \u00e0 Limoges en 1747, Jean-Baptiste Foucaud d\u00e9sira, dans les derni\u00e8res ann\u00e9es de sa vie, faire partager \u00e0 ses compatriotes limousins les enseignements des fables de La Fontaine. Afin qu&#8217;elles soient compr\u00e9hensibles du plus grand nombre, il d\u00e9cida de les adapter en occitan et fit para\u00eetre en 1809 un premier recueil sous le titre Quelques [&hellip;]<\/p>\n","protected":false},"featured_media":62886,"template":"","meta":{"_acf_changed":false,"_genesis_hide_title":false,"_genesis_hide_breadcrumbs":false,"_genesis_hide_singular_image":false,"_genesis_hide_footer_widgets":false,"_genesis_custom_body_class":"","_genesis_custom_post_class":"","_genesis_layout":""},"product_brand":[],"product_cat":[7132,7170,7164,7174,7176],"product_tag":[],"class_list":{"0":"post-62883","1":"product","2":"type-product","3":"status-publish","4":"has-post-thumbnail","6":"product_cat-books","7":"product_cat-juvenile-en","8":"product_cat-juvenile-and-teen-comics-humour-en","9":"product_cat-literature-en","10":"product_cat-tales-fables-en","11":"pa_editeur-ieo-perigord-novelum-en","12":"pa_langue-occitan-en","13":"pa_langue-occitan-lemosin-en","14":"entry","16":"first","17":"instock","18":"shipping-taxable","19":"purchasable","20":"product-type-simple"},"acf":[],"_links":{"self":[{"href":"https:\/\/www.libraria-occitana.org\/en\/wp-json\/wp\/v2\/product\/62883","targetHints":{"allow":["GET"]}}],"collection":[{"href":"https:\/\/www.libraria-occitana.org\/en\/wp-json\/wp\/v2\/product"}],"about":[{"href":"https:\/\/www.libraria-occitana.org\/en\/wp-json\/wp\/v2\/types\/product"}],"wp:featuredmedia":[{"embeddable":true,"href":"https:\/\/www.libraria-occitana.org\/en\/wp-json\/wp\/v2\/media\/62886"}],"wp:attachment":[{"href":"https:\/\/www.libraria-occitana.org\/en\/wp-json\/wp\/v2\/media?parent=62883"}],"wp:term":[{"taxonomy":"product_brand","embeddable":true,"href":"https:\/\/www.libraria-occitana.org\/en\/wp-json\/wp\/v2\/product_brand?post=62883"},{"taxonomy":"product_cat","embeddable":true,"href":"https:\/\/www.libraria-occitana.org\/en\/wp-json\/wp\/v2\/product_cat?post=62883"},{"taxonomy":"product_tag","embeddable":true,"href":"https:\/\/www.libraria-occitana.org\/en\/wp-json\/wp\/v2\/product_tag?post=62883"}],"curies":[{"name":"wp","href":"https:\/\/api.w.org\/{rel}","templated":true}]}}