{"id":63001,"date":"2023-04-10T17:20:55","date_gmt":"2023-04-10T15:20:55","guid":{"rendered":"https:\/\/www.libraria-occitana.org\/?post_type=product&#038;p=63001"},"modified":"2026-04-29T10:55:27","modified_gmt":"2026-04-29T08:55:27","slug":"pepper-carrot-tome-1-potinga-denvolada","status":"publish","type":"product","link":"https:\/\/www.libraria-occitana.org\/en\/product\/pepper-carrot-tome-1-potinga-denvolada\/","title":{"rendered":"Pepper &#038; Carrot T\u00f2me 1 : Potinga d&#8217;envolada"},"content":{"rendered":"<p>La jeune sorci\u00e8re Pepper et son chat Carrot vivent dans une for\u00eat du monde merveilleux de Hereva. Bien s\u00fbr, ils font des potions magiques, rencontrent d\u2019autres sorci\u00e8res, mais parfois, les aventures ne se passent pas comme esp\u00e9r\u00e9.<\/p>\n","protected":false},"excerpt":{"rendered":"<p>La jeune sorci\u00e8re Pepper et son chat Carrot vivent dans une for\u00eat du monde merveilleux de Hereva. Bien s\u00fbr, ils font des potions magiques, rencontrent d\u2019autres sorci\u00e8res, mais parfois, les aventures ne se passent pas comme esp\u00e9r\u00e9.<\/p>\n","protected":false},"featured_media":63005,"template":"","meta":{"_acf_changed":false,"_genesis_hide_title":false,"_genesis_hide_breadcrumbs":false,"_genesis_hide_singular_image":false,"_genesis_hide_footer_widgets":false,"_genesis_custom_body_class":"","_genesis_custom_post_class":"","_genesis_layout":""},"product_brand":[],"product_cat":[7132,7168,7164],"product_tag":[],"class_list":{"0":"post-63001","1":"product","2":"type-product","3":"status-publish","4":"has-post-thumbnail","6":"product_cat-books","7":"product_cat-comics-en","8":"product_cat-juvenile-and-teen-comics-humour-en","9":"pa_auteur-revoy-david-en","10":"pa_editeur-reclams-en","11":"pa_illustrateur-seguier-aura-en","12":"pa_langue-occitan-en","13":"pa_langue-occitan-gascon-en","14":"entry","16":"first","17":"instock","18":"shipping-taxable","19":"purchasable","20":"product-type-simple"},"acf":[],"_links":{"self":[{"href":"https:\/\/www.libraria-occitana.org\/en\/wp-json\/wp\/v2\/product\/63001","targetHints":{"allow":["GET"]}}],"collection":[{"href":"https:\/\/www.libraria-occitana.org\/en\/wp-json\/wp\/v2\/product"}],"about":[{"href":"https:\/\/www.libraria-occitana.org\/en\/wp-json\/wp\/v2\/types\/product"}],"wp:featuredmedia":[{"embeddable":true,"href":"https:\/\/www.libraria-occitana.org\/en\/wp-json\/wp\/v2\/media\/63005"}],"wp:attachment":[{"href":"https:\/\/www.libraria-occitana.org\/en\/wp-json\/wp\/v2\/media?parent=63001"}],"wp:term":[{"taxonomy":"product_brand","embeddable":true,"href":"https:\/\/www.libraria-occitana.org\/en\/wp-json\/wp\/v2\/product_brand?post=63001"},{"taxonomy":"product_cat","embeddable":true,"href":"https:\/\/www.libraria-occitana.org\/en\/wp-json\/wp\/v2\/product_cat?post=63001"},{"taxonomy":"product_tag","embeddable":true,"href":"https:\/\/www.libraria-occitana.org\/en\/wp-json\/wp\/v2\/product_tag?post=63001"}],"curies":[{"name":"wp","href":"https:\/\/api.w.org\/{rel}","templated":true}]}}