{"id":63008,"date":"2025-12-10T17:53:33","date_gmt":"2025-12-10T16:53:33","guid":{"rendered":"https:\/\/www.libraria-occitana.org\/?post_type=product&#038;p=63008"},"modified":"2026-04-29T10:22:42","modified_gmt":"2026-04-29T08:22:42","slug":"pepper-carrot-tome-2-las-broishas-de-caosah","status":"publish","type":"product","link":"https:\/\/www.libraria-occitana.org\/en\/product\/pepper-carrot-tome-2-las-broishas-de-caosah\/","title":{"rendered":"Pepper &#038; Carrot T\u00f2me 2 : Las Broishas de Caosah"},"content":{"rendered":"<p>Apr\u00e8s le <a href=\"https:\/\/www.libraria-occitana.org\/produit\/pepper-carrot-tome-1-potinga-denvolada\/\">Tome 1<\/a> sorti en 2023, voici la suite des aventures de la jeune sorci\u00e8re Pepper et de son chat Carrot qui continuent de donner du fil \u00e0 retordre aux sorci\u00e8res Cayenne, Thym et Cumin. Dans le monde merveilleux d\u2019Hereva, les marraines trouvent l&#8217;\u00e9ducation de leur unique filleule et h\u00e9riti\u00e8re de leurs pouvoirs bien plus complexe que pr\u00e9vu. Bien s\u00fbr, elle fait des potions magiques, rencontre d\u2019autres personnages fantastiques\u2026 Parfois, les aventures ne se passent pas comme esp\u00e9r\u00e9 mais elles sont toujours l\u2019occasion de nouveaux apprentissages.<\/p>\n","protected":false},"excerpt":{"rendered":"<p>Apr\u00e8s le Tome 1 sorti en 2023, voici la suite des aventures de la jeune sorci\u00e8re Pepper et de son chat Carrot qui continuent de donner du fil \u00e0 retordre aux sorci\u00e8res Cayenne, Thym et Cumin. Dans le monde merveilleux d\u2019Hereva, les marraines trouvent l&#8217;\u00e9ducation de leur unique filleule et h\u00e9riti\u00e8re de leurs pouvoirs bien [&hellip;]<\/p>\n","protected":false},"featured_media":63011,"template":"","meta":{"_acf_changed":false,"_genesis_hide_title":false,"_genesis_hide_breadcrumbs":false,"_genesis_hide_singular_image":false,"_genesis_hide_footer_widgets":false,"_genesis_custom_body_class":"","_genesis_custom_post_class":"","_genesis_layout":""},"product_brand":[],"product_cat":[7132,7168,7164],"product_tag":[],"class_list":{"0":"post-63008","1":"product","2":"type-product","3":"status-publish","4":"has-post-thumbnail","6":"product_cat-books","7":"product_cat-comics-en","8":"product_cat-juvenile-and-teen-comics-humour-en","9":"pa_auteur-revoy-david-en","10":"pa_editeur-reclams-en","11":"pa_illustrateur-seguier-aura-en","12":"pa_langue-occitan-en","13":"pa_langue-occitan-gascon-en","14":"entry","16":"first","17":"instock","18":"shipping-taxable","19":"purchasable","20":"product-type-simple"},"acf":[],"_links":{"self":[{"href":"https:\/\/www.libraria-occitana.org\/en\/wp-json\/wp\/v2\/product\/63008","targetHints":{"allow":["GET"]}}],"collection":[{"href":"https:\/\/www.libraria-occitana.org\/en\/wp-json\/wp\/v2\/product"}],"about":[{"href":"https:\/\/www.libraria-occitana.org\/en\/wp-json\/wp\/v2\/types\/product"}],"wp:featuredmedia":[{"embeddable":true,"href":"https:\/\/www.libraria-occitana.org\/en\/wp-json\/wp\/v2\/media\/63011"}],"wp:attachment":[{"href":"https:\/\/www.libraria-occitana.org\/en\/wp-json\/wp\/v2\/media?parent=63008"}],"wp:term":[{"taxonomy":"product_brand","embeddable":true,"href":"https:\/\/www.libraria-occitana.org\/en\/wp-json\/wp\/v2\/product_brand?post=63008"},{"taxonomy":"product_cat","embeddable":true,"href":"https:\/\/www.libraria-occitana.org\/en\/wp-json\/wp\/v2\/product_cat?post=63008"},{"taxonomy":"product_tag","embeddable":true,"href":"https:\/\/www.libraria-occitana.org\/en\/wp-json\/wp\/v2\/product_tag?post=63008"}],"curies":[{"name":"wp","href":"https:\/\/api.w.org\/{rel}","templated":true}]}}