{"id":63091,"date":"2025-12-30T11:58:20","date_gmt":"2025-12-30T10:58:20","guid":{"rendered":"https:\/\/www.libraria-occitana.org\/?post_type=product&#038;p=63091"},"modified":"2026-04-15T04:11:28","modified_gmt":"2026-04-15T02:11:28","slug":"contes-et-dires-populaires-du-limousin-nouvelle-edition-lemouzi-n236","status":"publish","type":"product","link":"https:\/\/www.libraria-occitana.org\/en\/product\/contes-et-dires-populaires-du-limousin-nouvelle-edition-lemouzi-n236\/","title":{"rendered":"Contes et dires populaires du Limousin (Nouvelle \u00e9dition) \/ Lemouzi N\u00b0236"},"content":{"rendered":"<p>\u00ab Cette ann\u00e9e marque les cent ans de la naissance de Marcelle Delpastre. Pour lui rendre hommage, nous vous invitons \u00e0 red\u00e9couvrir l&#8217;un de ses plus beaux recueils : <em>Contes et dires populaires du Limousin<\/em>. Joseph Migot, qui initia Marcelle Delpastre \u00e0 la graphie de la langue limousine et \u00e0 la philologie, soulignait la profondeur de son \u0153uvre en ces termes : \u00ab Vous ramenez myst\u00e9rieusement du fond des temps toute une religion (ou m\u00eame plusieurs), toute une vie aujourd&#8217;hui disparue. Et il est probable que tout cela, mais bien s\u00fbr \u00e0 votre insu, vit en vous et demande la parole. \u00bb \u00bb [&#8230;]<\/p>\n<p style=\"text-align: right;\">Ghislaine Boudrie, Pr\u00e9sidente de <em>Lemouzi<\/em><\/p>\n<blockquote>\n<p>[&#8230;] Un conte n&#8217;est pas une r\u00e9citation. Chacun, en le disant, lui imprime son style et son rythme propre. Ce n&#8217;est pas non plus un simple th\u00e8me livr\u00e9 \u00e0 l&#8217;imagination du diseur. C&#8217;est un th\u00e8me structur\u00e9 auquel chaque conteur donne son propre souffle. Et moi aussi, qui ai l&#8217;\u00e2ge de l&#8217;authenticit\u00e9, jusque dans une traduction quasi litt\u00e9rale et toujours extr\u00eamement pr\u00e9cise\u2026<\/p>\n<p>Avec la graphie et le style, le classement des contes est un probl\u00e8me difficile. Il ne va \u00e9videmment pas sans une analyse pr\u00e9alable, plus ou moins pouss\u00e9e. Mais, s&#8217;il para\u00eet simple de mettre les \u201cfigures d&#8217;autrefois\u201d, concernant les personnages r\u00e9els dignes de passer \u00e0 la l\u00e9gende ; ensemble et traditionnellement comme \u201cfabliaux\u201d les contes du loup et du renard ; ensemble des histoires o\u00f9 se montre nettement la griffe du \u201cdiable\u201d ; ensemble les \u201cmythes \u00e9tiologiques\u201d de quelques provenances qu&#8217;ils soient\u2026 nous savons bien que \u201cdits et interdits\u201d se basent sur des mythes tout \u00e0 fait archa\u00efques, que le roman des animaux n&#8217;est autre que la grande geste de la conqu\u00eate des rites et des biens culturels, que les \u201cfables\u201d aussi sont des mythes, que le Diable cache ou r\u00e9v\u00e8le la face ingrate des dieux d\u00e9chus, que l&#8217;\u00e2me soutient le c\u0153ur qui porte l&#8217;\u00e2me, et que la vie de tous les jours s&#8217;anime en profondeur de l&#8217;inconnu qui l&#8217;\u00e9merveille\u2026 comme ces contes dont la valeur n&#8217;est autre justement que d&#8217;\u00eatre des contes, et tout cela.<\/p>\n<\/blockquote>\n<p style=\"text-align: right;\">\u00c0 Germont, le 7 mai 1977<\/p>\n<p style=\"text-align: right;\">Marcelle Delpastre<\/p>\n<p><strong>Ensenhador :<\/strong><br \/>\nI &#8211; Fablas &#8211; Fables<br \/>\nII &#8211; Contes mitics &#8211; Contes mythiques<br \/>\nIII &#8211; Lo Diable mai l&#8217;Autre &#8211; Le Diable et l&#8217;Autre<br \/>\nIV &#8211; Dires e defensas &#8211; Dires et interdits<br \/>\nV &#8211; Figuras d&#8217;en quauqu&#8217;un temps &#8211; Figures d&#8217;autrefois<br \/>\nVI &#8211; Fableus &#8211; Fabliaux<\/p>\n","protected":false},"excerpt":{"rendered":"<p>\u00ab Cette ann\u00e9e marque les cent ans de la naissance de Marcelle Delpastre. Pour lui rendre hommage, nous vous invitons \u00e0 red\u00e9couvrir l&#8217;un de ses plus beaux recueils : Contes et dires populaires du Limousin. Joseph Migot, qui initia Marcelle Delpastre \u00e0 la graphie de la langue limousine et \u00e0 la philologie, soulignait la profondeur [&hellip;]<\/p>\n","protected":false},"featured_media":63122,"template":"","meta":{"_acf_changed":false,"_genesis_hide_title":false,"_genesis_hide_breadcrumbs":false,"_genesis_hide_singular_image":false,"_genesis_hide_footer_widgets":false,"_genesis_custom_body_class":"","_genesis_custom_post_class":"","_genesis_layout":""},"product_brand":[],"product_cat":[7132,7174,7176],"product_tag":[],"class_list":{"0":"post-63091","1":"product","2":"type-product","3":"status-publish","4":"has-post-thumbnail","6":"product_cat-books","7":"product_cat-literature-en","8":"product_cat-tales-fables-en","9":"pa_auteur-delpastre-marcela-en","10":"pa_editeur-lemouzi-en","11":"pa_langue-occitan-lemosin-en","12":"pa_langue-occitan-francais-en","13":"entry","15":"first","16":"instock","17":"shipping-taxable","18":"purchasable","19":"product-type-simple"},"acf":[],"_links":{"self":[{"href":"https:\/\/www.libraria-occitana.org\/en\/wp-json\/wp\/v2\/product\/63091","targetHints":{"allow":["GET"]}}],"collection":[{"href":"https:\/\/www.libraria-occitana.org\/en\/wp-json\/wp\/v2\/product"}],"about":[{"href":"https:\/\/www.libraria-occitana.org\/en\/wp-json\/wp\/v2\/types\/product"}],"wp:featuredmedia":[{"embeddable":true,"href":"https:\/\/www.libraria-occitana.org\/en\/wp-json\/wp\/v2\/media\/63122"}],"wp:attachment":[{"href":"https:\/\/www.libraria-occitana.org\/en\/wp-json\/wp\/v2\/media?parent=63091"}],"wp:term":[{"taxonomy":"product_brand","embeddable":true,"href":"https:\/\/www.libraria-occitana.org\/en\/wp-json\/wp\/v2\/product_brand?post=63091"},{"taxonomy":"product_cat","embeddable":true,"href":"https:\/\/www.libraria-occitana.org\/en\/wp-json\/wp\/v2\/product_cat?post=63091"},{"taxonomy":"product_tag","embeddable":true,"href":"https:\/\/www.libraria-occitana.org\/en\/wp-json\/wp\/v2\/product_tag?post=63091"}],"curies":[{"name":"wp","href":"https:\/\/api.w.org\/{rel}","templated":true}]}}