{"id":63145,"date":"2026-01-08T18:46:37","date_gmt":"2026-01-08T17:46:37","guid":{"rendered":"https:\/\/www.libraria-occitana.org\/?post_type=product&#038;p=63145"},"modified":"2026-04-17T20:41:58","modified_gmt":"2026-04-17T18:41:58","slug":"la-france-eternelle-une-enquete-archeologique","status":"publish","type":"product","link":"https:\/\/www.libraria-occitana.org\/en\/product\/la-france-eternelle-une-enquete-archeologique\/","title":{"rendered":"La France \u00e9ternelle, une enqu\u00eate arch\u00e9ologique"},"content":{"rendered":"<p>La France vient-elle \u00ab du fond des \u00e2ges \u00bb comme l\u2019affirmait le g\u00e9n\u00e9ral de Gaulle dans ses <em>M\u00e9moires<\/em> ? Existe-t-il, autrement dit, une identit\u00e9 et des racines nationales immuables ? Au-del\u00e0 des fantasmes et des manipulations, Jean-Paul Demoule, reprend le dossier \u00e0 ses d\u00e9buts, depuis l\u2019arriv\u00e9e des premiers humains sur notre sol, il y a un peu plus d\u2019un million d\u2019ann\u00e9es.<\/p>\n<p>Au fil d\u2019une douzaine de chapitres chronologiques, on verra ainsi que les chasseurs-cueilleurs <em>sapiens<\/em> europ\u00e9ens, jadis venus d\u2019Afrique, furent au n\u00e9olithique assez rapidement \u00ab grand-remplac\u00e9s \u00bb par des agriculteurs venus du Proche-Orient ; que les Gaulois n\u2019ont pas toujours \u00e9t\u00e9 \u00ab nos anc\u00eatres \u00bb ou encore que le bapt\u00eame de Clovis dans une Gaule officiellement chr\u00e9tienne depuis plus d\u2019un si\u00e8cle fut un \u00ab non-\u00e9v\u00e9nement \u00bb ; on verra que les fronti\u00e8res de \u00ab l\u2019hexagone \u00bb ne cess\u00e8rent de fluctuer au gr\u00e9 des guerres et des conqu\u00eates, puis des d\u00e9colonisations, et comment afflu\u00e8rent de nouveaux habitants, fuyant des r\u00e9gimes despotiques ou attir\u00e9s par la r\u00e9volution industrielle \u2013 laquelle allait peu \u00e0 peu transformer les campagnes et dissoudre cultures et langues locales.<\/p>\n<p>Ainsi se dessinera peu \u00e0 peu la trajectoire singuli\u00e8re d\u2019un territoire o\u00f9 se sont succ\u00e9d\u00e9, en fascinantes mosa\u00efques, soci\u00e9t\u00e9s, langues, productions mat\u00e9rielles, repr\u00e9sentations du monde, religions, techniques, modes de vie. Et c\u2019est nanti de ce riche bagage historique que chacune et chacun pourra s\u2019interroger sur la fa\u00e7on dont elle ou il se sent fran\u00e7aise (ou fran\u00e7ais).<\/p>\n<p>\u00ab Prendre du recul sur nos repr\u00e9sentations, telle est, pour Jean-Paul Demoule, l\u2019une des grandes vertus de l\u2019arch\u00e9ologie dans une \u00e9poque o\u00f9 les usages id\u00e9ologiques de l\u2019Histoire sont l\u00e9gion. \u00bb RFI, 30 septembre 2025.<\/p>\n<p>\u00ab Le concept de \u201cFrance \u00e9ternelle\u201d ne r\u00e9siste pas \u00e0 l\u2019analyse, explique l\u2019arch\u00e9ologue Jean-Paul Demoule, qui rappelle dans un essai \u00e9clairant que notre pays a toujours \u00e9t\u00e9 le fruit d\u2019un m\u00e9lange permanent. \u00bb T\u00e9l\u00e9rama, 5 octobre 2025.<\/p>\n<p>\u00ab Le \u00ab roman national \u00bb s\u2019est-il \u00e9crit tel qu\u2019il est racont\u00e9 de nos jours ? Loin des d\u00e9bats d\u2019opinion houleux sur la question du territoire ou de l\u2019identit\u00e9 de la France, il est possible de raconter cette histoire \u00e0 travers les faits \u00e9tabli par les connaissances arch\u00e9ologiques et historiques. \u00bb France Inter, La terre au carr\u00e9, 5 novembre 2025.<\/p>\n","protected":false},"excerpt":{"rendered":"<p>La France vient-elle \u00ab du fond des \u00e2ges \u00bb comme l\u2019affirmait le g\u00e9n\u00e9ral de Gaulle dans ses M\u00e9moires ? Existe-t-il, autrement dit, une identit\u00e9 et des racines nationales immuables ? Au-del\u00e0 des fantasmes et des manipulations, Jean-Paul Demoule, reprend le dossier \u00e0 ses d\u00e9buts, depuis l\u2019arriv\u00e9e des premiers humains sur notre sol, il y a [&hellip;]<\/p>\n","protected":false},"featured_media":63143,"template":"","meta":{"_acf_changed":false,"_genesis_hide_title":false,"_genesis_hide_breadcrumbs":false,"_genesis_hide_singular_image":false,"_genesis_hide_footer_widgets":false,"_genesis_custom_body_class":"","_genesis_custom_post_class":"","_genesis_layout":""},"product_brand":[],"product_cat":[7132,7202],"product_tag":[],"class_list":{"0":"post-63145","1":"product","2":"type-product","3":"status-publish","4":"has-post-thumbnail","6":"product_cat-books","7":"product_cat-politics-sociology-current-affairs-en","8":"pa_editeur-la-fabrique-fr-en","9":"pa_langue-francais-en","10":"entry","12":"first","13":"instock","14":"shipping-taxable","15":"purchasable","16":"product-type-simple"},"acf":[],"_links":{"self":[{"href":"https:\/\/www.libraria-occitana.org\/en\/wp-json\/wp\/v2\/product\/63145","targetHints":{"allow":["GET"]}}],"collection":[{"href":"https:\/\/www.libraria-occitana.org\/en\/wp-json\/wp\/v2\/product"}],"about":[{"href":"https:\/\/www.libraria-occitana.org\/en\/wp-json\/wp\/v2\/types\/product"}],"wp:featuredmedia":[{"embeddable":true,"href":"https:\/\/www.libraria-occitana.org\/en\/wp-json\/wp\/v2\/media\/63143"}],"wp:attachment":[{"href":"https:\/\/www.libraria-occitana.org\/en\/wp-json\/wp\/v2\/media?parent=63145"}],"wp:term":[{"taxonomy":"product_brand","embeddable":true,"href":"https:\/\/www.libraria-occitana.org\/en\/wp-json\/wp\/v2\/product_brand?post=63145"},{"taxonomy":"product_cat","embeddable":true,"href":"https:\/\/www.libraria-occitana.org\/en\/wp-json\/wp\/v2\/product_cat?post=63145"},{"taxonomy":"product_tag","embeddable":true,"href":"https:\/\/www.libraria-occitana.org\/en\/wp-json\/wp\/v2\/product_tag?post=63145"}],"curies":[{"name":"wp","href":"https:\/\/api.w.org\/{rel}","templated":true}]}}