{"id":63331,"date":"2023-04-12T12:26:36","date_gmt":"2023-04-12T10:26:36","guid":{"rendered":"https:\/\/www.libraria-occitana.org\/?post_type=product&#038;p=63331"},"modified":"2026-04-29T10:21:45","modified_gmt":"2026-04-29T08:21:45","slug":"guide-pratique-de-la-faux-faux-faucille-fauchon-outils-dhier-pour-usages-daujourdhui","status":"publish","type":"product","link":"https:\/\/www.libraria-occitana.org\/en\/product\/guide-pratique-de-la-faux-faux-faucille-fauchon-outils-dhier-pour-usages-daujourdhui\/","title":{"rendered":"Guide pratique de la faux : Faux, faucille, fauchon : outils d&#8217;hier pour usages d&#8217;aujourd&#8217;hui"},"content":{"rendered":"<p>La faux est \u00e9conomique, silencieuse, \u00e9cologique, et tout aussi efficace, voire plus, que les tondeuses ou les d\u00e9broussailleuses&#8230; mais son maniement n\u00e9cessite un vrai savoir-faire pour l&#8217;utiliser correctement et sans peine. Ce guide pratique est tr\u00e8s illustr\u00e9, bas\u00e9 sur l&#8217;exp\u00e9rience de l&#8217;auteur, fournit toutes les informations pour faire de sa faux, son fauchon ou sa faucille un outil efficace et agr\u00e9able, que ce soit pour faucher de l&#8217;herbe, d\u00e9broussailler ou r\u00e9colter foin et c\u00e9r\u00e9ales.<\/p>\n<p><strong>Sommaire<\/strong><\/p>\n<p>&#8211; Les avantages de la faux<br \/>\n&#8211; Se procurer les bons outils<br \/>\n&#8211; Les ajustements<br \/>\n&#8211; Aff\u00fbter sa faux<br \/>\n&#8211; Faucher efficacement<br \/>\n&#8211; Entretenir &amp; r\u00e9parer son mat\u00e9riel<br \/>\n&#8211; R\u00e9colter du foin &amp; des c\u00e9r\u00e9ales \u00e0 paille<br \/>\n&#8211; Autres outils indispensables\u2009: fourches, r\u00e2teaux &amp; faucilles<br \/>\n&#8211; La s\u00e9curit\u00e9<br \/>\n&#8211; Le bestiaire du faucheur<\/p>\n","protected":false},"excerpt":{"rendered":"<p>La faux est \u00e9conomique, silencieuse, \u00e9cologique, et tout aussi efficace, voire plus, que les tondeuses ou les d\u00e9broussailleuses&#8230; mais son maniement n\u00e9cessite un vrai savoir-faire pour l&#8217;utiliser correctement et sans peine. Ce guide pratique est tr\u00e8s illustr\u00e9, bas\u00e9 sur l&#8217;exp\u00e9rience de l&#8217;auteur, fournit toutes les informations pour faire de sa faux, son fauchon ou sa [&hellip;]<\/p>\n","protected":false},"featured_media":63334,"template":"","meta":{"_acf_changed":false,"_genesis_hide_title":false,"_genesis_hide_breadcrumbs":false,"_genesis_hide_singular_image":false,"_genesis_hide_footer_widgets":false,"_genesis_custom_body_class":"","_genesis_custom_post_class":"","_genesis_layout":""},"product_brand":[],"product_cat":[7132,7212,7206],"product_tag":[],"class_list":{"0":"post-63331","1":"product","2":"type-product","3":"status-publish","4":"has-post-thumbnail","6":"product_cat-books","7":"product_cat-traditional-skills-savoirs-faire-en","8":"product_cat-traditions-heritage-en","9":"pa_editeur-editions-ulmer-en","10":"pa_langue-francais-en","11":"entry","13":"first","14":"instock","15":"shipping-taxable","16":"purchasable","17":"product-type-simple"},"acf":[],"_links":{"self":[{"href":"https:\/\/www.libraria-occitana.org\/en\/wp-json\/wp\/v2\/product\/63331","targetHints":{"allow":["GET"]}}],"collection":[{"href":"https:\/\/www.libraria-occitana.org\/en\/wp-json\/wp\/v2\/product"}],"about":[{"href":"https:\/\/www.libraria-occitana.org\/en\/wp-json\/wp\/v2\/types\/product"}],"wp:featuredmedia":[{"embeddable":true,"href":"https:\/\/www.libraria-occitana.org\/en\/wp-json\/wp\/v2\/media\/63334"}],"wp:attachment":[{"href":"https:\/\/www.libraria-occitana.org\/en\/wp-json\/wp\/v2\/media?parent=63331"}],"wp:term":[{"taxonomy":"product_brand","embeddable":true,"href":"https:\/\/www.libraria-occitana.org\/en\/wp-json\/wp\/v2\/product_brand?post=63331"},{"taxonomy":"product_cat","embeddable":true,"href":"https:\/\/www.libraria-occitana.org\/en\/wp-json\/wp\/v2\/product_cat?post=63331"},{"taxonomy":"product_tag","embeddable":true,"href":"https:\/\/www.libraria-occitana.org\/en\/wp-json\/wp\/v2\/product_tag?post=63331"}],"curies":[{"name":"wp","href":"https:\/\/api.w.org\/{rel}","templated":true}]}}