{"id":63351,"date":"2026-02-12T17:59:18","date_gmt":"2026-02-12T16:59:18","guid":{"rendered":"https:\/\/www.libraria-occitana.org\/?post_type=product&#038;p=63351"},"modified":"2026-04-29T10:22:28","modified_gmt":"2026-04-29T08:22:28","slug":"jean-petit-qui-danse-histoire-a-lorigine-dune-chanson-pour-enfants-1643","status":"publish","type":"product","link":"https:\/\/www.libraria-occitana.org\/en\/product\/jean-petit-qui-danse-histoire-a-lorigine-dune-chanson-pour-enfants-1643\/","title":{"rendered":"Jean Petit qui danse : Histoire \u00e0 l&#8217;origine d&#8217;une chanson pour enfants (1643)"},"content":{"rendered":"<p>En 1643, \u00e0 Villefranche de Rouergue, les paysans, men\u00e9s par un certain Jean Petit, se r\u00e9volt\u00e8rent et obtinrent dans un premier temps d&#8217;\u00eatre dispens\u00e9s d&#8217;imp\u00f4ts. Mais la r\u00e9pression les rattrapa et les meneurs furent condamn\u00e9s et ex\u00e9cut\u00e9s sur la place publique. Alors, pour ne pas les oublier, on cr\u00e9a la chanson. Ce furent probablement les femmes, qui, s&#8217;occupant des enfants, devaient les distraire, notamment en leur chantant des berceuses ou des comptines, qui la con\u00e7urent, peut-\u00eatre \u00e0 partir d&#8217;un air pr\u00e9existant.<\/p>\n<p>C&#8217;est ainsi que <em>Jean Petit qui danse<\/em> vit le jour : ce livre raconte la v\u00e9ritable histoire de cette chanson, qui n&#8217;a rien d&#8217;une comptine innocente.<\/p>\n","protected":false},"excerpt":{"rendered":"<p>En 1643, \u00e0 Villefranche de Rouergue, les paysans, men\u00e9s par un certain Jean Petit, se r\u00e9volt\u00e8rent et obtinrent dans un premier temps d&#8217;\u00eatre dispens\u00e9s d&#8217;imp\u00f4ts. Mais la r\u00e9pression les rattrapa et les meneurs furent condamn\u00e9s et ex\u00e9cut\u00e9s sur la place publique. Alors, pour ne pas les oublier, on cr\u00e9a la chanson. Ce furent probablement les [&hellip;]<\/p>\n","protected":false},"featured_media":63354,"template":"","meta":{"_acf_changed":false,"_genesis_hide_title":false,"_genesis_hide_breadcrumbs":false,"_genesis_hide_singular_image":false,"_genesis_hide_footer_widgets":false,"_genesis_custom_body_class":"","_genesis_custom_post_class":"","_genesis_layout":""},"product_brand":[],"product_cat":[7132,7194,7148,7158,7190],"product_tag":[],"class_list":{"0":"post-63351","1":"product","2":"type-product","3":"status-publish","4":"has-post-thumbnail","6":"product_cat-books","7":"product_cat-studies-en","8":"product_cat-history-geography-en","9":"product_cat-modern-and-contemporary-history-en","10":"product_cat-music-dances-en","11":"pa_langue-francais-en","12":"entry","14":"first","15":"outofstock","16":"shipping-taxable","17":"purchasable","18":"product-type-simple"},"acf":[],"_links":{"self":[{"href":"https:\/\/www.libraria-occitana.org\/en\/wp-json\/wp\/v2\/product\/63351","targetHints":{"allow":["GET"]}}],"collection":[{"href":"https:\/\/www.libraria-occitana.org\/en\/wp-json\/wp\/v2\/product"}],"about":[{"href":"https:\/\/www.libraria-occitana.org\/en\/wp-json\/wp\/v2\/types\/product"}],"wp:featuredmedia":[{"embeddable":true,"href":"https:\/\/www.libraria-occitana.org\/en\/wp-json\/wp\/v2\/media\/63354"}],"wp:attachment":[{"href":"https:\/\/www.libraria-occitana.org\/en\/wp-json\/wp\/v2\/media?parent=63351"}],"wp:term":[{"taxonomy":"product_brand","embeddable":true,"href":"https:\/\/www.libraria-occitana.org\/en\/wp-json\/wp\/v2\/product_brand?post=63351"},{"taxonomy":"product_cat","embeddable":true,"href":"https:\/\/www.libraria-occitana.org\/en\/wp-json\/wp\/v2\/product_cat?post=63351"},{"taxonomy":"product_tag","embeddable":true,"href":"https:\/\/www.libraria-occitana.org\/en\/wp-json\/wp\/v2\/product_tag?post=63351"}],"curies":[{"name":"wp","href":"https:\/\/api.w.org\/{rel}","templated":true}]}}