{"id":63456,"date":"2026-03-11T13:03:05","date_gmt":"2026-03-11T12:03:05","guid":{"rendered":"https:\/\/www.libraria-occitana.org\/?post_type=product&#038;p=63456"},"modified":"2026-04-27T22:07:00","modified_gmt":"2026-04-27T20:07:00","slug":"la-chaux-naturelle-decorer-restaurer-construire","status":"publish","type":"product","link":"https:\/\/www.libraria-occitana.org\/en\/product\/la-chaux-naturelle-decorer-restaurer-construire\/","title":{"rendered":"La chaux naturelle : D\u00e9corer, restaurer, construire"},"content":{"rendered":"<p><strong>La chaux<\/strong> est l&#8217;un des plus anciens et des plus beaux mat\u00e9riaux de construction utilis\u00e9 par l&#8217;homme. D\u00e9laiss\u00e9e au profit du ciment au d\u00e9but du XXe si\u00e8cle, elle a retrouv\u00e9 aujourd&#8217;hui ses lettres de noblesse. Les bricoleurs et les professionnels du b\u00e2timent soucieux de l&#8217;environnement red\u00e9couvrent les vertus de ce fantastique mat\u00e9riau qui respire et cr\u00e9e des ambiances saines et naturelles. Il est facile \u00e0 mettre en \u0153uvre, il est toutefois n\u00e9cessaire de respecter quelques principes essentiels.<br \/>\n<strong>Comment r\u00e9aliser des enduits \u00e0 la chaux ?<\/strong><br \/>\n<strong>Comment fabriquer soi-m\u00eame ses peintures naturelles \u00e0 base de pigments ?<\/strong><br \/>\n<strong>Comment poser du carrelage ou monter un mur avec de la chaux ? <\/strong><br \/>\n<strong>Comment r\u00e9aliser une chape isolante en b\u00e9ton de chaux ? <\/strong><br \/>\n<strong>Comment d\u00e9corer, restaurer et construire avec de la chaux naturelle ?<\/strong><\/p>\n<p>Tr\u00e8s illustr\u00e9, cet ouvrage r\u00e9pond \u00e0 ces questions en donnant les conseils n\u00e9cessaires aux achats, \u00e0 l&#8217;organisation du travail, \u00e0 la r\u00e9alisation des projets, aux bons dosages et aux bons gestes.<\/p>\n","protected":false},"excerpt":{"rendered":"<p>La chaux est l&#8217;un des plus anciens et des plus beaux mat\u00e9riaux de construction utilis\u00e9 par l&#8217;homme. D\u00e9laiss\u00e9e au profit du ciment au d\u00e9but du XXe si\u00e8cle, elle a retrouv\u00e9 aujourd&#8217;hui ses lettres de noblesse. Les bricoleurs et les professionnels du b\u00e2timent soucieux de l&#8217;environnement red\u00e9couvrent les vertus de ce fantastique mat\u00e9riau qui respire et [&hellip;]<\/p>\n","protected":false},"featured_media":63459,"template":"","meta":{"_acf_changed":false,"_genesis_hide_title":false,"_genesis_hide_breadcrumbs":false,"_genesis_hide_singular_image":false,"_genesis_hide_footer_widgets":false,"_genesis_custom_body_class":"","_genesis_custom_post_class":"","_genesis_layout":""},"product_brand":[],"product_cat":[7132,7212,7206],"product_tag":[],"class_list":{"0":"post-63456","1":"product","2":"type-product","3":"status-publish","4":"has-post-thumbnail","6":"product_cat-books","7":"product_cat-traditional-skills-savoirs-faire-en","8":"product_cat-traditions-heritage-en","9":"pa_auteur-fouin-julien-en","10":"pa_editeur-editions-du-rouergue-en","11":"pa_langue-francais-en","12":"entry","14":"first","15":"instock","16":"shipping-taxable","17":"purchasable","18":"product-type-simple"},"acf":[],"_links":{"self":[{"href":"https:\/\/www.libraria-occitana.org\/en\/wp-json\/wp\/v2\/product\/63456","targetHints":{"allow":["GET"]}}],"collection":[{"href":"https:\/\/www.libraria-occitana.org\/en\/wp-json\/wp\/v2\/product"}],"about":[{"href":"https:\/\/www.libraria-occitana.org\/en\/wp-json\/wp\/v2\/types\/product"}],"wp:featuredmedia":[{"embeddable":true,"href":"https:\/\/www.libraria-occitana.org\/en\/wp-json\/wp\/v2\/media\/63459"}],"wp:attachment":[{"href":"https:\/\/www.libraria-occitana.org\/en\/wp-json\/wp\/v2\/media?parent=63456"}],"wp:term":[{"taxonomy":"product_brand","embeddable":true,"href":"https:\/\/www.libraria-occitana.org\/en\/wp-json\/wp\/v2\/product_brand?post=63456"},{"taxonomy":"product_cat","embeddable":true,"href":"https:\/\/www.libraria-occitana.org\/en\/wp-json\/wp\/v2\/product_cat?post=63456"},{"taxonomy":"product_tag","embeddable":true,"href":"https:\/\/www.libraria-occitana.org\/en\/wp-json\/wp\/v2\/product_tag?post=63456"}],"curies":[{"name":"wp","href":"https:\/\/api.w.org\/{rel}","templated":true}]}}