{"id":63601,"date":"2026-04-03T19:15:14","date_gmt":"2026-04-03T17:15:14","guid":{"rendered":"https:\/\/www.libraria-occitana.org\/?post_type=product&#038;p=63601"},"modified":"2026-04-04T08:25:23","modified_gmt":"2026-04-04T06:25:23","slug":"flors-salvatjas-de-perigord-tome-2-amigas-mespresadas-fleurs-sauvages-du-perigord-tome-2-amies-meprisees","status":"publish","type":"product","link":"https:\/\/www.libraria-occitana.org\/en\/product\/flors-salvatjas-de-perigord-tome-2-amigas-mespresadas-fleurs-sauvages-du-perigord-tome-2-amies-meprisees\/","title":{"rendered":"Flors salvatjas de Perig\u00f2rd T\u00f2me 2 : Amigas mespresadas &#8211; Fleurs sauvages du P\u00e9rigord Tome 2 : Amies m\u00e9pris\u00e9es"},"content":{"rendered":"<p>Le pr\u00e9sent volume constitue le deuxi\u00e8me tome de la collection Fleurs sauvages du P\u00e9rigord (<a href=\"https:\/\/www.libraria-occitana.org\/produit\/flors-salvatjas-de-perigord-tome-1-amigas-mespresadas-fleurs-sauvages-du-perigord-tome-1-amies-meprisees\/\">Tome 1<\/a>). <strong>Il est consacr\u00e9 aux Ast\u00e9rac\u00e9es<\/strong>, l&#8217;une des familles les plus vastes et les plus vari\u00e9es du r\u00e8gne v\u00e9g\u00e9tal. Chaque esp\u00e8ce est d\u00e9crite avec pr\u00e9cision, replac\u00e9e dans son milieu naturel et accompagn\u00e9e de notes sur l&#8217;habitat, la r\u00e9partition et les usages. Il peut se lire de mani\u00e8re autonome, tout en s&#8217;inscrivant dans la continuit\u00e9 d&#8217;un ensemble appel\u00e9 \u00e0 se d\u00e9ployer dans les prochaines ann\u00e9es.<\/p>\n<p>L&#8217;ouvrage, bilingue occitan-fran\u00e7ais, met en valeur la richesse botanique et la diversit\u00e9 linguistique du P\u00e9rigord.<\/p>\n","protected":false},"excerpt":{"rendered":"<p>Le pr\u00e9sent volume constitue le deuxi\u00e8me tome de la collection Fleurs sauvages du P\u00e9rigord (Tome 1). Il est consacr\u00e9 aux Ast\u00e9rac\u00e9es, l&#8217;une des familles les plus vastes et les plus vari\u00e9es du r\u00e8gne v\u00e9g\u00e9tal. Chaque esp\u00e8ce est d\u00e9crite avec pr\u00e9cision, replac\u00e9e dans son milieu naturel et accompagn\u00e9e de notes sur l&#8217;habitat, la r\u00e9partition et les [&hellip;]<\/p>\n","protected":false},"featured_media":63604,"template":"","meta":{"_acf_changed":false,"_genesis_hide_title":false,"_genesis_hide_breadcrumbs":false,"_genesis_hide_singular_image":false,"_genesis_hide_footer_widgets":false,"_genesis_custom_body_class":"","_genesis_custom_post_class":"","_genesis_layout":""},"product_brand":[],"product_cat":[7132,7196,7200],"product_tag":[],"class_list":{"0":"post-63601","1":"product","2":"type-product","3":"status-publish","4":"has-post-thumbnail","6":"product_cat-books","7":"product_cat-nature-tourism-en","8":"product_cat-nature-gardening-en","9":"pa_auteur-orazio-joan-lois-en","10":"pa_editeur-ieo-perigord-novelum-en","11":"pa_langue-occitan-lengadocian-en","12":"pa_langue-occitan-francais-en","13":"entry","15":"first","16":"instock","17":"shipping-taxable","18":"purchasable","19":"product-type-simple"},"acf":[],"_links":{"self":[{"href":"https:\/\/www.libraria-occitana.org\/en\/wp-json\/wp\/v2\/product\/63601","targetHints":{"allow":["GET"]}}],"collection":[{"href":"https:\/\/www.libraria-occitana.org\/en\/wp-json\/wp\/v2\/product"}],"about":[{"href":"https:\/\/www.libraria-occitana.org\/en\/wp-json\/wp\/v2\/types\/product"}],"wp:featuredmedia":[{"embeddable":true,"href":"https:\/\/www.libraria-occitana.org\/en\/wp-json\/wp\/v2\/media\/63604"}],"wp:attachment":[{"href":"https:\/\/www.libraria-occitana.org\/en\/wp-json\/wp\/v2\/media?parent=63601"}],"wp:term":[{"taxonomy":"product_brand","embeddable":true,"href":"https:\/\/www.libraria-occitana.org\/en\/wp-json\/wp\/v2\/product_brand?post=63601"},{"taxonomy":"product_cat","embeddable":true,"href":"https:\/\/www.libraria-occitana.org\/en\/wp-json\/wp\/v2\/product_cat?post=63601"},{"taxonomy":"product_tag","embeddable":true,"href":"https:\/\/www.libraria-occitana.org\/en\/wp-json\/wp\/v2\/product_tag?post=63601"}],"curies":[{"name":"wp","href":"https:\/\/api.w.org\/{rel}","templated":true}]}}