{"id":63608,"date":"2026-04-03T19:25:48","date_gmt":"2026-04-03T17:25:48","guid":{"rendered":"https:\/\/www.libraria-occitana.org\/?post_type=product&#038;p=63608"},"modified":"2026-04-03T20:04:02","modified_gmt":"2026-04-03T18:04:02","slug":"cronicas-de-vent-li-bufa-3-tornarem-a-chantagreu-libre-audio","status":"publish","type":"product","link":"https:\/\/www.libraria-occitana.org\/en\/product\/cronicas-de-vent-li-bufa-3-tornarem-a-chantagreu-libre-audio\/","title":{"rendered":"Cronicas de Vent-l&#8217;i-Bufa 3 : Tornarem a Chantagreu (libre + audi\u00f2)"},"content":{"rendered":"<p>Chantagreu&#8230; Vos sovenetz de queu vilatge ? Se fau pas fiar a la\u00a0tranquillitat aparenta dau borg e au &#8216;nar lent e suau de la Claraiga. Ren s\u2019es bien &#8216;melhorat dempuei que l\u2019avem laissat. Se\u2019n passa enquera de bravas dins las charrieras dau borg e los termes d\u2019alentorn. La lucha es totjorn bien inegala contra las peiras, los auseus famgalits e lo meschant temps. Los beveires beven totjorn, mai si qu\u00f2 lor fai far de meschantas rencontras, los dr\u00f2lles son totjorn &#8216;guissables, mai si son fins peschaires, los cha\u00e7aires son totjorn tan menteires, n\u00f2stre curat coneis per un c\u00f2p quauquas satisfaccions. E los estrangiers ! En despiech de temptativas per aprener l\u2019angl\u00e9s, los Chantagreus aiman\u00a0gaire se far mocar, e &#8216;laidonc, la venjan\u00e7a ser\u00e1 terribla ! \u00d2c !<\/p>\n<p>Tornatz a Chantagreu, seretz pas de\u00e7aubuts !<\/p>\n<p>Auretz lo plaser d\u2019auvir la votz de Joan Ganhaire se mesma dins queu libre-audi\u00f2. Per escotar, i a mas d&#8217;escanar lo QR C\u00f2de a la fin dau libre, o ben de &#8216;nar sus de las aplicacions musicalas.<\/p>\n<p><a href=\"http:\/\/www.libraria-occitana.org\/produit\/cronicas-de-vent-li-bufa-libre-cd\/\"><em>Cronicas de Vent-l\u2019i-Bufa<\/em> (libre + 2 CD)<\/a><\/p>\n<p><a href=\"https:\/\/www.libraria-occitana.org\/produit\/cronicas-de-vent-li-bufa-2-quo-contunha-a-chantagreu-libre-2-cd\/\"><em>Cronicas de Vent-l\u2019i-Bufa 2<\/em> (libre + 2 CD)<\/a><\/p>\n","protected":false},"excerpt":{"rendered":"<p>Chantagreu&#8230; Vos sovenetz de queu vilatge ? Se fau pas fiar a la\u00a0tranquillitat aparenta dau borg e au &#8216;nar lent e suau de la Claraiga. Ren s\u2019es bien &#8216;melhorat dempuei que l\u2019avem laissat. Se\u2019n passa enquera de bravas dins las charrieras dau borg e los termes d\u2019alentorn. La lucha es totjorn bien inegala contra las [&hellip;]<\/p>\n","protected":false},"featured_media":63611,"template":"","meta":{"_acf_changed":false,"_genesis_hide_title":false,"_genesis_hide_breadcrumbs":false,"_genesis_hide_singular_image":false,"_genesis_hide_footer_widgets":false,"_genesis_custom_body_class":"","_genesis_custom_post_class":"","_genesis_layout":""},"product_brand":[],"product_cat":[7132,7174,7182],"product_tag":[],"class_list":{"0":"post-63608","1":"product","2":"type-product","3":"status-publish","4":"has-post-thumbnail","6":"product_cat-books","7":"product_cat-literature-en","8":"product_cat-novels-short-stories-en","9":"pa_auteur-ganhaire-joan-en","10":"pa_editeur-ieo-perigord-novelum-en","11":"pa_langue-occitan-en","12":"pa_langue-occitan-lemosin-en","13":"entry","15":"first","16":"instock","17":"shipping-taxable","18":"purchasable","19":"product-type-simple"},"acf":[],"_links":{"self":[{"href":"https:\/\/www.libraria-occitana.org\/en\/wp-json\/wp\/v2\/product\/63608","targetHints":{"allow":["GET"]}}],"collection":[{"href":"https:\/\/www.libraria-occitana.org\/en\/wp-json\/wp\/v2\/product"}],"about":[{"href":"https:\/\/www.libraria-occitana.org\/en\/wp-json\/wp\/v2\/types\/product"}],"wp:featuredmedia":[{"embeddable":true,"href":"https:\/\/www.libraria-occitana.org\/en\/wp-json\/wp\/v2\/media\/63611"}],"wp:attachment":[{"href":"https:\/\/www.libraria-occitana.org\/en\/wp-json\/wp\/v2\/media?parent=63608"}],"wp:term":[{"taxonomy":"product_brand","embeddable":true,"href":"https:\/\/www.libraria-occitana.org\/en\/wp-json\/wp\/v2\/product_brand?post=63608"},{"taxonomy":"product_cat","embeddable":true,"href":"https:\/\/www.libraria-occitana.org\/en\/wp-json\/wp\/v2\/product_cat?post=63608"},{"taxonomy":"product_tag","embeddable":true,"href":"https:\/\/www.libraria-occitana.org\/en\/wp-json\/wp\/v2\/product_tag?post=63608"}],"curies":[{"name":"wp","href":"https:\/\/api.w.org\/{rel}","templated":true}]}}