{"id":63618,"date":"2026-04-03T19:59:50","date_gmt":"2026-04-03T17:59:50","guid":{"rendered":"https:\/\/www.libraria-occitana.org\/?post_type=product&#038;p=63618"},"modified":"2026-04-03T20:03:12","modified_gmt":"2026-04-03T18:03:12","slug":"le-bilinguisme-un-atout-dans-son-jeu-soutenir-lenfant-qui-apprend-plusieurs-langues-2e-edition-augmentee","status":"publish","type":"product","link":"https:\/\/www.libraria-occitana.org\/en\/product\/le-bilinguisme-un-atout-dans-son-jeu-soutenir-lenfant-qui-apprend-plusieurs-langues-2e-edition-augmentee\/","title":{"rendered":"Le bilinguisme, un atout dans son jeu : Soutenir l&#8217;enfant qui apprend plusieurs langues (2e \u00e9dition augment\u00e9e)"},"content":{"rendered":"<p>Alors que plus de la moiti\u00e9 de la population mondiale parle au moins deux langues et que les situations qui plongent les familles dans des univers multilingues se multiplient, de plus en plus de parents sont interpell\u00e9s par le bilinguisme. Or, contrairement \u00e0 la croyance populaire, l&#8217;apprentissage de plusieurs langues chez les enfants ne va pas de soi. Il requiert des ann\u00e9es d&#8217;efforts persistants. Mais par o\u00f9 commencer ? Les parents ont souvent bien des questions \u00e0 cet \u00e9gard :<\/p>\n<ul>\n<li>Le bilinguisme peut-il entra\u00eener des difficult\u00e9s pour apprendre \u00e0 parler ?<\/li>\n<li>Faut-il privil\u00e9gier une langue ou l&#8217;autre \u00e0 la maison ?<\/li>\n<li>Comment transmettre ou prot\u00e9ger la langue maternelle de la famille ?<\/li>\n<li>Faut-il s&#8217;inqui\u00e9ter si un enfant s&#8217;exprime en m\u00e9langeant plusieurs langues ?<\/li>\n<li>Qu&#8217;en est-il des possibles troubles du langage en situation de bilinguisme?<\/li>\n<\/ul>\n<p>Ce livre s&#8217;adresse autant aux familles monolingues qui veulent que leur enfant apprenne une deuxi\u00e8me langue qu&#8217;aux familles issues de l&#8217;immigration qui parlent une ou plusieurs langues diff\u00e9rentes de la langue de leur pays d&#8217;accueil. Il fournit de nombreuses strat\u00e9gies utiles et applicables au quotidien pour appuyer l&#8217;enfant et lui assurer une comp\u00e9tence bilingue durable. Il est \u00e9galement une ressource incontournable pour les \u00e9ducateurs, pour les enseignants et particuli\u00e8rement pour les orthophonistes.<\/p>\n<p>S&#8217;appuyant sur les \u00e9tudes les plus r\u00e9centes, l&#8217;autrice nous fait d\u00e9couvrir les multiples effets positifs du bilinguisme, que ce soit au point de vue cognitif, socioculturel, \u00e9ducationnel ou identitaire. Chose certaine, un bilinguisme r\u00e9ussi passe par la valorisation de la langue, surtout la langue maternelle, afin de favoriser le d\u00e9veloppement global des enfants et pr\u00e9server la diversit\u00e9 linguistique.<\/p>\n","protected":false},"excerpt":{"rendered":"<p>Alors que plus de la moiti\u00e9 de la population mondiale parle au moins deux langues et que les situations qui plongent les familles dans des univers multilingues se multiplient, de plus en plus de parents sont interpell\u00e9s par le bilinguisme. Or, contrairement \u00e0 la croyance populaire, l&#8217;apprentissage de plusieurs langues chez les enfants ne va [&hellip;]<\/p>\n","protected":false},"featured_media":63616,"template":"","meta":{"_acf_changed":false,"_genesis_hide_title":false,"_genesis_hide_breadcrumbs":false,"_genesis_hide_singular_image":false,"_genesis_hide_footer_widgets":false,"_genesis_custom_body_class":"","_genesis_custom_post_class":"","_genesis_layout":""},"product_brand":[],"product_cat":[7132,7202],"product_tag":[],"class_list":{"0":"post-63618","1":"product","2":"type-product","3":"status-publish","4":"has-post-thumbnail","6":"product_cat-books","7":"product_cat-politics-sociology-current-affairs-en","8":"pa_langue-francais-en","9":"entry","11":"first","12":"instock","13":"shipping-taxable","14":"purchasable","15":"product-type-simple"},"acf":[],"_links":{"self":[{"href":"https:\/\/www.libraria-occitana.org\/en\/wp-json\/wp\/v2\/product\/63618","targetHints":{"allow":["GET"]}}],"collection":[{"href":"https:\/\/www.libraria-occitana.org\/en\/wp-json\/wp\/v2\/product"}],"about":[{"href":"https:\/\/www.libraria-occitana.org\/en\/wp-json\/wp\/v2\/types\/product"}],"wp:featuredmedia":[{"embeddable":true,"href":"https:\/\/www.libraria-occitana.org\/en\/wp-json\/wp\/v2\/media\/63616"}],"wp:attachment":[{"href":"https:\/\/www.libraria-occitana.org\/en\/wp-json\/wp\/v2\/media?parent=63618"}],"wp:term":[{"taxonomy":"product_brand","embeddable":true,"href":"https:\/\/www.libraria-occitana.org\/en\/wp-json\/wp\/v2\/product_brand?post=63618"},{"taxonomy":"product_cat","embeddable":true,"href":"https:\/\/www.libraria-occitana.org\/en\/wp-json\/wp\/v2\/product_cat?post=63618"},{"taxonomy":"product_tag","embeddable":true,"href":"https:\/\/www.libraria-occitana.org\/en\/wp-json\/wp\/v2\/product_tag?post=63618"}],"curies":[{"name":"wp","href":"https:\/\/api.w.org\/{rel}","templated":true}]}}