{"id":63682,"date":"2024-04-28T16:26:42","date_gmt":"2024-04-28T14:26:42","guid":{"rendered":"https:\/\/www.libraria-occitana.org\/?post_type=product&#038;p=63682"},"modified":"2026-04-28T17:05:55","modified_gmt":"2026-04-28T15:05:55","slug":"le-pti-prince","status":"publish","type":"product","link":"https:\/\/www.libraria-occitana.org\/en\/product\/le-pti-prince\/","title":{"rendered":"Le P&#8217;ti Prince : Patouai d&#8217;Sin-Barban \u00e9t d&#8217;Sin-Mar\u00e7au (Saint-Barbant et Saint-Martial-sur-Isop, Haute-Vienne)"},"content":{"rendered":"<p>Une version en occitan de Saint-Barbant et Saint-Martial-sur-Isop (Haute-Vienne) du <em>Petit Prince<\/em> de Saint-Exup\u00e9ry. Graphie phon\u00e9tique de l&#8217;auteur.<\/p>\n<p>\u00ab Arv\u00e9re, r\u00e9pond\u00e9 le r&#8217;nar.<br \/>\nI vai t&#8217;dire mon s\u00ebcr\u00e9. V&#8217;\u00e9 p\u00e2 deu tou compyica :<br \/>\non v\u00e9 byin qu&#8217;av\u00e8que le que\u00f9r.<br \/>\nS&#8217; que conte le mai, ou s&#8217;v\u00e9 p\u00e2 av\u00e8que lo\u00fb euill\u00e9. \u00bb<\/p>\n<p>Traduction : Armand Maisonnier avec Marie-Jo, Mo\u00efse et Pierre Chassat, Henriette Chegaray, Annie Maisonnier et Olivier Ranger. \u00c9dition : Marc Allassonni\u00e8re-Tang, Nicolas Quint.<\/p>\n","protected":false},"excerpt":{"rendered":"<p>Une version en occitan de Saint-Barbant et Saint-Martial-sur-Isop (Haute-Vienne) du Petit Prince de Saint-Exup\u00e9ry. Graphie phon\u00e9tique de l&#8217;auteur. \u00ab Arv\u00e9re, r\u00e9pond\u00e9 le r&#8217;nar. I vai t&#8217;dire mon s\u00ebcr\u00e9. V&#8217;\u00e9 p\u00e2 deu tou compyica : on v\u00e9 byin qu&#8217;av\u00e8que le que\u00f9r. S&#8217; que conte le mai, ou s&#8217;v\u00e9 p\u00e2 av\u00e8que lo\u00fb euill\u00e9. \u00bb Traduction : Armand [&hellip;]<\/p>\n","protected":false},"featured_media":63685,"template":"","meta":{"_acf_changed":false,"_genesis_hide_title":false,"_genesis_hide_breadcrumbs":false,"_genesis_hide_singular_image":false,"_genesis_hide_footer_widgets":false,"_genesis_custom_body_class":"","_genesis_custom_post_class":"","_genesis_layout":""},"product_brand":[],"product_cat":[7132,7136,7140],"product_tag":[],"class_list":{"0":"post-63682","1":"product","2":"type-product","3":"status-publish","4":"has-post-thumbnail","6":"product_cat-books","7":"product_cat-dictionaries-language-educational-en","8":"product_cat-linguistics-en","9":"pa_auteur-saint-exupery-antoine-de-fr-en","10":"pa_editeur-tintenfass-en","11":"pa_illustrateur-quint-nicolas-en-1","12":"pa_langue-occitan-en","13":"pa_langue-occitan-lemosin-en","14":"entry","16":"first","17":"instock","18":"shipping-taxable","19":"purchasable","20":"product-type-simple"},"acf":[],"_links":{"self":[{"href":"https:\/\/www.libraria-occitana.org\/en\/wp-json\/wp\/v2\/product\/63682","targetHints":{"allow":["GET"]}}],"collection":[{"href":"https:\/\/www.libraria-occitana.org\/en\/wp-json\/wp\/v2\/product"}],"about":[{"href":"https:\/\/www.libraria-occitana.org\/en\/wp-json\/wp\/v2\/types\/product"}],"wp:featuredmedia":[{"embeddable":true,"href":"https:\/\/www.libraria-occitana.org\/en\/wp-json\/wp\/v2\/media\/63685"}],"wp:attachment":[{"href":"https:\/\/www.libraria-occitana.org\/en\/wp-json\/wp\/v2\/media?parent=63682"}],"wp:term":[{"taxonomy":"product_brand","embeddable":true,"href":"https:\/\/www.libraria-occitana.org\/en\/wp-json\/wp\/v2\/product_brand?post=63682"},{"taxonomy":"product_cat","embeddable":true,"href":"https:\/\/www.libraria-occitana.org\/en\/wp-json\/wp\/v2\/product_cat?post=63682"},{"taxonomy":"product_tag","embeddable":true,"href":"https:\/\/www.libraria-occitana.org\/en\/wp-json\/wp\/v2\/product_tag?post=63682"}],"curies":[{"name":"wp","href":"https:\/\/api.w.org\/{rel}","templated":true}]}}