{"id":63739,"date":"2026-05-12T17:12:31","date_gmt":"2026-05-12T15:12:31","guid":{"rendered":"https:\/\/www.libraria-occitana.org\/product\/jan-lo-darrier-dau-melhau\/"},"modified":"2026-05-12T17:12:31","modified_gmt":"2026-05-12T15:12:31","slug":"jan-lo-darrier-dau-melhau","status":"publish","type":"product","link":"https:\/\/www.libraria-occitana.org\/en\/product\/jan-lo-darrier-dau-melhau\/","title":{"rendered":"JAN, lo darrier DAU MELHAU"},"content":{"rendered":"<p>Jan dau Melhau le musicien, le conteur, le chroniqueur, l&#8217;\u00e9crivain de tant de genres (pourvu qu&#8217;ils soient assez marginaux), l&#8217;\u00e9pistolier, le lecteur, l&#8217;\u00e9diteur, l&#8217;anarchiste, l&#8217;insoumis \u00e0 l&#8217;arm\u00e9e, le r\u00e9sistant \u00e0 l&#8217;air du temps, \u00e0 la soci\u00e9t\u00e9 technologique, cybern\u00e9tique, hors-sol, le paysan. Le dernier de sa lign\u00e9e sur les terres dont il porte le nom.<\/p>\n<p>Tout ce qui pouvait s&#8217;en dire en si peu de temps, ce film le dit, sans fioriture ni artifice. Lui donner la parole et lui en laisser suivre le fil a \u00e9t\u00e9 la t\u00e2che du r\u00e9alisateur.<\/p>\n<p><strong>En suppl\u00e9ment :<\/strong><\/p>\n<ul>\n<li>La chanson du film \u00ab Il est bien temps de s&#8217;en aller \u00bb.<\/li>\n<li>Les artistes de Melhau. Melhau parle d&#8217;artistes qu&#8217;il conna\u00eet et appr\u00e9cie et il en montre les \u0153uvres.<\/li>\n<\/ul>\n<p>Film de 52 minutes de Jean-Louis Cros. Coproduction Saison 5 (Emmanuelle Glemet) &#8211; Octele. Avec l&#8217;aide du CNC.<\/p>\n","protected":false},"excerpt":{"rendered":"<p>Jan dau Melhau le musicien, le conteur, le chroniqueur, l&#8217;\u00e9crivain de tant de genres (pourvu qu&#8217;ils soient assez marginaux), l&#8217;\u00e9pistolier, le lecteur, l&#8217;\u00e9diteur, l&#8217;anarchiste, l&#8217;insoumis \u00e0 l&#8217;arm\u00e9e, le r\u00e9sistant \u00e0 l&#8217;air du temps, \u00e0 la soci\u00e9t\u00e9 technologique, cybern\u00e9tique, hors-sol, le paysan. Le dernier de sa lign\u00e9e sur les terres dont il porte le nom. Tout [&hellip;]<\/p>\n","protected":false},"featured_media":63735,"template":"","meta":{"_acf_changed":false,"_genesis_hide_title":false,"_genesis_hide_breadcrumbs":false,"_genesis_hide_singular_image":false,"_genesis_hide_footer_widgets":false,"_genesis_custom_body_class":"","_genesis_custom_post_class":"","_genesis_layout":""},"product_brand":[],"product_cat":[7241,7247,7249],"product_tag":[],"class_list":{"0":"post-63739","1":"product","2":"type-product","3":"status-publish","4":"has-post-thumbnail","6":"product_cat-documentary-en","7":"product_cat-music-literature-en","8":"product_cat-videos-3-en","9":"pa_auteur-cros-jean-louis-en","10":"pa_editeur-lo-chamin-de-sent-jaume-en","11":"pa_langue-occitan-lemosin-en","12":"pa_langue-occitan-francais-en","13":"entry","15":"first","16":"instock","17":"shipping-taxable","18":"purchasable","19":"product-type-simple"},"acf":[],"_links":{"self":[{"href":"https:\/\/www.libraria-occitana.org\/en\/wp-json\/wp\/v2\/product\/63739","targetHints":{"allow":["GET"]}}],"collection":[{"href":"https:\/\/www.libraria-occitana.org\/en\/wp-json\/wp\/v2\/product"}],"about":[{"href":"https:\/\/www.libraria-occitana.org\/en\/wp-json\/wp\/v2\/types\/product"}],"wp:featuredmedia":[{"embeddable":true,"href":"https:\/\/www.libraria-occitana.org\/en\/wp-json\/wp\/v2\/media\/63735"}],"wp:attachment":[{"href":"https:\/\/www.libraria-occitana.org\/en\/wp-json\/wp\/v2\/media?parent=63739"}],"wp:term":[{"taxonomy":"product_brand","embeddable":true,"href":"https:\/\/www.libraria-occitana.org\/en\/wp-json\/wp\/v2\/product_brand?post=63739"},{"taxonomy":"product_cat","embeddable":true,"href":"https:\/\/www.libraria-occitana.org\/en\/wp-json\/wp\/v2\/product_cat?post=63739"},{"taxonomy":"product_tag","embeddable":true,"href":"https:\/\/www.libraria-occitana.org\/en\/wp-json\/wp\/v2\/product_tag?post=63739"}],"curies":[{"name":"wp","href":"https:\/\/api.w.org\/{rel}","templated":true}]}}