{"id":18321,"date":"2007-03-01T15:56:40","date_gmt":"2007-03-01T14:56:40","guid":{"rendered":"http:\/\/www.libraria-occitana.org\/all-products\/1907-lalbum-de-la-memoire?lang=oc"},"modified":"2026-04-29T06:41:10","modified_gmt":"2026-04-29T04:41:10","slug":"1907-lalbum-de-la-memoire","status":"publish","type":"product","link":"https:\/\/www.libraria-occitana.org\/oc\/produch\/1907-lalbum-de-la-memoire\/","title":{"rendered":"1907 : L&#8217;album de la m\u00e9moire"},"content":{"rendered":"<p>Les \u00e9v\u00e9nements viticoles de 1907 sont un \u00e9pisode essentiel dans la conscience identitaire languedocienne, moment d\u2019union sacr\u00e9e qui vit tout un peuple, se dressant contre l\u2019injustice et la mis\u00e8re, r\u00e9clamer le droit \u00e0 la vie et la dignit\u00e9.<\/p>\n<p>Lors de meetings rassemblant des foules immenses, et de mani\u00e8re pacifique, les viticulteurs du Midi, de N\u00eemes \u00e0 Carcassonne, en passant par Perpignan, soutenus par toute la population, surent mener des luttes exemplaires et porteuses d\u2019avenir.<\/p>\n<p>Tel est le l\u00e9gendaire que la m\u00e9moire a retenu et qu\u2019elle perp\u00e9tue au travers de r\u00e9cits chantant les exploits des grands leaders, Marcelin Albert ou Ernest Ferroul, le deuil des victimes de Narbonne, ou rappelant le cynisme de Cl\u00e9menceau. Mais ces jours de lutte, au-del\u00e0 de la tradition orale, ont donn\u00e9 naissance \u00e0 une abondante iconographie, faite de photographies et de dessins, que jamais aucun autre \u00e9v\u00e9nement n\u2019avait jusqu\u2019ici suscit\u00e9e.<\/p>\n<p>Aussi <em>L\u2019Album de la m\u00e9moire<\/em> se propose-t-il d\u2019en donner \u00e0 voir les plus significatifs, analysant la dynamique et les conditions de cette profusion d\u2019images, tout en permettant \u00e0 chacun de disposer de documents r\u00e9serv\u00e9s d\u2019ordinaires \u00e0 des collectionneurs.<\/p>\n","protected":false},"excerpt":{"rendered":"<p>Les \u00e9v\u00e9nements viticoles de 1907 sont un \u00e9pisode essentiel dans la conscience identitaire languedocienne, moment d\u2019union sacr\u00e9e qui vit tout un peuple, se dressant contre l\u2019injustice et la mis\u00e8re, r\u00e9clamer le droit \u00e0 la vie et la dignit\u00e9. Lors de meetings rassemblant des foules immenses, et de mani\u00e8re pacifique, les viticulteurs du Midi, de N\u00eemes [&hellip;]<\/p>\n","protected":false},"featured_media":36474,"template":"","meta":{"_acf_changed":false,"_genesis_hide_title":false,"_genesis_hide_breadcrumbs":false,"_genesis_hide_singular_image":false,"_genesis_hide_footer_widgets":false,"_genesis_custom_body_class":"","_genesis_custom_post_class":"","_genesis_layout":""},"product_brand":[],"product_cat":[7159,7149,7133],"product_tag":[],"class_list":{"0":"post-18321","1":"product","2":"type-product","3":"status-publish","4":"has-post-thumbnail","6":"product_cat-istoria-moderna-e-contemporala-oc","7":"product_cat-istoria-geografia-oc","8":"product_cat-libres-oc","9":"pa_auteur-pinies-jean-pierre-oc","10":"pa_editeur-garae-hesiode-oc","11":"pa_langue-francais-oc","12":"entry","14":"first","15":"instock","16":"shipping-taxable","17":"purchasable","18":"product-type-simple"},"acf":[],"_links":{"self":[{"href":"https:\/\/www.libraria-occitana.org\/oc\/wp-json\/wp\/v2\/product\/18321","targetHints":{"allow":["GET"]}}],"collection":[{"href":"https:\/\/www.libraria-occitana.org\/oc\/wp-json\/wp\/v2\/product"}],"about":[{"href":"https:\/\/www.libraria-occitana.org\/oc\/wp-json\/wp\/v2\/types\/product"}],"wp:featuredmedia":[{"embeddable":true,"href":"https:\/\/www.libraria-occitana.org\/oc\/wp-json\/wp\/v2\/media\/36474"}],"wp:attachment":[{"href":"https:\/\/www.libraria-occitana.org\/oc\/wp-json\/wp\/v2\/media?parent=18321"}],"wp:term":[{"taxonomy":"product_brand","embeddable":true,"href":"https:\/\/www.libraria-occitana.org\/oc\/wp-json\/wp\/v2\/product_brand?post=18321"},{"taxonomy":"product_cat","embeddable":true,"href":"https:\/\/www.libraria-occitana.org\/oc\/wp-json\/wp\/v2\/product_cat?post=18321"},{"taxonomy":"product_tag","embeddable":true,"href":"https:\/\/www.libraria-occitana.org\/oc\/wp-json\/wp\/v2\/product_tag?post=18321"}],"curies":[{"name":"wp","href":"https:\/\/api.w.org\/{rel}","templated":true}]}}