{"id":18325,"date":"2007-03-01T09:44:37","date_gmt":"2007-03-01T08:44:37","guid":{"rendered":"http:\/\/www.libraria-occitana.org\/all-products\/la-didi?lang=oc"},"modified":"2026-04-17T23:51:43","modified_gmt":"2026-04-17T21:51:43","slug":"la-didi","status":"publish","type":"product","link":"https:\/\/www.libraria-occitana.org\/oc\/produch\/la-didi\/","title":{"rendered":"La Didi"},"content":{"rendered":"<p>Les souvenirs d\u2019une petite paysanne de la r\u00e9gion de Saint-L\u00e9onard au d\u00e9but du XXe si\u00e8cle. Une vie sombre, pourrait-on penser, vue d\u2019aujourd\u2019hui, une vie qui n\u00e9anmoins ne se sent pas malheureuse, qui entre les larmes sait tr\u00e8s bien faire \u00e9clater le rire. Une vie forte o\u00f9 l\u2019on prend ce qui vient, f\u00fbt-ce violent (et \u00e7a l\u2019est souvent !), comme une \u00e9vidence et non sans regimber.<\/p>\n<p>La fille finira par aller \u00e0 Paris o\u00f9 elle ne trouvera qu\u2019ennui, l\u2019ennui qui la ram\u00e8nera au pays, gu\u00e9rie pour tout de bon de ce miroir aux alouettes.<\/p>\n<p>Ce beau texte, \u00e9crit en fran\u00e7ais, parut en 1931 aux <em>\u0152uvres libres<\/em>. Il fait partie de \u00ab Nouvelles paysannes et souvenirs d\u2019enfance, par Germaine (Existence) et C\u00e9line Coupet \u00bb, \u00e9dit\u00e9 par Plein Chant, 16120 Bassac, en 2006.<\/p>\n<p>L\u2019occitan du Limousin s\u2019y sentait tant comme en filigrane que Jan dau Melhau eut l\u2019id\u00e9e et l\u2019envie de le rendre \u00e0 sa langue naturelle. Si beau f\u00fbt-il d\u00e9j\u00e0 en fran\u00e7ais, nous pensons qu\u2019il y a gagn\u00e9.<\/p>\n<p><strong>Colleccion \u00ab N\u00f2stre monde \u00bb :<\/strong><br \/>\nNotre monde, nos gens, les n\u00f4tres, chez nous\u2026 Souvenirs, t\u00e9moignages, une bonne tranche de vie, une miette seulement, un \u00e9v\u00e9nement, le quotidien, la personne, la maison, le lignage, tout ce qui fait m\u00e9moire d\u2019\u00eatre humain (mais pourquoi pas le chien, la vache !), de grande allure ou de petite, ce qui finit, eh oui, par faire la m\u00e9moire d\u2019un pays. N\u00f2stre monde en tricotera livres et brochures, pourvu qu\u2019ils aient le ton juste, qu\u2019ils soient n\u00e9cessaires.<\/p>\n","protected":false},"excerpt":{"rendered":"<p>Les souvenirs d\u2019une petite paysanne de la r\u00e9gion de Saint-L\u00e9onard au d\u00e9but du XXe si\u00e8cle. Une vie sombre, pourrait-on penser, vue d\u2019aujourd\u2019hui, une vie qui n\u00e9anmoins ne se sent pas malheureuse, qui entre les larmes sait tr\u00e8s bien faire \u00e9clater le rire. Une vie forte o\u00f9 l\u2019on prend ce qui vient, f\u00fbt-ce violent (et \u00e7a [&hellip;]<\/p>\n","protected":false},"featured_media":18326,"template":"","meta":{"_acf_changed":false,"_genesis_hide_title":false,"_genesis_hide_breadcrumbs":false,"_genesis_hide_singular_image":false,"_genesis_hide_footer_widgets":false,"_genesis_custom_body_class":"","_genesis_custom_post_class":"","_genesis_layout":""},"product_brand":[],"product_cat":[7133,7175,7183],"product_tag":[],"class_list":{"0":"post-18325","1":"product","2":"type-product","3":"status-publish","4":"has-post-thumbnail","6":"product_cat-libres-oc","7":"product_cat-literatura-oc","8":"product_cat-romans-novelas-oc","9":"pa_auteur-copet-germana-existence-oc","10":"pa_editeur-lo-chamin-de-sent-jaume-oc","11":"pa_langue-occitan-oc","12":"pa_langue-occitan-lemosin-oc","13":"entry","15":"first","16":"instock","17":"shipping-taxable","18":"purchasable","19":"product-type-simple"},"acf":[],"_links":{"self":[{"href":"https:\/\/www.libraria-occitana.org\/oc\/wp-json\/wp\/v2\/product\/18325","targetHints":{"allow":["GET"]}}],"collection":[{"href":"https:\/\/www.libraria-occitana.org\/oc\/wp-json\/wp\/v2\/product"}],"about":[{"href":"https:\/\/www.libraria-occitana.org\/oc\/wp-json\/wp\/v2\/types\/product"}],"wp:featuredmedia":[{"embeddable":true,"href":"https:\/\/www.libraria-occitana.org\/oc\/wp-json\/wp\/v2\/media\/18326"}],"wp:attachment":[{"href":"https:\/\/www.libraria-occitana.org\/oc\/wp-json\/wp\/v2\/media?parent=18325"}],"wp:term":[{"taxonomy":"product_brand","embeddable":true,"href":"https:\/\/www.libraria-occitana.org\/oc\/wp-json\/wp\/v2\/product_brand?post=18325"},{"taxonomy":"product_cat","embeddable":true,"href":"https:\/\/www.libraria-occitana.org\/oc\/wp-json\/wp\/v2\/product_cat?post=18325"},{"taxonomy":"product_tag","embeddable":true,"href":"https:\/\/www.libraria-occitana.org\/oc\/wp-json\/wp\/v2\/product_tag?post=18325"}],"curies":[{"name":"wp","href":"https:\/\/api.w.org\/{rel}","templated":true}]}}