{"id":18331,"date":"2007-02-01T09:40:38","date_gmt":"2007-02-01T08:40:38","guid":{"rendered":"http:\/\/www.libraria-occitana.org\/all-products\/ai-vist-lo-lop-etc-2?lang=oc"},"modified":"2026-04-17T02:01:33","modified_gmt":"2026-04-17T00:01:33","slug":"ai-vist-lo-lop-etc-2","status":"publish","type":"product","link":"https:\/\/www.libraria-occitana.org\/oc\/produch\/ai-vist-lo-lop-etc-2\/","title":{"rendered":"Ai vist lo lop, etc."},"content":{"rendered":"<p>142 airs de danse ou de marche limousins pour accord\u00e9on diatonique, chabrette ou autre cornemuse du centre, vielle \u00e0 roue, violon&#8230;<\/p>\n<p>Sur ce CD de travail, vous entendrez le collectage, suivi d&#8217;une r\u00e9interpr\u00e9tation musicale par des \u00e9l\u00e8ves du D\u00e9partement Musique Traditionnelle du Conservatoire de Limoges.<\/p>\n<p>Ce CD peut \u00eatre compl\u00e9t\u00e9 par le livre <a href=\"http:\/\/www.libraria-occitana.org\/produit\/ai-vist-lo-lop-etc\/\">Ai vist lo lop, etc.<\/a><\/p>\n","protected":false},"excerpt":{"rendered":"<p>142 airs de danse ou de marche limousins pour accord\u00e9on diatonique, chabrette ou autre cornemuse du centre, vielle \u00e0 roue, violon&#8230; Sur ce CD de travail, vous entendrez le collectage, suivi d&#8217;une r\u00e9interpr\u00e9tation musicale par des \u00e9l\u00e8ves du D\u00e9partement Musique Traditionnelle du Conservatoire de Limoges. Ce CD peut \u00eatre compl\u00e9t\u00e9 par le livre Ai vist [&hellip;]<\/p>\n","protected":false},"featured_media":18332,"template":"","meta":{"_acf_changed":false,"_genesis_hide_title":false,"_genesis_hide_breadcrumbs":false,"_genesis_hide_singular_image":false,"_genesis_hide_footer_widgets":false,"_genesis_custom_body_class":"","_genesis_custom_post_class":"","_genesis_layout":""},"product_brand":[],"product_cat":[16683,7237],"product_tag":[],"class_list":{"0":"post-18331","1":"product","2":"type-product","3":"status-publish","4":"has-post-thumbnail","6":"product_cat-musica-oc","7":"product_cat-tradicion-oc","8":"pa_auteur-collectiu-oc-2","9":"pa_auteur-etay-francesa-oc","10":"pa_editeur-la-trad-bande-oc","11":"pa_langue-francais-oc","12":"pa_langue-occitan-oc","13":"pa_langue-occitan-lemosin-oc","14":"entry","16":"first","17":"instock","18":"shipping-taxable","19":"purchasable","20":"product-type-simple"},"acf":[],"_links":{"self":[{"href":"https:\/\/www.libraria-occitana.org\/oc\/wp-json\/wp\/v2\/product\/18331","targetHints":{"allow":["GET"]}}],"collection":[{"href":"https:\/\/www.libraria-occitana.org\/oc\/wp-json\/wp\/v2\/product"}],"about":[{"href":"https:\/\/www.libraria-occitana.org\/oc\/wp-json\/wp\/v2\/types\/product"}],"wp:featuredmedia":[{"embeddable":true,"href":"https:\/\/www.libraria-occitana.org\/oc\/wp-json\/wp\/v2\/media\/18332"}],"wp:attachment":[{"href":"https:\/\/www.libraria-occitana.org\/oc\/wp-json\/wp\/v2\/media?parent=18331"}],"wp:term":[{"taxonomy":"product_brand","embeddable":true,"href":"https:\/\/www.libraria-occitana.org\/oc\/wp-json\/wp\/v2\/product_brand?post=18331"},{"taxonomy":"product_cat","embeddable":true,"href":"https:\/\/www.libraria-occitana.org\/oc\/wp-json\/wp\/v2\/product_cat?post=18331"},{"taxonomy":"product_tag","embeddable":true,"href":"https:\/\/www.libraria-occitana.org\/oc\/wp-json\/wp\/v2\/product_tag?post=18331"}],"curies":[{"name":"wp","href":"https:\/\/api.w.org\/{rel}","templated":true}]}}