{"id":18365,"date":"2007-01-01T09:51:43","date_gmt":"2007-01-01T08:51:43","guid":{"rendered":"http:\/\/www.libraria-occitana.org\/all-products\/aime-lacapelle-tome-4-betes-a-bon-diou?lang=oc"},"modified":"2026-04-17T22:27:07","modified_gmt":"2026-04-17T20:27:07","slug":"aime-lacapelle-tome-4-betes-a-bon-diou","status":"publish","type":"product","link":"https:\/\/www.libraria-occitana.org\/oc\/produch\/aime-lacapelle-tome-4-betes-a-bon-diou\/","title":{"rendered":"Aim\u00e9 Lacapelle Tome 4 : B\u00eates \u00e0 bon diou"},"content":{"rendered":"<p>Aim\u00e9 Lacapelle, agriculteur du Tarn, est le meilleur \u00e9l\u00e9ment de la police agricole, un as du BIT (Bureau d&#8217;Investigation Tarnais), corps d&#8217;\u00e9lite dot\u00e9 de tracteurs, charg\u00e9 de surveiller les campagnes du Sud-Ouest afin d&#8217;\u00e9viter la d\u00e9rive et les mauvaises choses de la ville.<\/p>\n<p><strong>Sommaire :<\/strong><br \/>\n&#8211; Le don de Coucarel<br \/>\n&#8211; Lacapelle contre Capelet<br \/>\n&#8211; Le dossier Infrrractus<br \/>\n&#8211; Romuald et Odette<br \/>\n&#8211; B\u00eates \u00e0 bon diou<br \/>\n&#8211; Les libellules du Cagassou<br \/>\n&#8211; R\u00e9v\u00e9lations<br \/>\n&#8211; Poulet vaudou<\/p>\n","protected":false},"excerpt":{"rendered":"<p>Aim\u00e9 Lacapelle, agriculteur du Tarn, est le meilleur \u00e9l\u00e9ment de la police agricole, un as du BIT (Bureau d&#8217;Investigation Tarnais), corps d&#8217;\u00e9lite dot\u00e9 de tracteurs, charg\u00e9 de surveiller les campagnes du Sud-Ouest afin d&#8217;\u00e9viter la d\u00e9rive et les mauvaises choses de la ville. Sommaire : &#8211; Le don de Coucarel &#8211; Lacapelle contre Capelet &#8211; [&hellip;]<\/p>\n","protected":false},"featured_media":36489,"template":"","meta":{"_acf_changed":false,"_genesis_hide_title":false,"_genesis_hide_breadcrumbs":false,"_genesis_hide_singular_image":false,"_genesis_hide_footer_widgets":false,"_genesis_custom_body_class":"","_genesis_custom_post_class":"","_genesis_layout":""},"product_brand":[],"product_cat":[7169,7165,7133],"product_tag":[],"class_list":{"0":"post-18365","1":"product","2":"type-product","3":"status-publish","4":"has-post-thumbnail","6":"product_cat-benda-dessenhada-oc","7":"product_cat-jounessa-bd-umor","8":"product_cat-libres-oc","9":"pa_auteur-ferri-jean-yves-fr-oc","10":"pa_editeur-fluide-glacial-oc","11":"pa_illustrateur-larcenet-pat-oc","12":"pa_langue-francais-oc","13":"entry","15":"first","16":"outofstock","17":"shipping-taxable","18":"purchasable","19":"product-type-simple"},"acf":[],"_links":{"self":[{"href":"https:\/\/www.libraria-occitana.org\/oc\/wp-json\/wp\/v2\/product\/18365","targetHints":{"allow":["GET"]}}],"collection":[{"href":"https:\/\/www.libraria-occitana.org\/oc\/wp-json\/wp\/v2\/product"}],"about":[{"href":"https:\/\/www.libraria-occitana.org\/oc\/wp-json\/wp\/v2\/types\/product"}],"wp:featuredmedia":[{"embeddable":true,"href":"https:\/\/www.libraria-occitana.org\/oc\/wp-json\/wp\/v2\/media\/36489"}],"wp:attachment":[{"href":"https:\/\/www.libraria-occitana.org\/oc\/wp-json\/wp\/v2\/media?parent=18365"}],"wp:term":[{"taxonomy":"product_brand","embeddable":true,"href":"https:\/\/www.libraria-occitana.org\/oc\/wp-json\/wp\/v2\/product_brand?post=18365"},{"taxonomy":"product_cat","embeddable":true,"href":"https:\/\/www.libraria-occitana.org\/oc\/wp-json\/wp\/v2\/product_cat?post=18365"},{"taxonomy":"product_tag","embeddable":true,"href":"https:\/\/www.libraria-occitana.org\/oc\/wp-json\/wp\/v2\/product_tag?post=18365"}],"curies":[{"name":"wp","href":"https:\/\/api.w.org\/{rel}","templated":true}]}}